{"id":9403,"date":"2025-07-07T03:13:09","date_gmt":"2025-07-07T03:13:09","guid":{"rendered":"https:\/\/imiapower.com\/?post_type=product&#038;p=9403"},"modified":"2025-07-07T03:13:10","modified_gmt":"2025-07-07T03:13:10","slug":"bulk-travel-usb-adapters-17w","status":"publish","type":"product","link":"https:\/\/imiapower.com\/vi\/products\/travel-adapter\/bulk-travel-usb-adapters-17w\/","title":{"rendered":"B\u1ed9 chuy\u1ec3n \u0111\u1ed5i USB du l\u1ecbch \u0111a n\u0103ng 17W \u2013 B\u1ed9 chuy\u1ec3n \u0111\u1ed5i USB du l\u1ecbch s\u1ed1 l\u01b0\u1ee3ng l\u1edbn cho doanh nghi\u1ec7p v\u00e0 qu\u00e0 t\u1eb7ng"},"content":{"rendered":"<ul>\n<li><strong>B\u1ed9 chuy\u1ec3n \u0111\u1ed5i USB du l\u1ecbch s\u1ed1 l\u01b0\u1ee3ng l\u1edbn<\/strong><\/li>\n<li><strong>\u0110i\u1ec7n \u00e1p \u0111\u1ea7u v\u00e0o:<\/strong> 110~250V\/AC 50-60Hz<\/li>\n<li><strong>\u0110\u1ea7u ra AC: <\/strong>T\u1ed1i \u0111a 10A (1000W\/100V ho\u1eb7c 2400W\/240V)<\/li>\n<li><strong>\u0110\u1ea7u ra USB \u0111\u01a1n:<\/strong> 5V 3.4A (T\u1ed1i \u0111a 17W)<\/li>\n<li><strong>\u0110\u1ea7u ra lo\u1ea1i C \u0111\u01a1n:<\/strong>5V 3.4A (T\u1ed1i \u0111a 17W)<\/li>\n<li><strong>\u0110\u1ea7u ra USB+Type C:<\/strong> 5V3A (T\u1ed1i \u0111a 15W)<\/li>\n<li><strong>K\u00edch c\u1ee1 :<\/strong>74*50.5*53.9mm<\/li>\n<li><strong>V\u1eadt li\u1ec7u :<\/strong> PC nung + kim lo\u1ea1i \u0111\u1ed3ng<\/li>\n<li><strong>Gi\u1ea5y ch\u1ee9ng nh\u1eadn :<\/strong> FCC, CE<\/li>\n<\/ul>","protected":false},"excerpt":{"rendered":"<p>B\u1ed9 chuy\u1ec3n \u0111\u1ed5i USB du l\u1ecbch \u0111a n\u0103ng 17W \u0111\u01b0\u1ee3c thi\u1ebft k\u1ebf d\u00e0nh cho nh\u1eefng ng\u01b0\u1eddi \u0111i du l\u1ecbch v\u00e0 doanh nghi\u1ec7p tr\u00ean to\u00e0n c\u1ea7u \u0111ang t\u00ecm ki\u1ebfm gi\u1ea3i ph\u00e1p s\u1ea1c \u0111\u00e1ng tin c\u1eady v\u1edbi s\u1ed1 l\u01b0\u1ee3ng l\u1edbn.<\/p>\n<p>V\u1edbi 2 c\u1ed5ng USB-A v\u00e0 2 c\u1ed5ng USB-C t\u01b0\u01a1ng th\u00edch v\u1edbi ph\u00edch c\u1eafm US\/UK\/AUS\/EU, s\u1ea3n ph\u1ea9m \u0111\u1ea3m b\u1ea3o s\u1ea1c nhanh v\u00e0 an to\u00e0n tr\u00ean to\u00e0n th\u1ebf gi\u1edbi, r\u1ea5t l\u00fd t\u01b0\u1edfng \u0111\u1ec3 b\u00e1n bu\u00f4n, l\u00e0m qu\u00e0 t\u1eb7ng doanh nghi\u1ec7p ho\u1eb7c b\u00e1n l\u1ea1i<\/p>","protected":false},"featured_media":9404,"comment_status":"open","ping_status":"closed","template":"","meta":{"rank_math_lock_modified_date":false,"site-sidebar-layout":"default","site-content-layout":"","ast-site-content-layout":"default","site-content-style":"default","site-sidebar-style":"default","ast-global-header-display":"","ast-banner-title-visibility":"","ast-main-header-display":"","ast-hfb-above-header-display":"","ast-hfb-below-header-display":"","ast-hfb-mobile-header-display":"","site-post-title":"","ast-breadcrumbs-content":"","ast-featured-img":"","footer-sml-layout":"","ast-disable-related-posts":"","theme-transparent-header-meta":"default","adv-header-id-meta":"","stick-header-meta":"","header-above-stick-meta":"","header-main-stick-meta":"","header-below-stick-meta":"","astra-migrate-meta-layouts":"set","ast-page-background-enabled":"default","ast-page-background-meta":{"desktop":{"background-color":"","background-image":"","background-repeat":"repeat","background-position":"center center","background-size":"auto","background-attachment":"scroll","background-type":"","background-media":"","overlay-type":"","overlay-color":"","overlay-opacity":"","overlay-gradient":""},"tablet":{"background-color":"","background-image":"","background-repeat":"repeat","background-position":"center center","background-size":"auto","background-attachment":"scroll","background-type":"","background-media":"","overlay-type":"","overlay-color":"","overlay-opacity":"","overlay-gradient":""},"mobile":{"background-color":"","background-image":"","background-repeat":"repeat","background-position":"center center","background-size":"auto","background-attachment":"scroll","background-type":"","background-media":"","overlay-type":"","overlay-color":"","overlay-opacity":"","overlay-gradient":""}},"ast-content-background-meta":{"desktop":{"background-color":"var(--ast-global-color-5)","background-image":"","background-repeat":"repeat","background-position":"center center","background-size":"auto","background-attachment":"scroll","background-type":"","background-media":"","overlay-type":"","overlay-color":"","overlay-opacity":"","overlay-gradient":""},"tablet":{"background-color":"var(--ast-global-color-5)","background-image":"","background-repeat":"repeat","background-position":"center center","background-size":"auto","background-attachment":"scroll","background-type":"","background-media":"","overlay-type":"","overlay-color":"","overlay-opacity":"","overlay-gradient":""},"mobile":{"background-color":"var(--ast-global-color-5)","background-image":"","background-repeat":"repeat","background-position":"center center","background-size":"auto","background-attachment":"scroll","background-type":"","background-media":"","overlay-type":"","overlay-color":"","overlay-opacity":"","overlay-gradient":""}}},"product_cat":[64],"product_tag":[],"class_list":{"0":"post-9403","1":"product","2":"type-product","3":"status-publish","4":"has-post-thumbnail","6":"product_cat-travel-adapter","7":"desktop-align-center","8":"tablet-align-center","9":"mobile-align-center","11":"first","12":"instock","13":"shipping-taxable","14":"product-type-simple"},"_links":{"self":[{"href":"https:\/\/imiapower.com\/vi\/wp-json\/wp\/v2\/product\/9403","targetHints":{"allow":["GET"]}}],"collection":[{"href":"https:\/\/imiapower.com\/vi\/wp-json\/wp\/v2\/product"}],"about":[{"href":"https:\/\/imiapower.com\/vi\/wp-json\/wp\/v2\/types\/product"}],"replies":[{"embeddable":true,"href":"https:\/\/imiapower.com\/vi\/wp-json\/wp\/v2\/comments?post=9403"}],"version-history":[{"count":2,"href":"https:\/\/imiapower.com\/vi\/wp-json\/wp\/v2\/product\/9403\/revisions"}],"predecessor-version":[{"id":9411,"href":"https:\/\/imiapower.com\/vi\/wp-json\/wp\/v2\/product\/9403\/revisions\/9411"}],"wp:featuredmedia":[{"embeddable":true,"href":"https:\/\/imiapower.com\/vi\/wp-json\/wp\/v2\/media\/9404"}],"wp:attachment":[{"href":"https:\/\/imiapower.com\/vi\/wp-json\/wp\/v2\/media?parent=9403"}],"wp:term":[{"taxonomy":"product_cat","embeddable":true,"href":"https:\/\/imiapower.com\/vi\/wp-json\/wp\/v2\/product_cat?post=9403"},{"taxonomy":"product_tag","embeddable":true,"href":"https:\/\/imiapower.com\/vi\/wp-json\/wp\/v2\/product_tag?post=9403"}],"curies":[{"name":"trang web","href":"https:\/\/api.w.org\/{rel}","templated":true}]}}