{"id":9431,"date":"2025-07-12T07:00:15","date_gmt":"2025-07-12T07:00:15","guid":{"rendered":"https:\/\/imiapower.com\/?post_type=product&#038;p=9431"},"modified":"2025-07-12T07:03:42","modified_gmt":"2025-07-12T07:03:42","slug":"30w-car-charger-with-usb-c","status":"publish","type":"product","link":"https:\/\/imiapower.com\/vi\/products\/car-charger\/30w-car-charger-with-usb-c\/","title":{"rendered":"B\u1ed9 s\u1ea1c \u00f4 t\u00f4 30W v\u1edbi USB-C PD v\u00e0 hai c\u1ed5ng USB-A | S\u1ea1c nhanh"},"content":{"rendered":"<ul>\n<li><strong>B\u1ed9 s\u1ea1c \u00f4 t\u00f4 c\u00f3 USB-C<\/strong><\/li>\n<li><strong>\u0110\u1ea7u v\u00e0o:<\/strong> DC12-24V<\/li>\n<li><strong>\u0110\u1ea7u ra USB-A1&amp;A2:<\/strong> T\u1ed1i \u0111a 12W 5V2.4A<\/li>\n<li><strong>USB-C: T\u1ed1i \u0111a 18W:<\/strong> 12V1.5A \/ 9V2A \/ 5V3A<\/li>\n<li><strong>T\u1ed5ng s\u1ea3n l\u01b0\u1ee3ng:<\/strong> T\u1ed1i \u0111a 30W: USB-A1&amp;A2: 5V2.4A USB-C: 12V1.5A \/ 9V2A \/ 5V3A<\/li>\n<li><strong>V\u1eadt li\u1ec7u:<\/strong> H\u1ee3p kim nh\u00f4m, PC ch\u1ed1ng ch\u00e1y kh\u00f4ng ch\u1ee9a halogen, PCBA<\/li>\n<li><strong>Ch\u1ee9ng nh\u1eadn:<\/strong> CE\/FCC\/ROHS<\/li>\n<li><strong>K\u00edch c\u1ee1:<\/strong> 25,2*41,2*65,3mm<\/li>\n<li><strong>D\u1eabn \u0111\u1ebfn:<\/strong> \u00c1nh s\u00e1ng xanh<\/li>\n<\/ul>","protected":false},"excerpt":{"rendered":"<p>B\u1ed9 s\u1ea1c \u00f4 t\u00f4 3 c\u1ed5ng nh\u1ecf g\u1ecdn (USB-C + 2 c\u1ed5ng USB-A) v\u1edbi c\u00f4ng su\u1ea5t t\u1ed1i \u0111a 30W. H\u1ed7 tr\u1ee3 s\u1ea1c nhanh cho \u0111i\u1ec7n tho\u1ea1i v\u00e0 m\u00e1y t\u00ednh b\u1ea3ng. V\u1ecf ch\u1ed1ng ch\u00e1y v\u1edbi \u0111\u00e8n LED xanh.<\/p>\n<p><img fetchpriority=\"high\" decoding=\"async\" class=\"alignnone wp-image-9433 size-full\" src=\"https:\/\/imiapower.com\/wp-content\/uploads\/converted-2-6.webp\" alt=\"B\u1ed9 s\u1ea1c \u00f4 t\u00f4 c\u00f3 USB-C\" width=\"730\" height=\"410\" srcset=\"https:\/\/imiapower.com\/wp-content\/uploads\/converted-2-6.webp 730w, https:\/\/imiapower.com\/wp-content\/uploads\/converted-2-6-300x168.webp 300w, https:\/\/imiapower.com\/wp-content\/uploads\/converted-2-6-18x10.webp 18w, https:\/\/imiapower.com\/wp-content\/uploads\/converted-2-6-600x337.webp 600w, https:\/\/imiapower.com\/wp-content\/uploads\/converted-2-6-64x36.webp 64w\" sizes=\"(max-width: 730px) 100vw, 730px\" \/><\/p>","protected":false},"featured_media":9434,"comment_status":"open","ping_status":"closed","template":"","meta":{"rank_math_lock_modified_date":false,"site-sidebar-layout":"default","site-content-layout":"","ast-site-content-layout":"default","site-content-style":"default","site-sidebar-style":"default","ast-global-header-display":"","ast-banner-title-visibility":"","ast-main-header-display":"","ast-hfb-above-header-display":"","ast-hfb-below-header-display":"","ast-hfb-mobile-header-display":"","site-post-title":"","ast-breadcrumbs-content":"","ast-featured-img":"","footer-sml-layout":"","ast-disable-related-posts":"","theme-transparent-header-meta":"default","adv-header-id-meta":"","stick-header-meta":"","header-above-stick-meta":"","header-main-stick-meta":"","header-below-stick-meta":"","astra-migrate-meta-layouts":"set","ast-page-background-enabled":"default","ast-page-background-meta":{"desktop":{"background-color":"","background-image":"","background-repeat":"repeat","background-position":"center center","background-size":"auto","background-attachment":"scroll","background-type":"","background-media":"","overlay-type":"","overlay-color":"","overlay-opacity":"","overlay-gradient":""},"tablet":{"background-color":"","background-image":"","background-repeat":"repeat","background-position":"center center","background-size":"auto","background-attachment":"scroll","background-type":"","background-media":"","overlay-type":"","overlay-color":"","overlay-opacity":"","overlay-gradient":""},"mobile":{"background-color":"","background-image":"","background-repeat":"repeat","background-position":"center center","background-size":"auto","background-attachment":"scroll","background-type":"","background-media":"","overlay-type":"","overlay-color":"","overlay-opacity":"","overlay-gradient":""}},"ast-content-background-meta":{"desktop":{"background-color":"var(--ast-global-color-5)","background-image":"","background-repeat":"repeat","background-position":"center center","background-size":"auto","background-attachment":"scroll","background-type":"","background-media":"","overlay-type":"","overlay-color":"","overlay-opacity":"","overlay-gradient":""},"tablet":{"background-color":"var(--ast-global-color-5)","background-image":"","background-repeat":"repeat","background-position":"center center","background-size":"auto","background-attachment":"scroll","background-type":"","background-media":"","overlay-type":"","overlay-color":"","overlay-opacity":"","overlay-gradient":""},"mobile":{"background-color":"var(--ast-global-color-5)","background-image":"","background-repeat":"repeat","background-position":"center center","background-size":"auto","background-attachment":"scroll","background-type":"","background-media":"","overlay-type":"","overlay-color":"","overlay-opacity":"","overlay-gradient":""}}},"product_cat":[41],"product_tag":[],"class_list":{"0":"post-9431","1":"product","2":"type-product","3":"status-publish","4":"has-post-thumbnail","6":"product_cat-car-charger","7":"desktop-align-center","8":"tablet-align-center","9":"mobile-align-center","11":"first","12":"instock","13":"shipping-taxable","14":"product-type-simple"},"_links":{"self":[{"href":"https:\/\/imiapower.com\/vi\/wp-json\/wp\/v2\/product\/9431","targetHints":{"allow":["GET"]}}],"collection":[{"href":"https:\/\/imiapower.com\/vi\/wp-json\/wp\/v2\/product"}],"about":[{"href":"https:\/\/imiapower.com\/vi\/wp-json\/wp\/v2\/types\/product"}],"replies":[{"embeddable":true,"href":"https:\/\/imiapower.com\/vi\/wp-json\/wp\/v2\/comments?post=9431"}],"version-history":[{"count":3,"href":"https:\/\/imiapower.com\/vi\/wp-json\/wp\/v2\/product\/9431\/revisions"}],"predecessor-version":[{"id":9438,"href":"https:\/\/imiapower.com\/vi\/wp-json\/wp\/v2\/product\/9431\/revisions\/9438"}],"wp:featuredmedia":[{"embeddable":true,"href":"https:\/\/imiapower.com\/vi\/wp-json\/wp\/v2\/media\/9434"}],"wp:attachment":[{"href":"https:\/\/imiapower.com\/vi\/wp-json\/wp\/v2\/media?parent=9431"}],"wp:term":[{"taxonomy":"product_cat","embeddable":true,"href":"https:\/\/imiapower.com\/vi\/wp-json\/wp\/v2\/product_cat?post=9431"},{"taxonomy":"product_tag","embeddable":true,"href":"https:\/\/imiapower.com\/vi\/wp-json\/wp\/v2\/product_tag?post=9431"}],"curies":[{"name":"trang web","href":"https:\/\/api.w.org\/{rel}","templated":true}]}}