{"id":9439,"date":"2025-07-12T07:30:40","date_gmt":"2025-07-12T07:30:40","guid":{"rendered":"https:\/\/imiapower.com\/?post_type=product&#038;p=9439"},"modified":"2025-07-14T09:22:54","modified_gmt":"2025-07-14T09:22:54","slug":"30w-car-usb-adapter-pd-cable","status":"publish","type":"product","link":"https:\/\/imiapower.com\/vi\/products\/car-charger\/30w-car-usb-adapter-pd-cable\/","title":{"rendered":"B\u1ed9 chuy\u1ec3n \u0111\u1ed5i USB tr\u00ean \u00f4 t\u00f4 30W k\u00e8m c\u00e1p s\u1ea1c nhanh PD | USB-A + USB-C"},"content":{"rendered":"<ul>\n<li><strong>B\u1ed9 chuy\u1ec3n \u0111\u1ed5i USB tr\u00ean \u00f4 t\u00f4<\/strong><\/li>\n<li><strong>\u0110\u1ea7u v\u00e0o:<\/strong>DC12-24V<\/li>\n<li><strong>\u0110\u1ea7u ra USB-A:<\/strong>T\u1ed1i \u0111a 12W 5V2.4A<\/li>\n<li><strong>C\u00e1p PD 18W T\u1ed1i \u0111a:<\/strong>12V1.5A \/ 9V2A \/ 5V3A<\/li>\n<li><strong>T\u1ed5ng s\u1ea3n l\u01b0\u1ee3ng: <\/strong>T\u1ed1i \u0111a 30W: USB-A: 5V2.4A USB-C\/Lightning: 12V1.5A \/ 9V2A \/ 5V3A<\/li>\n<li><strong>K\u00edch c\u1ee1:<\/strong>C\u00e1p 25,2*41,2*65,3mm 1,5m<\/li>\n<li><strong>D\u1eabn \u0111\u1ebfn:<\/strong>\u00c1nh s\u00e1ng xanh<\/li>\n<\/ul>","protected":false},"excerpt":{"rendered":"<p><img fetchpriority=\"high\" decoding=\"async\" class=\"alignnone wp-image-9442 size-full\" src=\"https:\/\/imiapower.com\/wp-content\/uploads\/converted-3-6.webp\" alt=\"B\u1ed9 chuy\u1ec3n \u0111\u1ed5i USB tr\u00ean \u00f4 t\u00f4\" width=\"667\" height=\"374\" srcset=\"https:\/\/imiapower.com\/wp-content\/uploads\/converted-3-6.webp 667w, https:\/\/imiapower.com\/wp-content\/uploads\/converted-3-6-300x168.webp 300w, https:\/\/imiapower.com\/wp-content\/uploads\/converted-3-6-18x10.webp 18w, https:\/\/imiapower.com\/wp-content\/uploads\/converted-3-6-600x336.webp 600w, https:\/\/imiapower.com\/wp-content\/uploads\/converted-3-6-64x36.webp 64w\" sizes=\"(max-width: 667px) 100vw, 667px\" \/><\/p>\n<p>B\u1ed9 chuy\u1ec3n \u0111\u1ed5i USB tr\u00ean \u00f4 t\u00f4 30W n\u00e0y c\u00f3 m\u1ed9t c\u1ed5ng USB-A v\u00e0 c\u00e1p s\u1ea1c nhanh PD 1,5 m\u00e9t t\u00edch h\u1ee3p v\u1edbi USB-C.<\/p>\n<p>\u0110\u01b0\u1ee3c thi\u1ebft k\u1ebf cho xe 12V\u201324V, s\u1ea3n ph\u1ea9m cung c\u1ea5p t\u1ed5ng c\u00f4ng su\u1ea5t \u0111\u1ea7u ra l\u00ean t\u1edbi 30W \u2014 USB-A h\u1ed7 tr\u1ee3 5V\/2,4A (12W) v\u00e0 c\u00e1p PD cung c\u1ea5p c\u00f4ng su\u1ea5t \u0111\u1ea7u ra t\u1ed1i \u0111a 18W v\u1edbi h\u1ed7 tr\u1ee3 5V\/3A, 9V\/2A v\u00e0 12V\/1,5A.<\/p>\n<p>Ho\u00e0n h\u1ea3o \u0111\u1ec3 s\u1ea1c \u0111i\u1ec7n tho\u1ea1i th\u00f4ng minh, m\u00e1y t\u00ednh b\u1ea3ng, m\u00e1y \u1ea3nh v\u00e0 c\u00e1c thi\u1ebft b\u1ecb di \u0111\u1ed9ng kh\u00e1c khi di chuy\u1ec3n.<\/p>\n<p>\u0110\u01b0\u1ee3c l\u00e0m t\u1eeb h\u1ee3p kim nh\u00f4m b\u1ec1n v\u00e0 PC ch\u1ed1ng ch\u00e1y kh\u00f4ng ch\u1ee9a halogen, s\u1ea3n ph\u1ea9m mang l\u1ea1i kh\u1ea3 n\u0103ng an to\u00e0n v\u00e0 kh\u1ea3 n\u0103ng ch\u1ecbu nhi\u1ec7t t\u1ed1t h\u01a1n.<\/p>\n<p>\u0110\u00e8n LED m\u00e0u xanh lam hi\u1ec3n th\u1ecb r\u00f5 r\u00e0ng tr\u1ea1ng th\u00e1i s\u1ea1c. L\u00fd t\u01b0\u1edfng cho c\u1ea3 xe \u0111\u1ed9i c\u00f4ng ty v\u00e0 xe du l\u1ecbch c\u00e1 nh\u00e2n.<\/p>\n<p>&nbsp;<\/p>","protected":false},"featured_media":9441,"comment_status":"open","ping_status":"closed","template":"","meta":{"rank_math_lock_modified_date":false,"site-sidebar-layout":"default","site-content-layout":"","ast-site-content-layout":"default","site-content-style":"default","site-sidebar-style":"default","ast-global-header-display":"","ast-banner-title-visibility":"","ast-main-header-display":"","ast-hfb-above-header-display":"","ast-hfb-below-header-display":"","ast-hfb-mobile-header-display":"","site-post-title":"","ast-breadcrumbs-content":"","ast-featured-img":"","footer-sml-layout":"","ast-disable-related-posts":"","theme-transparent-header-meta":"default","adv-header-id-meta":"","stick-header-meta":"","header-above-stick-meta":"","header-main-stick-meta":"","header-below-stick-meta":"","astra-migrate-meta-layouts":"set","ast-page-background-enabled":"default","ast-page-background-meta":{"desktop":{"background-color":"","background-image":"","background-repeat":"repeat","background-position":"center center","background-size":"auto","background-attachment":"scroll","background-type":"","background-media":"","overlay-type":"","overlay-color":"","overlay-opacity":"","overlay-gradient":""},"tablet":{"background-color":"","background-image":"","background-repeat":"repeat","background-position":"center center","background-size":"auto","background-attachment":"scroll","background-type":"","background-media":"","overlay-type":"","overlay-color":"","overlay-opacity":"","overlay-gradient":""},"mobile":{"background-color":"","background-image":"","background-repeat":"repeat","background-position":"center center","background-size":"auto","background-attachment":"scroll","background-type":"","background-media":"","overlay-type":"","overlay-color":"","overlay-opacity":"","overlay-gradient":""}},"ast-content-background-meta":{"desktop":{"background-color":"var(--ast-global-color-5)","background-image":"","background-repeat":"repeat","background-position":"center center","background-size":"auto","background-attachment":"scroll","background-type":"","background-media":"","overlay-type":"","overlay-color":"","overlay-opacity":"","overlay-gradient":""},"tablet":{"background-color":"var(--ast-global-color-5)","background-image":"","background-repeat":"repeat","background-position":"center center","background-size":"auto","background-attachment":"scroll","background-type":"","background-media":"","overlay-type":"","overlay-color":"","overlay-opacity":"","overlay-gradient":""},"mobile":{"background-color":"var(--ast-global-color-5)","background-image":"","background-repeat":"repeat","background-position":"center center","background-size":"auto","background-attachment":"scroll","background-type":"","background-media":"","overlay-type":"","overlay-color":"","overlay-opacity":"","overlay-gradient":""}}},"product_cat":[41],"product_tag":[],"class_list":{"0":"post-9439","1":"product","2":"type-product","3":"status-publish","4":"has-post-thumbnail","6":"product_cat-car-charger","7":"desktop-align-center","8":"tablet-align-center","9":"mobile-align-center","11":"first","12":"instock","13":"featured","14":"shipping-taxable","15":"product-type-simple"},"_links":{"self":[{"href":"https:\/\/imiapower.com\/vi\/wp-json\/wp\/v2\/product\/9439","targetHints":{"allow":["GET"]}}],"collection":[{"href":"https:\/\/imiapower.com\/vi\/wp-json\/wp\/v2\/product"}],"about":[{"href":"https:\/\/imiapower.com\/vi\/wp-json\/wp\/v2\/types\/product"}],"replies":[{"embeddable":true,"href":"https:\/\/imiapower.com\/vi\/wp-json\/wp\/v2\/comments?post=9439"}],"version-history":[{"count":1,"href":"https:\/\/imiapower.com\/vi\/wp-json\/wp\/v2\/product\/9439\/revisions"}],"predecessor-version":[{"id":9444,"href":"https:\/\/imiapower.com\/vi\/wp-json\/wp\/v2\/product\/9439\/revisions\/9444"}],"wp:featuredmedia":[{"embeddable":true,"href":"https:\/\/imiapower.com\/vi\/wp-json\/wp\/v2\/media\/9441"}],"wp:attachment":[{"href":"https:\/\/imiapower.com\/vi\/wp-json\/wp\/v2\/media?parent=9439"}],"wp:term":[{"taxonomy":"product_cat","embeddable":true,"href":"https:\/\/imiapower.com\/vi\/wp-json\/wp\/v2\/product_cat?post=9439"},{"taxonomy":"product_tag","embeddable":true,"href":"https:\/\/imiapower.com\/vi\/wp-json\/wp\/v2\/product_tag?post=9439"}],"curies":[{"name":"trang web","href":"https:\/\/api.w.org\/{rel}","templated":true}]}}