{"id":9460,"date":"2025-07-14T09:22:12","date_gmt":"2025-07-14T09:22:12","guid":{"rendered":"https:\/\/imiapower.com\/?post_type=product&#038;p=9460"},"modified":"2025-07-14T09:22:47","modified_gmt":"2025-07-14T09:22:47","slug":"universal-travel-outlet-35w","status":"publish","type":"product","link":"https:\/\/imiapower.com\/vi\/products\/travel-adapter\/universal-travel-outlet-35w\/","title":{"rendered":"\u1ed4 c\u1eafm du l\u1ecbch \u0111a n\u0103ng c\u00f3 c\u1ed5ng USB, USB-C PD 35W, \u1ed5 c\u1eafm AC \u2013 T\u01b0\u01a1ng th\u00edch to\u00e0n c\u1ea7u"},"content":{"rendered":"<ul>\n<li><strong>\u0110i\u1ec7n \u00e1p \u0111\u1ea7u v\u00e0o:<\/strong>110~250V\/AC 50-60Hz<\/li>\n<li><strong>\u0110\u1ea7u ra AC:<\/strong>T\u1ed1i \u0111a 10A (1000W\/100V ho\u1eb7c 2400W\/240V)<\/li>\n<li><strong>\u0110\u1ea7u ra USB:<\/strong> 5V3A\/9V2A\/12V 1.5A (T\u1ed1i \u0111a 18W)<\/li>\n<li><strong>\u0110\u1ea7u ra lo\u1ea1i C1:<\/strong>5V,3A 9V,3A 12V,2.91A 15V,2.33A 20V,1.75A (T\u1ed0I \u0110A 35W)<\/li>\n<li><strong>\u0110\u1ea7u ra lo\u1ea1i C2:<\/strong> 5V1A 5W<\/li>\n<li><strong>C\u00e1p C3\uff1a<\/strong>5V,3A 9V,3A 12V,2.91A 15V,2.33A 20V,1.75A (T\u1ed0I \u0110A 35W)<\/li>\n<li><strong>C1\/C2+C3:<\/strong> 20W+5W<\/li>\n<li><strong>C1+C2+C3+USB:<\/strong>20W+15W<\/li>\n<li><strong>C3+USB:<\/strong>5V3A<\/li>\n<li><strong>C\u00e2n n\u1eb7ng:<\/strong>248g<\/li>\n<li><strong>V\u1eadt li\u1ec7u :<\/strong> PC nung + kim lo\u1ea1i \u0111\u1ed3ng<\/li>\n<li><strong>Gi\u1ea5y ch\u1ee9ng nh\u1eadn :<\/strong> FCC, CE<\/li>\n<\/ul>","protected":false},"excerpt":{"rendered":"<p>Du l\u1ecbch th\u00f4ng minh h\u01a1n v\u1edbi \u1ed5 c\u1eafm du l\u1ecbch \u0111a n\u0103ng n\u00e0y, \u0111\u01b0\u1ee3c thi\u1ebft k\u1ebf \u0111\u1ec3 thu\u1eadn ti\u1ec7n, an to\u00e0n v\u00e0 nhanh ch\u00f3ng.<\/p>\n<p>T\u01b0\u01a1ng th\u00edch v\u1edbi ngu\u1ed3n \u0111i\u1ec7n \u0111\u1ea7u v\u00e0o 110\u2013250V AC v\u00e0 cung c\u1ea5p c\u00f4ng su\u1ea5t \u0111\u1ea7u ra l\u00ean t\u1edbi 2400W, b\u1ed9 chuy\u1ec3n \u0111\u1ed5i n\u00e0y l\u00fd t\u01b0\u1edfng cho nh\u1eefng chuy\u1ebfn du l\u1ecbch qu\u1ed1c t\u1ebf.<\/p>\n<p>Thi\u1ebft k\u1ebf nhi\u1ec1u c\u1ed5ng bao g\u1ed3m m\u1ed9t c\u1ed5ng USB-A (18W), hai c\u1ed5ng USB-C (C1 &amp; C2) v\u00e0 m\u1ed9t c\u00e1p t\u00edch h\u1ee3p (C3) v\u1edbi c\u00f4ng ngh\u1ec7 Power Delivery (PD) l\u00ean \u0111\u1ebfn 35W. S\u1ea1c \u0111\u1ed3ng th\u1eddi \u0111i\u1ec7n tho\u1ea1i th\u00f4ng minh, m\u00e1y t\u00ednh b\u1ea3ng, m\u00e1y t\u00ednh x\u00e1ch tay v\u00e0 c\u00e1c thi\u1ebft b\u1ecb \u0111i\u1ec7n t\u1eed kh\u00e1c.<\/p>","protected":false},"featured_media":9465,"comment_status":"open","ping_status":"closed","template":"","meta":{"rank_math_lock_modified_date":false,"site-sidebar-layout":"default","site-content-layout":"","ast-site-content-layout":"default","site-content-style":"default","site-sidebar-style":"default","ast-global-header-display":"","ast-banner-title-visibility":"","ast-main-header-display":"","ast-hfb-above-header-display":"","ast-hfb-below-header-display":"","ast-hfb-mobile-header-display":"","site-post-title":"","ast-breadcrumbs-content":"","ast-featured-img":"","footer-sml-layout":"","ast-disable-related-posts":"","theme-transparent-header-meta":"default","adv-header-id-meta":"","stick-header-meta":"","header-above-stick-meta":"","header-main-stick-meta":"","header-below-stick-meta":"","astra-migrate-meta-layouts":"set","ast-page-background-enabled":"default","ast-page-background-meta":{"desktop":{"background-color":"","background-image":"","background-repeat":"repeat","background-position":"center center","background-size":"auto","background-attachment":"scroll","background-type":"","background-media":"","overlay-type":"","overlay-color":"","overlay-opacity":"","overlay-gradient":""},"tablet":{"background-color":"","background-image":"","background-repeat":"repeat","background-position":"center center","background-size":"auto","background-attachment":"scroll","background-type":"","background-media":"","overlay-type":"","overlay-color":"","overlay-opacity":"","overlay-gradient":""},"mobile":{"background-color":"","background-image":"","background-repeat":"repeat","background-position":"center center","background-size":"auto","background-attachment":"scroll","background-type":"","background-media":"","overlay-type":"","overlay-color":"","overlay-opacity":"","overlay-gradient":""}},"ast-content-background-meta":{"desktop":{"background-color":"var(--ast-global-color-5)","background-image":"","background-repeat":"repeat","background-position":"center center","background-size":"auto","background-attachment":"scroll","background-type":"","background-media":"","overlay-type":"","overlay-color":"","overlay-opacity":"","overlay-gradient":""},"tablet":{"background-color":"var(--ast-global-color-5)","background-image":"","background-repeat":"repeat","background-position":"center center","background-size":"auto","background-attachment":"scroll","background-type":"","background-media":"","overlay-type":"","overlay-color":"","overlay-opacity":"","overlay-gradient":""},"mobile":{"background-color":"var(--ast-global-color-5)","background-image":"","background-repeat":"repeat","background-position":"center center","background-size":"auto","background-attachment":"scroll","background-type":"","background-media":"","overlay-type":"","overlay-color":"","overlay-opacity":"","overlay-gradient":""}}},"product_cat":[64],"product_tag":[],"class_list":{"0":"post-9460","1":"product","2":"type-product","3":"status-publish","4":"has-post-thumbnail","6":"product_cat-travel-adapter","7":"desktop-align-center","8":"tablet-align-center","9":"mobile-align-center","11":"first","12":"instock","13":"shipping-taxable","14":"product-type-simple"},"_links":{"self":[{"href":"https:\/\/imiapower.com\/vi\/wp-json\/wp\/v2\/product\/9460","targetHints":{"allow":["GET"]}}],"collection":[{"href":"https:\/\/imiapower.com\/vi\/wp-json\/wp\/v2\/product"}],"about":[{"href":"https:\/\/imiapower.com\/vi\/wp-json\/wp\/v2\/types\/product"}],"replies":[{"embeddable":true,"href":"https:\/\/imiapower.com\/vi\/wp-json\/wp\/v2\/comments?post=9460"}],"version-history":[{"count":1,"href":"https:\/\/imiapower.com\/vi\/wp-json\/wp\/v2\/product\/9460\/revisions"}],"predecessor-version":[{"id":9467,"href":"https:\/\/imiapower.com\/vi\/wp-json\/wp\/v2\/product\/9460\/revisions\/9467"}],"wp:featuredmedia":[{"embeddable":true,"href":"https:\/\/imiapower.com\/vi\/wp-json\/wp\/v2\/media\/9465"}],"wp:attachment":[{"href":"https:\/\/imiapower.com\/vi\/wp-json\/wp\/v2\/media?parent=9460"}],"wp:term":[{"taxonomy":"product_cat","embeddable":true,"href":"https:\/\/imiapower.com\/vi\/wp-json\/wp\/v2\/product_cat?post=9460"},{"taxonomy":"product_tag","embeddable":true,"href":"https:\/\/imiapower.com\/vi\/wp-json\/wp\/v2\/product_tag?post=9460"}],"curies":[{"name":"trang web","href":"https:\/\/api.w.org\/{rel}","templated":true}]}}