{"id":9473,"date":"2025-07-16T01:52:30","date_gmt":"2025-07-16T01:52:30","guid":{"rendered":"https:\/\/imiapower.com\/?post_type=product&#038;p=9473"},"modified":"2025-07-16T01:52:43","modified_gmt":"2025-07-16T01:52:43","slug":"pd-protocol-charger-20w","status":"publish","type":"product","link":"https:\/\/imiapower.com\/vi\/products\/wall-charger\/pd-protocol-charger-20w\/","title":{"rendered":"B\u1ed9 s\u1ea1c giao th\u1ee9c PD \u0111\u1ed5i m\u1edbi 20W \u2013 B\u1ed9 s\u1ea1c t\u01b0\u1eddng USB-C nhanh d\u1ec5 th\u01b0\u01a1ng cho iPhone Samsung"},"content":{"rendered":"<ul>\n<li><strong>b\u1ed9 s\u1ea1c giao th\u1ee9c pd<\/strong><\/li>\n<li><strong>\u0110\u1ea7u v\u00e0o:<\/strong>100~250V\/AC 50-60Hz<\/li>\n<li><strong>\u0110\u1ea7u ra:<\/strong>5V3A, 9V2.22A, 12V1.67A (T\u1ed1i \u0111a 20W)<\/li>\n<li><strong>V\u1eadt li\u1ec7u:<\/strong>m\u00e1y t\u00ednh<\/li>\n<li><strong>Gi\u1ea5y ch\u1ee9ng nh\u1eadn:<\/strong>FCC, CCC, RoHs<\/li>\n<\/ul>","protected":false},"excerpt":{"rendered":"<p>C\u00e1i n\u00e0y <strong data-start=\"663\" data-end=\"690\">B\u1ed9 s\u1ea1c giao th\u1ee9c PD 20W<\/strong> cung c\u1ea5p kh\u1ea3 n\u0103ng s\u1ea1c nhanh, \u1ed5n \u0111\u1ecbnh cho iPhone, Samsung v\u00e0 c\u00e1c thi\u1ebft b\u1ecb USB-C c\u1ee7a b\u1ea1n, \u0111\u01b0\u1ee3c thi\u1ebft k\u1ebf nh\u1ecf g\u1ecdn, xinh x\u1eafn, ho\u00e0n h\u1ea3o cho c\u00e1c c\u00f4 g\u00e1i tr\u1ebb y\u00eau th\u00edch c\u00f4ng ngh\u1ec7 s\u00e0nh \u0111i\u1ec7u.<\/p>\n<p>H\u1ed7 tr\u1ee3 <strong data-start=\"857\" data-end=\"897\">5V 3A, 9V 2.22A, 12V 1.67A (T\u1ed1i \u0111a 20W)<\/strong> \u0111\u1ea7u ra, n\u00f3 \u0111\u1ea3m b\u1ea3o cung c\u1ea5p \u0111i\u1ec7n hi\u1ec7u qu\u1ea3 d\u00f9 \u1edf nh\u00e0, tr\u01b0\u1eddng h\u1ecdc hay khi \u0111i du l\u1ecbch.<\/p>\n<p>\u0110\u01b0\u1ee3c ch\u1ebf t\u1ea1o b\u1eb1ng v\u1eadt li\u1ec7u PC ch\u1ed1ng ch\u00e1y v\u00e0 \u0111\u01b0\u1ee3c ch\u1ee9ng nh\u1eadn b\u1edfi <strong data-start=\"1037\" data-end=\"1059\">FCC, CCC v\u00e0 RoHS<\/strong>, s\u1ea3n ph\u1ea9m k\u1ebft h\u1ee3p gi\u1eefa t\u00ednh an to\u00e0n v\u00e0 thi\u1ebft k\u1ebf s\u00e1ng t\u1ea1o, khi\u1ebfn n\u00f3 tr\u1edf th\u00e0nh s\u1ea3n ph\u1ea9m thi\u1ebft y\u1ebfu h\u00e0ng ng\u00e0y cho nh\u1eefng ai mu\u1ed1n c\u00f3 b\u1ed9 s\u1ea1c nhanh ph\u00f9 h\u1ee3p v\u1edbi th\u1ea9m m\u1ef9 c\u1ee7a m\u00ecnh \u0111\u1ed3ng th\u1eddi gi\u00fap thi\u1ebft b\u1ecb lu\u00f4n s\u1eb5n s\u00e0ng cho m\u1ecdi kho\u1ea3nh kh\u1eafc.<\/p>\n<p><img fetchpriority=\"high\" decoding=\"async\" class=\"alignnone wp-image-9475 size-full\" src=\"https:\/\/imiapower.com\/wp-content\/uploads\/converted-2-10.webp\" alt=\"b\u1ed9 s\u1ea1c giao th\u1ee9c pd\" width=\"800\" height=\"628\" srcset=\"https:\/\/imiapower.com\/wp-content\/uploads\/converted-2-10.webp 800w, https:\/\/imiapower.com\/wp-content\/uploads\/converted-2-10-300x236.webp 300w, https:\/\/imiapower.com\/wp-content\/uploads\/converted-2-10-768x603.webp 768w, https:\/\/imiapower.com\/wp-content\/uploads\/converted-2-10-15x12.webp 15w, https:\/\/imiapower.com\/wp-content\/uploads\/converted-2-10-600x471.webp 600w, https:\/\/imiapower.com\/wp-content\/uploads\/converted-2-10-64x50.webp 64w\" sizes=\"(max-width: 800px) 100vw, 800px\" \/><\/p>","protected":false},"featured_media":9476,"comment_status":"open","ping_status":"closed","template":"","meta":{"rank_math_lock_modified_date":false,"site-sidebar-layout":"default","site-content-layout":"","ast-site-content-layout":"default","site-content-style":"default","site-sidebar-style":"default","ast-global-header-display":"","ast-banner-title-visibility":"","ast-main-header-display":"","ast-hfb-above-header-display":"","ast-hfb-below-header-display":"","ast-hfb-mobile-header-display":"","site-post-title":"","ast-breadcrumbs-content":"","ast-featured-img":"","footer-sml-layout":"","ast-disable-related-posts":"","theme-transparent-header-meta":"default","adv-header-id-meta":"","stick-header-meta":"","header-above-stick-meta":"","header-main-stick-meta":"","header-below-stick-meta":"","astra-migrate-meta-layouts":"set","ast-page-background-enabled":"default","ast-page-background-meta":{"desktop":{"background-color":"","background-image":"","background-repeat":"repeat","background-position":"center center","background-size":"auto","background-attachment":"scroll","background-type":"","background-media":"","overlay-type":"","overlay-color":"","overlay-opacity":"","overlay-gradient":""},"tablet":{"background-color":"","background-image":"","background-repeat":"repeat","background-position":"center center","background-size":"auto","background-attachment":"scroll","background-type":"","background-media":"","overlay-type":"","overlay-color":"","overlay-opacity":"","overlay-gradient":""},"mobile":{"background-color":"","background-image":"","background-repeat":"repeat","background-position":"center center","background-size":"auto","background-attachment":"scroll","background-type":"","background-media":"","overlay-type":"","overlay-color":"","overlay-opacity":"","overlay-gradient":""}},"ast-content-background-meta":{"desktop":{"background-color":"var(--ast-global-color-5)","background-image":"","background-repeat":"repeat","background-position":"center center","background-size":"auto","background-attachment":"scroll","background-type":"","background-media":"","overlay-type":"","overlay-color":"","overlay-opacity":"","overlay-gradient":""},"tablet":{"background-color":"var(--ast-global-color-5)","background-image":"","background-repeat":"repeat","background-position":"center center","background-size":"auto","background-attachment":"scroll","background-type":"","background-media":"","overlay-type":"","overlay-color":"","overlay-opacity":"","overlay-gradient":""},"mobile":{"background-color":"var(--ast-global-color-5)","background-image":"","background-repeat":"repeat","background-position":"center center","background-size":"auto","background-attachment":"scroll","background-type":"","background-media":"","overlay-type":"","overlay-color":"","overlay-opacity":"","overlay-gradient":""}}},"product_cat":[43],"product_tag":[],"class_list":{"0":"post-9473","1":"product","2":"type-product","3":"status-publish","4":"has-post-thumbnail","6":"product_cat-wall-charger","7":"desktop-align-center","8":"tablet-align-center","9":"mobile-align-center","11":"first","12":"instock","13":"featured","14":"shipping-taxable","15":"product-type-simple"},"_links":{"self":[{"href":"https:\/\/imiapower.com\/vi\/wp-json\/wp\/v2\/product\/9473","targetHints":{"allow":["GET"]}}],"collection":[{"href":"https:\/\/imiapower.com\/vi\/wp-json\/wp\/v2\/product"}],"about":[{"href":"https:\/\/imiapower.com\/vi\/wp-json\/wp\/v2\/types\/product"}],"replies":[{"embeddable":true,"href":"https:\/\/imiapower.com\/vi\/wp-json\/wp\/v2\/comments?post=9473"}],"version-history":[{"count":1,"href":"https:\/\/imiapower.com\/vi\/wp-json\/wp\/v2\/product\/9473\/revisions"}],"predecessor-version":[{"id":9477,"href":"https:\/\/imiapower.com\/vi\/wp-json\/wp\/v2\/product\/9473\/revisions\/9477"}],"wp:featuredmedia":[{"embeddable":true,"href":"https:\/\/imiapower.com\/vi\/wp-json\/wp\/v2\/media\/9476"}],"wp:attachment":[{"href":"https:\/\/imiapower.com\/vi\/wp-json\/wp\/v2\/media?parent=9473"}],"wp:term":[{"taxonomy":"product_cat","embeddable":true,"href":"https:\/\/imiapower.com\/vi\/wp-json\/wp\/v2\/product_cat?post=9473"},{"taxonomy":"product_tag","embeddable":true,"href":"https:\/\/imiapower.com\/vi\/wp-json\/wp\/v2\/product_tag?post=9473"}],"curies":[{"name":"trang web","href":"https:\/\/api.w.org\/{rel}","templated":true}]}}