{"id":9579,"date":"2025-08-02T00:17:39","date_gmt":"2025-08-02T00:17:39","guid":{"rendered":"https:\/\/imiapower.com\/?post_type=product&#038;p=9579"},"modified":"2025-08-02T00:17:40","modified_gmt":"2025-08-02T00:17:40","slug":"type-i-adapter","status":"publish","type":"product","link":"https:\/\/imiapower.com\/vi\/products\/travel-adapter\/type-i-adapter\/","title":{"rendered":"B\u1ed9 chuy\u1ec3n \u0111\u1ed5i lo\u1ea1i I \u2013 B\u1ed9 chuy\u1ec3n \u0111\u1ed5i ngu\u1ed3n \u0111i\u1ec7n t\u1eeb Ch\u00e2u \u00c2u sang \u00dac"},"content":{"rendered":"<ul>\n<li><strong>B\u1ed9 chuy\u1ec3n \u0111\u1ed5i lo\u1ea1i I<\/strong><\/li>\n<li><strong>\u0110\u1ea7u v\u00e0o:<\/strong> 250V 10A 2500W T\u1ed1i \u0111a.<\/li>\n<li><strong>V\u1eadt li\u1ec7u v\u1ecf:<\/strong> m\u00e1y t\u00ednh<\/li>\n<li><strong>Ti\u00eau chu\u1ea9n:<\/strong> Tu\u00e2n th\u1ee7 IEC60884-2-5<\/li>\n<li><strong>M\u00e0u s\u1eafc:<\/strong>\u00a0Tr\u1eafng\/\u0111en<\/li>\n<li><strong>Nh\u1eadn x\u00e9t:<\/strong> B\u1ed9 chuy\u1ec3n \u0111\u1ed5i ph\u00edch c\u1eafm t\u1eeb Ch\u00e2u \u00c2u sang \u00dac<\/li>\n<\/ul>","protected":false},"excerpt":{"rendered":"<p data-start=\"751\" data-end=\"1342\">D\u1ec5 d\u00e0ng cung c\u1ea5p n\u0103ng l\u01b0\u1ee3ng cho c\u00e1c thi\u1ebft b\u1ecb Ch\u00e2u \u00c2u c\u1ee7a b\u1ea1n t\u1ea1i \u00dac v\u1edbi ch\u1ea5t l\u01b0\u1ee3ng cao n\u00e0y <strong data-start=\"828\" data-end=\"851\">B\u1ed9 chuy\u1ec3n \u0111\u1ed5i lo\u1ea1i I<\/strong>.<\/p>\n<p data-start=\"751\" data-end=\"1342\">\u0110\u01b0\u1ee3c thi\u1ebft k\u1ebf \u0111\u1ec3 t\u01b0\u01a1ng th\u00edch v\u1edbi h\u1ec7 th\u1ed1ng 250V 10A v\u00e0 c\u00f4ng su\u1ea5t t\u1ed1i \u0111a l\u00e0 2500W, s\u1ea3n ph\u1ea9m \u0111\u1ea3m b\u1ea3o chuy\u1ec3n \u0111\u1ed5i \u0111i\u1ec7n an to\u00e0n v\u00e0 hi\u1ec7u qu\u1ea3.<\/p>\n<p data-start=\"751\" data-end=\"1342\">\u0110\u01b0\u1ee3c l\u00e0m b\u1eb1ng v\u1ecf PC ch\u1ed1ng ch\u00e1y b\u1ec1n v\u00e0 tu\u00e2n th\u1ee7 <strong data-start=\"1056\" data-end=\"1072\">IEC60884-2-5<\/strong> Ti\u00eau chu\u1ea9n cho b\u1ed9 chuy\u1ec3n \u0111\u1ed5i, ph\u1ee5 ki\u1ec7n nh\u1ecf g\u1ecdn v\u00e0 ti\u1ec7n l\u1ee3i khi \u0111i du l\u1ecbch n\u00e0y l\u00fd t\u01b0\u1edfng cho nh\u1eefng ng\u01b0\u1eddi th\u01b0\u1eddng xuy\u00ean \u0111i du l\u1ecbch, sinh vi\u00ean qu\u1ed1c t\u1ebf ho\u1eb7c chuy\u00ean gia kinh doanh.<\/p>\n<p data-start=\"751\" data-end=\"1342\">C\u00f3 s\u1eb5n trong phi\u00ean b\u1ea3n c\u1ed5 \u0111i\u1ec3n <strong data-start=\"1245\" data-end=\"1263\">tr\u1eafng ho\u1eb7c \u0111en<\/strong> ho\u00e0n th\u00e0nh, n\u00f3 d\u1ec5 d\u00e0ng chuy\u1ec3n \u0111\u1ed5i <strong data-start=\"1293\" data-end=\"1341\">Ph\u00edch c\u1eafm Ch\u00e2u \u00c2u (EU) v\u00e0o \u1ed5 c\u1eafm \u00dac (AUS)<\/strong>.<\/p>\n<p data-start=\"751\" data-end=\"1342\"><img fetchpriority=\"high\" decoding=\"async\" class=\"alignnone wp-image-9580 size-full\" src=\"https:\/\/imiapower.com\/wp-content\/uploads\/converted-1-12.webp\" alt=\"b\u1ed9 chuy\u1ec3n \u0111\u1ed5i lo\u1ea1i i\" width=\"960\" height=\"669\" srcset=\"https:\/\/imiapower.com\/wp-content\/uploads\/converted-1-12.webp 960w, https:\/\/imiapower.com\/wp-content\/uploads\/converted-1-12-300x209.webp 300w, https:\/\/imiapower.com\/wp-content\/uploads\/converted-1-12-768x535.webp 768w, https:\/\/imiapower.com\/wp-content\/uploads\/converted-1-12-18x12.webp 18w, https:\/\/imiapower.com\/wp-content\/uploads\/converted-1-12-600x418.webp 600w, https:\/\/imiapower.com\/wp-content\/uploads\/converted-1-12-64x45.webp 64w\" sizes=\"(max-width: 960px) 100vw, 960px\" \/><\/p>","protected":false},"featured_media":9581,"comment_status":"open","ping_status":"closed","template":"","meta":{"rank_math_lock_modified_date":false,"site-sidebar-layout":"default","site-content-layout":"","ast-site-content-layout":"default","site-content-style":"default","site-sidebar-style":"default","ast-global-header-display":"","ast-banner-title-visibility":"","ast-main-header-display":"","ast-hfb-above-header-display":"","ast-hfb-below-header-display":"","ast-hfb-mobile-header-display":"","site-post-title":"","ast-breadcrumbs-content":"","ast-featured-img":"","footer-sml-layout":"","ast-disable-related-posts":"","theme-transparent-header-meta":"default","adv-header-id-meta":"","stick-header-meta":"","header-above-stick-meta":"","header-main-stick-meta":"","header-below-stick-meta":"","astra-migrate-meta-layouts":"set","ast-page-background-enabled":"default","ast-page-background-meta":{"desktop":{"background-color":"","background-image":"","background-repeat":"repeat","background-position":"center center","background-size":"auto","background-attachment":"scroll","background-type":"","background-media":"","overlay-type":"","overlay-color":"","overlay-opacity":"","overlay-gradient":""},"tablet":{"background-color":"","background-image":"","background-repeat":"repeat","background-position":"center center","background-size":"auto","background-attachment":"scroll","background-type":"","background-media":"","overlay-type":"","overlay-color":"","overlay-opacity":"","overlay-gradient":""},"mobile":{"background-color":"","background-image":"","background-repeat":"repeat","background-position":"center center","background-size":"auto","background-attachment":"scroll","background-type":"","background-media":"","overlay-type":"","overlay-color":"","overlay-opacity":"","overlay-gradient":""}},"ast-content-background-meta":{"desktop":{"background-color":"var(--ast-global-color-5)","background-image":"","background-repeat":"repeat","background-position":"center center","background-size":"auto","background-attachment":"scroll","background-type":"","background-media":"","overlay-type":"","overlay-color":"","overlay-opacity":"","overlay-gradient":""},"tablet":{"background-color":"var(--ast-global-color-5)","background-image":"","background-repeat":"repeat","background-position":"center center","background-size":"auto","background-attachment":"scroll","background-type":"","background-media":"","overlay-type":"","overlay-color":"","overlay-opacity":"","overlay-gradient":""},"mobile":{"background-color":"var(--ast-global-color-5)","background-image":"","background-repeat":"repeat","background-position":"center center","background-size":"auto","background-attachment":"scroll","background-type":"","background-media":"","overlay-type":"","overlay-color":"","overlay-opacity":"","overlay-gradient":""}}},"product_cat":[64],"product_tag":[],"class_list":{"0":"post-9579","1":"product","2":"type-product","3":"status-publish","4":"has-post-thumbnail","6":"product_cat-travel-adapter","7":"desktop-align-center","8":"tablet-align-center","9":"mobile-align-center","11":"first","12":"instock","13":"shipping-taxable","14":"product-type-simple"},"_links":{"self":[{"href":"https:\/\/imiapower.com\/vi\/wp-json\/wp\/v2\/product\/9579","targetHints":{"allow":["GET"]}}],"collection":[{"href":"https:\/\/imiapower.com\/vi\/wp-json\/wp\/v2\/product"}],"about":[{"href":"https:\/\/imiapower.com\/vi\/wp-json\/wp\/v2\/types\/product"}],"replies":[{"embeddable":true,"href":"https:\/\/imiapower.com\/vi\/wp-json\/wp\/v2\/comments?post=9579"}],"version-history":[{"count":2,"href":"https:\/\/imiapower.com\/vi\/wp-json\/wp\/v2\/product\/9579\/revisions"}],"predecessor-version":[{"id":9583,"href":"https:\/\/imiapower.com\/vi\/wp-json\/wp\/v2\/product\/9579\/revisions\/9583"}],"wp:featuredmedia":[{"embeddable":true,"href":"https:\/\/imiapower.com\/vi\/wp-json\/wp\/v2\/media\/9581"}],"wp:attachment":[{"href":"https:\/\/imiapower.com\/vi\/wp-json\/wp\/v2\/media?parent=9579"}],"wp:term":[{"taxonomy":"product_cat","embeddable":true,"href":"https:\/\/imiapower.com\/vi\/wp-json\/wp\/v2\/product_cat?post=9579"},{"taxonomy":"product_tag","embeddable":true,"href":"https:\/\/imiapower.com\/vi\/wp-json\/wp\/v2\/product_tag?post=9579"}],"curies":[{"name":"trang web","href":"https:\/\/api.w.org\/{rel}","templated":true}]}}