{"id":9588,"date":"2025-07-26T02:38:35","date_gmt":"2025-07-26T02:38:35","guid":{"rendered":"https:\/\/imiapower.com\/?post_type=product&#038;p=9588"},"modified":"2025-08-02T00:18:08","modified_gmt":"2025-08-02T00:18:08","slug":"power-adapter-travel","status":"publish","type":"product","link":"https:\/\/imiapower.com\/vi\/products\/travel-adapter\/power-adapter-travel\/","title":{"rendered":"B\u1ed9 chuy\u1ec3n \u0111\u1ed5i ngu\u1ed3n \u0111i\u1ec7n du l\u1ecbch \u2013 B\u1ed9 chuy\u1ec3n \u0111\u1ed5i ph\u00edch c\u1eafm t\u1eeb Ch\u00e2u \u00c2u sang Nam Phi"},"content":{"rendered":"<ul>\n<li><strong>B\u1ed9 chuy\u1ec3n \u0111\u1ed5i ngu\u1ed3n du l\u1ecbch<\/strong><\/li>\n<li><strong>\u0110\u1ea7u v\u00e0o:<\/strong> 250V 10A 2500W T\u1ed1i \u0111a.<\/li>\n<li><strong>V\u1eadt li\u1ec7u v\u1ecf:<\/strong> m\u00e1y t\u00ednh<\/li>\n<li><strong>Ti\u00eau chu\u1ea9n:<\/strong> Tu\u00e2n th\u1ee7 IEC60884-2-5<\/li>\n<li><strong>M\u00e0u s\u1eafc:<\/strong>\u00a0Tr\u1eafng\/\u0111en<\/li>\n<li><strong>Nh\u1eadn x\u00e9t:<\/strong> B\u1ed9 chuy\u1ec3n \u0111\u1ed5i ph\u00edch c\u1eafm t\u1eeb Ch\u00e2u \u00c2u sang Nam Phi<\/li>\n<\/ul>","protected":false},"excerpt":{"rendered":"<p data-start=\"744\" data-end=\"1042\">Du l\u1ecbch m\u1ed9t c\u00e1ch t\u1ef1 tin b\u1eb1ng c\u00e1ch s\u1eed d\u1ee5ng s\u1ea3n ph\u1ea9m ch\u1ea5t l\u01b0\u1ee3ng cao n\u00e0y <strong data-start=\"791\" data-end=\"815\">b\u1ed9 chuy\u1ec3n \u0111\u1ed5i ngu\u1ed3n du l\u1ecbch<\/strong> gi\u1ea3i ph\u00e1p \u0111\u01b0\u1ee3c thi\u1ebft k\u1ebf \u0111\u1ec3 chuy\u1ec3n \u0111\u1ed5i <strong data-start=\"845\" data-end=\"863\">Ph\u00edch c\u1eafm Ch\u00e2u \u00c2u<\/strong> \u0110\u1ebeN <strong data-start=\"867\" data-end=\"892\">\u1ed4 c\u1eafm Nam Phi<\/strong>Cho d\u00f9 b\u1ea1n \u0111ang \u0111i th\u0103m quan, di chuy\u1ec3n hay g\u1eedi \u0111\u1ed3 \u0111i\u1ec7n t\u1eed ra n\u01b0\u1edbc ngo\u00e0i, b\u1ed9 chuy\u1ec3n \u0111\u1ed5i nh\u1ecf g\u1ecdn n\u00e0y \u0111\u1ea3m b\u1ea3o cung c\u1ea5p ngu\u1ed3n \u0111i\u1ec7n an to\u00e0n v\u00e0 hi\u1ec7u qu\u1ea3 cho c\u00e1c thi\u1ebft b\u1ecb c\u1ee7a b\u1ea1n.<\/p>\n<p data-start=\"1044\" data-end=\"1385\">V\u1edbi c\u00f4ng su\u1ea5t \u0111\u1ecbnh m\u1ee9c l\u00e0 <strong data-start=\"1067\" data-end=\"1090\">250V 10A, t\u1ed1i \u0111a 2500W<\/strong>, n\u00f3 h\u1ed7 tr\u1ee3 nhi\u1ec1u lo\u1ea1i thi\u1ebft b\u1ecb \u0111i\u1ec7n t\u1eed bao g\u1ed3m m\u00e1y t\u00ednh x\u00e1ch tay, b\u1ed9 s\u1ea1c, m\u00e1y s\u1ea5y t\u00f3c, v.v. \u0110\u01b0\u1ee3c ch\u1ebf t\u1ea1o t\u1eeb <strong data-start=\"1201\" data-end=\"1240\">v\u1ecf PC b\u1ec1n, ch\u1ed1ng ch\u00e1y<\/strong>, n\u00f3 cung c\u1ea5p s\u1ef1 an to\u00e0n v\u00e0 \u0111\u1ed9 b\u1ec1n \u0111\u01b0\u1ee3c c\u1ea3i thi\u1ec7n. B\u1ed9 chuy\u1ec3n \u0111\u1ed5i n\u00e0y l\u00e0 <strong data-start=\"1300\" data-end=\"1331\">tu\u00e2n th\u1ee7 IEC60884-2-5<\/strong>, \u0111\u00e1p \u1ee9ng c\u00e1c ti\u00eau chu\u1ea9n qu\u1ed1c t\u1ebf v\u1ec1 b\u1ed9 chuy\u1ec3n \u0111\u1ed5i du l\u1ecbch.<\/p>\n<p data-start=\"1387\" data-end=\"1565\">C\u00f3 s\u1eb5n trong <strong data-start=\"1400\" data-end=\"1418\">tr\u1eafng ho\u1eb7c \u0111en<\/strong>, n\u00f3 k\u1ebft h\u1ee3p thi\u1ebft k\u1ebf hi\u1ec7n \u0111\u1ea1i v\u1edbi hi\u1ec7u su\u1ea5t \u0111\u00e1ng tin c\u1eady \u2014 m\u1ed9t ph\u1ee5 ki\u1ec7n kh\u00f4ng th\u1ec3 thi\u1ebfu cho nh\u1eefng du kh\u00e1ch to\u00e0n c\u1ea7u c\u1ea7n <strong data-start=\"1527\" data-end=\"1553\">Ch\u00e2u \u00c2u \u0111\u1ebfn Nam Phi<\/strong> s\u1ef1 li\u00ean quan.<\/p>\n<p data-start=\"1387\" data-end=\"1565\"><img fetchpriority=\"high\" decoding=\"async\" class=\"alignnone wp-image-9590 size-full\" src=\"https:\/\/imiapower.com\/wp-content\/uploads\/converted-21.webp\" alt=\"b\u1ed9 chuy\u1ec3n \u0111\u1ed5i ngu\u1ed3n du l\u1ecbch\" width=\"960\" height=\"822\" srcset=\"https:\/\/imiapower.com\/wp-content\/uploads\/converted-21.webp 960w, https:\/\/imiapower.com\/wp-content\/uploads\/converted-21-300x257.webp 300w, https:\/\/imiapower.com\/wp-content\/uploads\/converted-21-768x658.webp 768w, https:\/\/imiapower.com\/wp-content\/uploads\/converted-21-14x12.webp 14w, https:\/\/imiapower.com\/wp-content\/uploads\/converted-21-600x514.webp 600w, https:\/\/imiapower.com\/wp-content\/uploads\/converted-21-64x55.webp 64w\" sizes=\"(max-width: 960px) 100vw, 960px\" \/><\/p>","protected":false},"featured_media":9589,"comment_status":"open","ping_status":"closed","template":"","meta":{"rank_math_lock_modified_date":false,"site-sidebar-layout":"default","site-content-layout":"","ast-site-content-layout":"default","site-content-style":"default","site-sidebar-style":"default","ast-global-header-display":"","ast-banner-title-visibility":"","ast-main-header-display":"","ast-hfb-above-header-display":"","ast-hfb-below-header-display":"","ast-hfb-mobile-header-display":"","site-post-title":"","ast-breadcrumbs-content":"","ast-featured-img":"","footer-sml-layout":"","ast-disable-related-posts":"","theme-transparent-header-meta":"default","adv-header-id-meta":"","stick-header-meta":"","header-above-stick-meta":"","header-main-stick-meta":"","header-below-stick-meta":"","astra-migrate-meta-layouts":"set","ast-page-background-enabled":"default","ast-page-background-meta":{"desktop":{"background-color":"","background-image":"","background-repeat":"repeat","background-position":"center center","background-size":"auto","background-attachment":"scroll","background-type":"","background-media":"","overlay-type":"","overlay-color":"","overlay-opacity":"","overlay-gradient":""},"tablet":{"background-color":"","background-image":"","background-repeat":"repeat","background-position":"center center","background-size":"auto","background-attachment":"scroll","background-type":"","background-media":"","overlay-type":"","overlay-color":"","overlay-opacity":"","overlay-gradient":""},"mobile":{"background-color":"","background-image":"","background-repeat":"repeat","background-position":"center center","background-size":"auto","background-attachment":"scroll","background-type":"","background-media":"","overlay-type":"","overlay-color":"","overlay-opacity":"","overlay-gradient":""}},"ast-content-background-meta":{"desktop":{"background-color":"var(--ast-global-color-5)","background-image":"","background-repeat":"repeat","background-position":"center center","background-size":"auto","background-attachment":"scroll","background-type":"","background-media":"","overlay-type":"","overlay-color":"","overlay-opacity":"","overlay-gradient":""},"tablet":{"background-color":"var(--ast-global-color-5)","background-image":"","background-repeat":"repeat","background-position":"center center","background-size":"auto","background-attachment":"scroll","background-type":"","background-media":"","overlay-type":"","overlay-color":"","overlay-opacity":"","overlay-gradient":""},"mobile":{"background-color":"var(--ast-global-color-5)","background-image":"","background-repeat":"repeat","background-position":"center center","background-size":"auto","background-attachment":"scroll","background-type":"","background-media":"","overlay-type":"","overlay-color":"","overlay-opacity":"","overlay-gradient":""}}},"product_cat":[64],"product_tag":[],"class_list":{"0":"post-9588","1":"product","2":"type-product","3":"status-publish","4":"has-post-thumbnail","6":"product_cat-travel-adapter","7":"desktop-align-center","8":"tablet-align-center","9":"mobile-align-center","11":"first","12":"instock","13":"shipping-taxable","14":"product-type-simple"},"_links":{"self":[{"href":"https:\/\/imiapower.com\/vi\/wp-json\/wp\/v2\/product\/9588","targetHints":{"allow":["GET"]}}],"collection":[{"href":"https:\/\/imiapower.com\/vi\/wp-json\/wp\/v2\/product"}],"about":[{"href":"https:\/\/imiapower.com\/vi\/wp-json\/wp\/v2\/types\/product"}],"replies":[{"embeddable":true,"href":"https:\/\/imiapower.com\/vi\/wp-json\/wp\/v2\/comments?post=9588"}],"version-history":[{"count":1,"href":"https:\/\/imiapower.com\/vi\/wp-json\/wp\/v2\/product\/9588\/revisions"}],"predecessor-version":[{"id":9591,"href":"https:\/\/imiapower.com\/vi\/wp-json\/wp\/v2\/product\/9588\/revisions\/9591"}],"wp:featuredmedia":[{"embeddable":true,"href":"https:\/\/imiapower.com\/vi\/wp-json\/wp\/v2\/media\/9589"}],"wp:attachment":[{"href":"https:\/\/imiapower.com\/vi\/wp-json\/wp\/v2\/media?parent=9588"}],"wp:term":[{"taxonomy":"product_cat","embeddable":true,"href":"https:\/\/imiapower.com\/vi\/wp-json\/wp\/v2\/product_cat?post=9588"},{"taxonomy":"product_tag","embeddable":true,"href":"https:\/\/imiapower.com\/vi\/wp-json\/wp\/v2\/product_tag?post=9588"}],"curies":[{"name":"trang web","href":"https:\/\/api.w.org\/{rel}","templated":true}]}}