{"id":9592,"date":"2025-07-26T03:04:52","date_gmt":"2025-07-26T03:04:52","guid":{"rendered":"https:\/\/imiapower.com\/?post_type=product&#038;p=9592"},"modified":"2025-08-21T01:07:23","modified_gmt":"2025-08-21T01:07:23","slug":"european-power-adapter","status":"publish","type":"product","link":"https:\/\/imiapower.com\/vi\/products\/travel-adapter\/european-power-adapter\/","title":{"rendered":"B\u1ed9 chuy\u1ec3n \u0111\u1ed5i ngu\u1ed3n Ch\u00e2u \u00c2u \u2013 B\u1ed9 chuy\u1ec3n \u0111\u1ed5i ph\u00edch c\u1eafm Ch\u00e2u \u00c2u sang \u1ea4n \u0110\u1ed9"},"content":{"rendered":"<ul>\n<li><strong>B\u1ed9 \u0111\u1ed5i ngu\u1ed3n Ch\u00e2u \u00c2u<\/strong><\/li>\n<li><strong>\u0110\u1ea7u v\u00e0o:<\/strong> 250V 10A 2500W T\u1ed1i \u0111a.<\/li>\n<li><strong>V\u1eadt li\u1ec7u v\u1ecf:<\/strong> m\u00e1y t\u00ednh<\/li>\n<li><strong>Ti\u00eau chu\u1ea9n:<\/strong> Tu\u00e2n th\u1ee7 IEC60884-2-5<\/li>\n<li><strong>M\u00e0u s\u1eafc:<\/strong>\u00a0Tr\u1eafng\/\u0111en<\/li>\n<li><strong>Nh\u1eadn x\u00e9t:<\/strong> B\u1ed9 chuy\u1ec3n \u0111\u1ed5i ph\u00edch c\u1eafm t\u1eeb Ch\u00e2u \u00c2u sang \u1ea4n \u0110\u1ed9<\/li>\n<\/ul>","protected":false},"excerpt":{"rendered":"<p data-start=\"766\" data-end=\"1123\">C\u00e1i n\u00e0y <strong data-start=\"771\" data-end=\"797\">B\u1ed9 \u0111\u1ed5i ngu\u1ed3n Ch\u00e2u \u00c2u<\/strong> l\u00e0 m\u1ed9t ph\u1ee5 ki\u1ec7n du l\u1ecbch c\u1ea7n ph\u1ea3i c\u00f3 \u0111\u1ec3 chuy\u1ec3n \u0111\u1ed5i <strong data-start=\"845\" data-end=\"876\">Ph\u00edch c\u1eafm Ch\u00e2u \u00c2u (Lo\u1ea1i C\/E\/F)<\/strong> \u0111\u1ec3 ph\u00f9 h\u1ee3p <strong data-start=\"884\" data-end=\"911\">\u1ed4 c\u1eafm \u1ea4n \u0110\u1ed9 (Lo\u1ea1i D)<\/strong>. L\u00fd t\u01b0\u1edfng cho kh\u00e1ch du l\u1ecbch, ng\u01b0\u1eddi n\u01b0\u1edbc ngo\u00e0i ho\u1eb7c s\u1eed d\u1ee5ng trong kinh doanh qu\u1ed1c t\u1ebf, n\u00f3 mang l\u1ea1i hi\u1ec7u su\u1ea5t \u0111\u00e1ng tin c\u1eady v\u1edbi <strong data-start=\"1013\" data-end=\"1032\">\u0110\u1ecbnh m\u1ee9c 250V 10A<\/strong>, h\u1ed7 tr\u1ee3 l\u00ean \u0111\u1ebfn <strong data-start=\"1051\" data-end=\"1060\">2500W<\/strong> c\u1ee7a ngu\u1ed3n \u0111i\u1ec7n\u2014th\u00edch h\u1ee3p cho m\u00e1y t\u00ednh x\u00e1ch tay, b\u1ed9 s\u1ea1c, d\u1ee5ng c\u1ee5 l\u00e0m t\u00f3c, v.v.<\/p>\n<p data-start=\"1125\" data-end=\"1417\">\u0110\u01b0\u1ee3c ch\u1ebf t\u1ea1o t\u1eeb <strong data-start=\"1138\" data-end=\"1169\">v\u1eadt li\u1ec7u PC ch\u1ed1ng ch\u00e1y<\/strong>, \u0111\u1ea3m b\u1ea3o \u0111\u1ed9 b\u1ec1n l\u00e2u d\u00e0i v\u00e0 an to\u00e0n khi s\u1eed d\u1ee5ng. Thi\u1ebft k\u1ebf nh\u1ecf g\u1ecdn v\u00e0 nh\u1eb9, ho\u00e0n h\u1ea3o \u0111\u1ec3 mang theo trong t\u00fai du l\u1ecbch c\u1ee7a b\u1ea1n. \u0110\u1ea7y \u0111\u1ee7 <strong data-start=\"1318\" data-end=\"1349\">tu\u00e2n th\u1ee7 IEC60884-2-5<\/strong>B\u1ed9 chuy\u1ec3n \u0111\u1ed5i n\u00e0y \u0111\u00e1p \u1ee9ng c\u00e1c ti\u00eau chu\u1ea9n an to\u00e0n v\u00e0 hi\u1ec7u su\u1ea5t qu\u1ed1c t\u1ebf.<\/p>\n<p data-start=\"1419\" data-end=\"1560\">C\u00f3 s\u1eb5n trong <strong data-start=\"1432\" data-end=\"1450\">tr\u1eafng ho\u1eb7c \u0111en<\/strong>, n\u00f3 k\u1ebft h\u1ee3p t\u00ednh th\u1ef1c t\u1ebf v\u00e0 thi\u1ebft k\u1ebf \u0111\u1eb9p m\u1eaft cho b\u1ea5t k\u1ef3 ai c\u1ea7n <strong data-start=\"1515\" data-end=\"1534\">Ch\u00e2u \u00c2u \u0111\u1ebfn \u1ea4n \u0110\u1ed9<\/strong> gi\u1ea3i ph\u00e1p chuy\u1ec3n \u0111\u1ed5i ph\u00edch c\u1eafm.<\/p>\n<p data-start=\"1419\" data-end=\"1560\"><img fetchpriority=\"high\" decoding=\"async\" class=\"alignnone wp-image-9593 size-full\" src=\"https:\/\/imiapower.com\/wp-content\/uploads\/converted-1-14.webp\" alt=\"b\u1ed9 \u0111\u1ed5i ngu\u1ed3n ch\u00e2u \u00c2u\" width=\"960\" height=\"691\" srcset=\"https:\/\/imiapower.com\/wp-content\/uploads\/converted-1-14.webp 960w, https:\/\/imiapower.com\/wp-content\/uploads\/converted-1-14-300x216.webp 300w, https:\/\/imiapower.com\/wp-content\/uploads\/converted-1-14-768x553.webp 768w, https:\/\/imiapower.com\/wp-content\/uploads\/converted-1-14-18x12.webp 18w, https:\/\/imiapower.com\/wp-content\/uploads\/converted-1-14-600x432.webp 600w, https:\/\/imiapower.com\/wp-content\/uploads\/converted-1-14-64x46.webp 64w\" sizes=\"(max-width: 960px) 100vw, 960px\" \/><\/p>","protected":false},"featured_media":9594,"comment_status":"open","ping_status":"closed","template":"","meta":{"rank_math_lock_modified_date":false,"site-sidebar-layout":"default","site-content-layout":"","ast-site-content-layout":"default","site-content-style":"default","site-sidebar-style":"default","ast-global-header-display":"","ast-banner-title-visibility":"","ast-main-header-display":"","ast-hfb-above-header-display":"","ast-hfb-below-header-display":"","ast-hfb-mobile-header-display":"","site-post-title":"","ast-breadcrumbs-content":"","ast-featured-img":"","footer-sml-layout":"","ast-disable-related-posts":"","theme-transparent-header-meta":"default","adv-header-id-meta":"","stick-header-meta":"","header-above-stick-meta":"","header-main-stick-meta":"","header-below-stick-meta":"","astra-migrate-meta-layouts":"set","ast-page-background-enabled":"default","ast-page-background-meta":{"desktop":{"background-color":"","background-image":"","background-repeat":"repeat","background-position":"center center","background-size":"auto","background-attachment":"scroll","background-type":"","background-media":"","overlay-type":"","overlay-color":"","overlay-opacity":"","overlay-gradient":""},"tablet":{"background-color":"","background-image":"","background-repeat":"repeat","background-position":"center center","background-size":"auto","background-attachment":"scroll","background-type":"","background-media":"","overlay-type":"","overlay-color":"","overlay-opacity":"","overlay-gradient":""},"mobile":{"background-color":"","background-image":"","background-repeat":"repeat","background-position":"center center","background-size":"auto","background-attachment":"scroll","background-type":"","background-media":"","overlay-type":"","overlay-color":"","overlay-opacity":"","overlay-gradient":""}},"ast-content-background-meta":{"desktop":{"background-color":"var(--ast-global-color-5)","background-image":"","background-repeat":"repeat","background-position":"center center","background-size":"auto","background-attachment":"scroll","background-type":"","background-media":"","overlay-type":"","overlay-color":"","overlay-opacity":"","overlay-gradient":""},"tablet":{"background-color":"var(--ast-global-color-5)","background-image":"","background-repeat":"repeat","background-position":"center center","background-size":"auto","background-attachment":"scroll","background-type":"","background-media":"","overlay-type":"","overlay-color":"","overlay-opacity":"","overlay-gradient":""},"mobile":{"background-color":"var(--ast-global-color-5)","background-image":"","background-repeat":"repeat","background-position":"center center","background-size":"auto","background-attachment":"scroll","background-type":"","background-media":"","overlay-type":"","overlay-color":"","overlay-opacity":"","overlay-gradient":""}}},"product_cat":[64],"product_tag":[],"class_list":{"0":"post-9592","1":"product","2":"type-product","3":"status-publish","4":"has-post-thumbnail","6":"product_cat-travel-adapter","7":"desktop-align-center","8":"tablet-align-center","9":"mobile-align-center","11":"first","12":"instock","13":"shipping-taxable","14":"product-type-simple"},"_links":{"self":[{"href":"https:\/\/imiapower.com\/vi\/wp-json\/wp\/v2\/product\/9592","targetHints":{"allow":["GET"]}}],"collection":[{"href":"https:\/\/imiapower.com\/vi\/wp-json\/wp\/v2\/product"}],"about":[{"href":"https:\/\/imiapower.com\/vi\/wp-json\/wp\/v2\/types\/product"}],"replies":[{"embeddable":true,"href":"https:\/\/imiapower.com\/vi\/wp-json\/wp\/v2\/comments?post=9592"}],"version-history":[{"count":1,"href":"https:\/\/imiapower.com\/vi\/wp-json\/wp\/v2\/product\/9592\/revisions"}],"predecessor-version":[{"id":9595,"href":"https:\/\/imiapower.com\/vi\/wp-json\/wp\/v2\/product\/9592\/revisions\/9595"}],"wp:featuredmedia":[{"embeddable":true,"href":"https:\/\/imiapower.com\/vi\/wp-json\/wp\/v2\/media\/9594"}],"wp:attachment":[{"href":"https:\/\/imiapower.com\/vi\/wp-json\/wp\/v2\/media?parent=9592"}],"wp:term":[{"taxonomy":"product_cat","embeddable":true,"href":"https:\/\/imiapower.com\/vi\/wp-json\/wp\/v2\/product_cat?post=9592"},{"taxonomy":"product_tag","embeddable":true,"href":"https:\/\/imiapower.com\/vi\/wp-json\/wp\/v2\/product_tag?post=9592"}],"curies":[{"name":"trang web","href":"https:\/\/api.w.org\/{rel}","templated":true}]}}