{"id":9596,"date":"2025-07-26T07:35:09","date_gmt":"2025-07-26T07:35:09","guid":{"rendered":"https:\/\/imiapower.com\/?post_type=product&#038;p=9596"},"modified":"2025-08-02T00:18:30","modified_gmt":"2025-08-02T00:18:30","slug":"best-power-adapters-for-travel","status":"publish","type":"product","link":"https:\/\/imiapower.com\/vi\/products\/travel-adapter\/best-power-adapters-for-travel\/","title":{"rendered":"B\u1ed9 chuy\u1ec3n \u0111\u1ed5i ngu\u1ed3n t\u1ed1t nh\u1ea5t cho du l\u1ecbch \u2013 B\u1ed9 chuy\u1ec3n \u0111\u1ed5i ph\u00edch c\u1eafm t\u1eeb Ch\u00e2u \u00c2u sang V\u01b0\u01a1ng qu\u1ed1c Anh"},"content":{"rendered":"<ul>\n<li><strong>B\u1ed9 \u0111\u1ed5i ngu\u1ed3n t\u1ed1t nh\u1ea5t cho du l\u1ecbch<\/strong><\/li>\n<li><strong>\u0110\u1ea7u v\u00e0o:<\/strong> 250V 10A 2500W T\u1ed1i \u0111a.<\/li>\n<li><strong>V\u1eadt li\u1ec7u v\u1ecf:<\/strong> m\u00e1y t\u00ednh<\/li>\n<li><strong>Ti\u00eau chu\u1ea9n:<\/strong> Tu\u00e2n th\u1ee7 IEC60884-2-5<\/li>\n<li><strong>M\u00e0u s\u1eafc:<\/strong>\u00a0Tr\u1eafng\/\u0111en<\/li>\n<li><strong>Nh\u1eadn x\u00e9t:<\/strong> B\u1ed9 chuy\u1ec3n \u0111\u1ed5i ph\u00edch c\u1eafm t\u1eeb Ch\u00e2u \u00c2u sang V\u01b0\u01a1ng qu\u1ed1c Anh<\/li>\n<\/ul>","protected":false},"excerpt":{"rendered":"<p data-start=\"947\" data-end=\"1381\">T\u00ecm ki\u1ebfm <strong data-start=\"963\" data-end=\"997\">b\u1ed9 \u0111\u1ed5i ngu\u1ed3n t\u1ed1t nh\u1ea5t cho du l\u1ecbch<\/strong>B\u1ed9 chuy\u1ec3n \u0111\u1ed5i ph\u00edch c\u1eafm t\u1eeb Ch\u00e2u \u00c2u sang V\u01b0\u01a1ng qu\u1ed1c Anh n\u00e0y l\u00e0 gi\u1ea3i ph\u00e1p ho\u00e0n h\u1ea3o cho nh\u1eefng du kh\u00e1ch c\u1ea7n chuy\u1ec3n \u0111\u1ed5i ngu\u1ed3n \u0111i\u1ec7n \u0111\u00e1ng tin c\u1eady v\u00e0 c\u00f4ng su\u1ea5t cao. V\u1edbi c\u00f4ng su\u1ea5t t\u1ed1i \u0111a 250V, 10A v\u00e0 2500W, s\u1ea3n ph\u1ea9m h\u1ed7 tr\u1ee3 c\u00e1c thi\u1ebft b\u1ecb v\u00e0 thi\u1ebft b\u1ecb hi\u1ec7u su\u1ea5t cao m\u1ed9t c\u00e1ch d\u1ec5 d\u00e0ng. \u0110\u01b0\u1ee3c l\u00e0m t\u1eeb v\u1ecf PC cao c\u1ea5p cho kh\u1ea3 n\u0103ng ch\u1ecbu nhi\u1ec7t v\u00e0 \u0111\u1ed9 b\u1ec1n v\u01b0\u1ee3t tr\u1ed9i, b\u1ed9 chuy\u1ec3n \u0111\u1ed5i n\u00e0y ho\u00e0n to\u00e0n tu\u00e2n th\u1ee7 ti\u00eau chu\u1ea9n an to\u00e0n qu\u1ed1c t\u1ebf IEC60884-2-5.<\/p>\n<p data-start=\"1383\" data-end=\"1632\">Nh\u1ecf g\u1ecdn, nh\u1eb9 nh\u00e0ng v\u00e0 c\u00f3 s\u1eb5n hai m\u00e0u \u0111en ho\u1eb7c tr\u1eafng sang tr\u1ecdng, \u0111\u00e2y l\u00e0 ng\u01b0\u1eddi b\u1ea1n \u0111\u1ed3ng h\u00e0nh kh\u00f4ng th\u1ec3 thi\u1ebfu c\u1ee7a b\u1ea1n trong nh\u1eefng chuy\u1ebfn du l\u1ecbch kh\u1eafp Ch\u00e2u \u00c2u v\u00e0 V\u01b0\u01a1ng qu\u1ed1c Anh. D\u00f9 l\u00e0 \u0111i c\u00f4ng t\u00e1c hay ngh\u1ec9 d\u01b0\u1ee1ng, h\u00e3y \u0111\u1ea3m b\u1ea3o thi\u1ebft b\u1ecb \u0111i\u1ec7n t\u1eed c\u1ee7a b\u1ea1n lu\u00f4n \u0111\u01b0\u1ee3c c\u1ea5p ngu\u1ed3n an to\u00e0n v\u00e0 hi\u1ec7u qu\u1ea3.<\/p>\n<p data-start=\"1383\" data-end=\"1632\"><img fetchpriority=\"high\" decoding=\"async\" class=\"alignnone wp-image-9597 size-full\" src=\"https:\/\/imiapower.com\/wp-content\/uploads\/converted-1-15.webp\" alt=\"b\u1ed9 \u0111\u1ed5i ngu\u1ed3n t\u1ed1t nh\u1ea5t cho du l\u1ecbch\" width=\"960\" height=\"770\" srcset=\"https:\/\/imiapower.com\/wp-content\/uploads\/converted-1-15.webp 960w, https:\/\/imiapower.com\/wp-content\/uploads\/converted-1-15-300x241.webp 300w, https:\/\/imiapower.com\/wp-content\/uploads\/converted-1-15-768x616.webp 768w, https:\/\/imiapower.com\/wp-content\/uploads\/converted-1-15-15x12.webp 15w, https:\/\/imiapower.com\/wp-content\/uploads\/converted-1-15-600x481.webp 600w, https:\/\/imiapower.com\/wp-content\/uploads\/converted-1-15-64x51.webp 64w\" sizes=\"(max-width: 960px) 100vw, 960px\" \/><\/p>","protected":false},"featured_media":9598,"comment_status":"open","ping_status":"closed","template":"","meta":{"rank_math_lock_modified_date":false,"site-sidebar-layout":"default","site-content-layout":"","ast-site-content-layout":"default","site-content-style":"default","site-sidebar-style":"default","ast-global-header-display":"","ast-banner-title-visibility":"","ast-main-header-display":"","ast-hfb-above-header-display":"","ast-hfb-below-header-display":"","ast-hfb-mobile-header-display":"","site-post-title":"","ast-breadcrumbs-content":"","ast-featured-img":"","footer-sml-layout":"","ast-disable-related-posts":"","theme-transparent-header-meta":"default","adv-header-id-meta":"","stick-header-meta":"","header-above-stick-meta":"","header-main-stick-meta":"","header-below-stick-meta":"","astra-migrate-meta-layouts":"set","ast-page-background-enabled":"default","ast-page-background-meta":{"desktop":{"background-color":"","background-image":"","background-repeat":"repeat","background-position":"center center","background-size":"auto","background-attachment":"scroll","background-type":"","background-media":"","overlay-type":"","overlay-color":"","overlay-opacity":"","overlay-gradient":""},"tablet":{"background-color":"","background-image":"","background-repeat":"repeat","background-position":"center center","background-size":"auto","background-attachment":"scroll","background-type":"","background-media":"","overlay-type":"","overlay-color":"","overlay-opacity":"","overlay-gradient":""},"mobile":{"background-color":"","background-image":"","background-repeat":"repeat","background-position":"center center","background-size":"auto","background-attachment":"scroll","background-type":"","background-media":"","overlay-type":"","overlay-color":"","overlay-opacity":"","overlay-gradient":""}},"ast-content-background-meta":{"desktop":{"background-color":"var(--ast-global-color-5)","background-image":"","background-repeat":"repeat","background-position":"center center","background-size":"auto","background-attachment":"scroll","background-type":"","background-media":"","overlay-type":"","overlay-color":"","overlay-opacity":"","overlay-gradient":""},"tablet":{"background-color":"var(--ast-global-color-5)","background-image":"","background-repeat":"repeat","background-position":"center center","background-size":"auto","background-attachment":"scroll","background-type":"","background-media":"","overlay-type":"","overlay-color":"","overlay-opacity":"","overlay-gradient":""},"mobile":{"background-color":"var(--ast-global-color-5)","background-image":"","background-repeat":"repeat","background-position":"center center","background-size":"auto","background-attachment":"scroll","background-type":"","background-media":"","overlay-type":"","overlay-color":"","overlay-opacity":"","overlay-gradient":""}}},"product_cat":[64],"product_tag":[],"class_list":{"0":"post-9596","1":"product","2":"type-product","3":"status-publish","4":"has-post-thumbnail","6":"product_cat-travel-adapter","7":"desktop-align-center","8":"tablet-align-center","9":"mobile-align-center","11":"first","12":"instock","13":"shipping-taxable","14":"product-type-simple"},"_links":{"self":[{"href":"https:\/\/imiapower.com\/vi\/wp-json\/wp\/v2\/product\/9596","targetHints":{"allow":["GET"]}}],"collection":[{"href":"https:\/\/imiapower.com\/vi\/wp-json\/wp\/v2\/product"}],"about":[{"href":"https:\/\/imiapower.com\/vi\/wp-json\/wp\/v2\/types\/product"}],"replies":[{"embeddable":true,"href":"https:\/\/imiapower.com\/vi\/wp-json\/wp\/v2\/comments?post=9596"}],"version-history":[{"count":1,"href":"https:\/\/imiapower.com\/vi\/wp-json\/wp\/v2\/product\/9596\/revisions"}],"predecessor-version":[{"id":9599,"href":"https:\/\/imiapower.com\/vi\/wp-json\/wp\/v2\/product\/9596\/revisions\/9599"}],"wp:featuredmedia":[{"embeddable":true,"href":"https:\/\/imiapower.com\/vi\/wp-json\/wp\/v2\/media\/9598"}],"wp:attachment":[{"href":"https:\/\/imiapower.com\/vi\/wp-json\/wp\/v2\/media?parent=9596"}],"wp:term":[{"taxonomy":"product_cat","embeddable":true,"href":"https:\/\/imiapower.com\/vi\/wp-json\/wp\/v2\/product_cat?post=9596"},{"taxonomy":"product_tag","embeddable":true,"href":"https:\/\/imiapower.com\/vi\/wp-json\/wp\/v2\/product_tag?post=9596"}],"curies":[{"name":"trang web","href":"https:\/\/api.w.org\/{rel}","templated":true}]}}