{"id":9600,"date":"2025-07-26T08:31:16","date_gmt":"2025-07-26T08:31:16","guid":{"rendered":"https:\/\/imiapower.com\/?post_type=product&#038;p=9600"},"modified":"2025-08-02T00:18:41","modified_gmt":"2025-08-02T00:18:41","slug":"plug-in-adapter-europe-to-us","status":"publish","type":"product","link":"https:\/\/imiapower.com\/vi\/products\/travel-adapter\/plug-in-adapter-europe-to-us\/","title":{"rendered":"B\u1ed9 chuy\u1ec3n \u0111\u1ed5i c\u1eafm \u0111i\u1ec7n t\u1eeb Ch\u00e2u \u00c2u sang Hoa K\u1ef3 | B\u1ed9 chuy\u1ec3n \u0111\u1ed5i ngu\u1ed3n du l\u1ecbch 250V 10A"},"content":{"rendered":"<ul>\n<li><strong>C\u1eafm b\u1ed9 chuy\u1ec3n \u0111\u1ed5i<\/strong><\/li>\n<li><strong>\u0110\u1ea7u v\u00e0o:<\/strong> 250V 10A 2500W T\u1ed1i \u0111a.<\/li>\n<li><strong>V\u1eadt li\u1ec7u v\u1ecf:<\/strong> m\u00e1y t\u00ednh<\/li>\n<li><strong>Ti\u00eau chu\u1ea9n:<\/strong> Tu\u00e2n th\u1ee7 IEC60884-2-5<\/li>\n<li><strong>M\u00e0u s\u1eafc:<\/strong>\u00a0Tr\u1eafng\/\u0111en<\/li>\n<li><strong>Nh\u1eadn x\u00e9t:<\/strong> B\u1ed9 chuy\u1ec3n \u0111\u1ed5i ph\u00edch c\u1eafm t\u1eeb Ch\u00e2u \u00c2u sang Hoa K\u1ef3<\/li>\n<\/ul>","protected":false},"excerpt":{"rendered":"<p>C\u00e1i n\u00e0y <strong data-start=\"731\" data-end=\"750\">c\u1eafm b\u1ed9 chuy\u1ec3n \u0111\u1ed5i<\/strong> \u0111\u01b0\u1ee3c thi\u1ebft k\u1ebf \u0111\u1ec3 chuy\u1ec3n \u0111\u1ed5i ph\u00edch c\u1eafm Ch\u00e2u \u00c2u (Lo\u1ea1i C\/E\/F) sang \u1ed5 c\u1eafm ti\u00eau chu\u1ea9n Hoa K\u1ef3. V\u1edbi t\u1ea3i tr\u1ecdng t\u1ed1i \u0111a l\u00e0 <strong data-start=\"849\" data-end=\"869\">250V 10A (2500W)<\/strong>, n\u00f3 h\u1ed7 tr\u1ee3 nhi\u1ec1u lo\u1ea1i thi\u1ebft b\u1ecb \u0111i\u1ec7n t\u1eed bao g\u1ed3m b\u1ed9 s\u1ea1c, m\u00e1y s\u1ea5y t\u00f3c v\u00e0 c\u00e1c thi\u1ebft b\u1ecb gia d\u1ee5ng nh\u1ecf.<\/p>\n<p>B\u1ed9 chuy\u1ec3n \u0111\u1ed5i c\u00f3 m\u1ed9t <strong data-start=\"995\" data-end=\"1022\">v\u1ecf m\u00e1y t\u00ednh ch\u1ea5t l\u01b0\u1ee3ng cao<\/strong> \u0111\u1ec3 t\u0103ng c\u01b0\u1eddng kh\u1ea3 n\u0103ng ch\u1ecbu nhi\u1ec7t v\u00e0 \u0111\u1ed9 b\u1ec1n. Ho\u00e0n to\u00e0n <strong data-start=\"1074\" data-end=\"1115\">tu\u00e2n th\u1ee7 ti\u00eau chu\u1ea9n IEC60884-2-5<\/strong>, \u0111\u1ea3m b\u1ea3o ho\u1ea1t \u0111\u1ed9ng an to\u00e0n v\u00e0 \u0111\u1ed9 tin c\u1eady l\u00e2u d\u00e0i. L\u00fd t\u01b0\u1edfng cho kh\u00e1ch du l\u1ecbch, nh\u00e0 nh\u1eadp kh\u1ea9u v\u00e0 kh\u1ea3 n\u0103ng t\u01b0\u01a1ng th\u00edch v\u1edbi thi\u1ebft b\u1ecb to\u00e0n c\u1ea7u. C\u00f3 s\u1eb5n trong <strong data-start=\"1248\" data-end=\"1266\">tr\u1eafng ho\u1eb7c \u0111en<\/strong> nhi\u1ec1u l\u1ef1a ch\u1ecdn m\u00e0u s\u1eafc cho v\u1ebb ngo\u00e0i t\u1ed1i gi\u1ea3n, s\u1ea1ch s\u1ebd.<\/p>\n<p><img fetchpriority=\"high\" decoding=\"async\" class=\"alignnone wp-image-9601 size-full\" src=\"https:\/\/imiapower.com\/wp-content\/uploads\/converted-1-16.webp\" alt=\"c\u1eafm b\u1ed9 chuy\u1ec3n \u0111\u1ed5i\" width=\"960\" height=\"742\" srcset=\"https:\/\/imiapower.com\/wp-content\/uploads\/converted-1-16.webp 960w, https:\/\/imiapower.com\/wp-content\/uploads\/converted-1-16-300x232.webp 300w, https:\/\/imiapower.com\/wp-content\/uploads\/converted-1-16-768x594.webp 768w, https:\/\/imiapower.com\/wp-content\/uploads\/converted-1-16-16x12.webp 16w, https:\/\/imiapower.com\/wp-content\/uploads\/converted-1-16-600x464.webp 600w, https:\/\/imiapower.com\/wp-content\/uploads\/converted-1-16-64x49.webp 64w\" sizes=\"(max-width: 960px) 100vw, 960px\" \/><\/p>","protected":false},"featured_media":9602,"comment_status":"open","ping_status":"closed","template":"","meta":{"rank_math_lock_modified_date":false,"site-sidebar-layout":"default","site-content-layout":"","ast-site-content-layout":"default","site-content-style":"default","site-sidebar-style":"default","ast-global-header-display":"","ast-banner-title-visibility":"","ast-main-header-display":"","ast-hfb-above-header-display":"","ast-hfb-below-header-display":"","ast-hfb-mobile-header-display":"","site-post-title":"","ast-breadcrumbs-content":"","ast-featured-img":"","footer-sml-layout":"","ast-disable-related-posts":"","theme-transparent-header-meta":"default","adv-header-id-meta":"","stick-header-meta":"","header-above-stick-meta":"","header-main-stick-meta":"","header-below-stick-meta":"","astra-migrate-meta-layouts":"set","ast-page-background-enabled":"default","ast-page-background-meta":{"desktop":{"background-color":"","background-image":"","background-repeat":"repeat","background-position":"center center","background-size":"auto","background-attachment":"scroll","background-type":"","background-media":"","overlay-type":"","overlay-color":"","overlay-opacity":"","overlay-gradient":""},"tablet":{"background-color":"","background-image":"","background-repeat":"repeat","background-position":"center center","background-size":"auto","background-attachment":"scroll","background-type":"","background-media":"","overlay-type":"","overlay-color":"","overlay-opacity":"","overlay-gradient":""},"mobile":{"background-color":"","background-image":"","background-repeat":"repeat","background-position":"center center","background-size":"auto","background-attachment":"scroll","background-type":"","background-media":"","overlay-type":"","overlay-color":"","overlay-opacity":"","overlay-gradient":""}},"ast-content-background-meta":{"desktop":{"background-color":"var(--ast-global-color-5)","background-image":"","background-repeat":"repeat","background-position":"center center","background-size":"auto","background-attachment":"scroll","background-type":"","background-media":"","overlay-type":"","overlay-color":"","overlay-opacity":"","overlay-gradient":""},"tablet":{"background-color":"var(--ast-global-color-5)","background-image":"","background-repeat":"repeat","background-position":"center center","background-size":"auto","background-attachment":"scroll","background-type":"","background-media":"","overlay-type":"","overlay-color":"","overlay-opacity":"","overlay-gradient":""},"mobile":{"background-color":"var(--ast-global-color-5)","background-image":"","background-repeat":"repeat","background-position":"center center","background-size":"auto","background-attachment":"scroll","background-type":"","background-media":"","overlay-type":"","overlay-color":"","overlay-opacity":"","overlay-gradient":""}}},"product_cat":[64],"product_tag":[],"class_list":{"0":"post-9600","1":"product","2":"type-product","3":"status-publish","4":"has-post-thumbnail","6":"product_cat-travel-adapter","7":"desktop-align-center","8":"tablet-align-center","9":"mobile-align-center","11":"first","12":"instock","13":"shipping-taxable","14":"product-type-simple"},"_links":{"self":[{"href":"https:\/\/imiapower.com\/vi\/wp-json\/wp\/v2\/product\/9600","targetHints":{"allow":["GET"]}}],"collection":[{"href":"https:\/\/imiapower.com\/vi\/wp-json\/wp\/v2\/product"}],"about":[{"href":"https:\/\/imiapower.com\/vi\/wp-json\/wp\/v2\/types\/product"}],"replies":[{"embeddable":true,"href":"https:\/\/imiapower.com\/vi\/wp-json\/wp\/v2\/comments?post=9600"}],"version-history":[{"count":1,"href":"https:\/\/imiapower.com\/vi\/wp-json\/wp\/v2\/product\/9600\/revisions"}],"predecessor-version":[{"id":9603,"href":"https:\/\/imiapower.com\/vi\/wp-json\/wp\/v2\/product\/9600\/revisions\/9603"}],"wp:featuredmedia":[{"embeddable":true,"href":"https:\/\/imiapower.com\/vi\/wp-json\/wp\/v2\/media\/9602"}],"wp:attachment":[{"href":"https:\/\/imiapower.com\/vi\/wp-json\/wp\/v2\/media?parent=9600"}],"wp:term":[{"taxonomy":"product_cat","embeddable":true,"href":"https:\/\/imiapower.com\/vi\/wp-json\/wp\/v2\/product_cat?post=9600"},{"taxonomy":"product_tag","embeddable":true,"href":"https:\/\/imiapower.com\/vi\/wp-json\/wp\/v2\/product_tag?post=9600"}],"curies":[{"name":"trang web","href":"https:\/\/api.w.org\/{rel}","templated":true}]}}