{"id":9604,"date":"2025-08-08T02:21:14","date_gmt":"2025-08-08T02:21:14","guid":{"rendered":"https:\/\/imiapower.com\/?post_type=product&#038;p=9604"},"modified":"2025-08-08T02:21:56","modified_gmt":"2025-08-08T02:21:56","slug":"travel-plugs-universal","status":"publish","type":"product","link":"https:\/\/imiapower.com\/vi\/products\/travel-adapter\/travel-plugs-universal\/","title":{"rendered":"B\u1ed9 chuy\u1ec3n \u0111\u1ed5i ph\u00edch c\u1eafm du l\u1ecbch \u2013 B\u1ed9 chuy\u1ec3n \u0111\u1ed5i Universal World sang V\u01b0\u01a1ng qu\u1ed1c Anh, 250V 10A, \u0111\u01b0\u1ee3c ch\u1ee9ng nh\u1eadn BS8546"},"content":{"rendered":"<ul>\n<li><strong>Ph\u00edch c\u1eafm du l\u1ecbch<\/strong><\/li>\n<li><strong>\u0110\u1ea7u v\u00e0o:<\/strong>250V 10A 2500W T\u1ed1i \u0111a.<\/li>\n<li><strong>V\u1eadt li\u1ec7u v\u1ecf:<\/strong>m\u00e1y t\u00ednh<\/li>\n<li><strong>Ti\u00eau chu\u1ea9n: <\/strong>BS8546, IEC60884-2-5<\/li>\n<li><strong>M\u00e0u s\u1eafc:<\/strong>\u00a0Tr\u1eafng\/\u0111en<\/li>\n<li><strong>Nh\u1eadn x\u00e9t:<\/strong>B\u1ed9 chuy\u1ec3n \u0111\u1ed5i ph\u00edch c\u1eafm t\u1eeb Th\u1ebf gi\u1edbi sang V\u01b0\u01a1ng qu\u1ed1c Anh<\/li>\n<\/ul>","protected":false},"excerpt":{"rendered":"<p><img fetchpriority=\"high\" decoding=\"async\" class=\"alignnone wp-image-9606 size-full\" src=\"https:\/\/imiapower.com\/wp-content\/uploads\/converted-25.webp\" alt=\"ph\u00edch c\u1eafm du l\u1ecbch\" width=\"960\" height=\"960\" srcset=\"https:\/\/imiapower.com\/wp-content\/uploads\/converted-25.webp 960w, https:\/\/imiapower.com\/wp-content\/uploads\/converted-25-300x300.webp 300w, https:\/\/imiapower.com\/wp-content\/uploads\/converted-25-150x150.webp 150w, https:\/\/imiapower.com\/wp-content\/uploads\/converted-25-768x768.webp 768w, https:\/\/imiapower.com\/wp-content\/uploads\/converted-25-12x12.webp 12w, https:\/\/imiapower.com\/wp-content\/uploads\/converted-25-600x600.webp 600w, https:\/\/imiapower.com\/wp-content\/uploads\/converted-25-100x100.webp 100w, https:\/\/imiapower.com\/wp-content\/uploads\/converted-25-64x64.webp 64w\" sizes=\"(max-width: 960px) 100vw, 960px\" \/><\/p>\n<p data-start=\"1078\" data-end=\"1415\">Ph\u00edch c\u1eafm du l\u1ecbch tuy\u1ec7t v\u1eddi cho chuy\u1ebfn \u0111i \u0111\u1ebfn V\u01b0\u01a1ng qu\u1ed1c Anh.<br data-start=\"1120\" data-end=\"1123\" \/>B\u1ed9 chuy\u1ec3n \u0111\u1ed5i ph\u00edch c\u1eafm du l\u1ecbch \u0111a n\u0103ng n\u00e0y cho ph\u00e9p b\u1ea1n k\u1ebft n\u1ed1i b\u1ea5t k\u1ef3 ph\u00edch c\u1eafm qu\u1ed1c t\u1ebf n\u00e0o \u2014 bao g\u1ed3m EU, M\u1ef9, \u00dac, v.v. \u2014 v\u1edbi \u1ed5 c\u1eafm 3 ch\u00e2n ti\u00eau chu\u1ea9n c\u1ee7a Anh (Lo\u1ea1i G). \u0110\u01b0\u1ee3c thi\u1ebft k\u1ebf \u0111\u1ec3 h\u1ed7 tr\u1ee3 \u0111i\u1ec7n \u00e1p l\u00ean \u0111\u1ebfn 250V \/ 10A \/ 2500W, b\u1ed9 chuy\u1ec3n \u0111\u1ed5i n\u00e0y \u0111\u00e1p \u1ee9ng c\u00e1c ti\u00eau chu\u1ea9n an to\u00e0n qu\u1ed1c t\u1ebf BS8546 v\u00e0 IEC60884-2-5 \u0111\u1ec3 s\u1eed d\u1ee5ng an to\u00e0n.<\/p>\n<p data-start=\"1417\" data-end=\"1611\">V\u1ecf PC b\u1ec1n b\u1ec9, ch\u1ecbu nhi\u1ec7t v\u00e0 s\u1eb5n s\u00e0ng cho m\u1ecdi chuy\u1ebfn \u0111i. Thi\u1ebft k\u1ebf nh\u1ecf g\u1ecdn ho\u00e0n h\u1ea3o cho vali, ba l\u00f4 v\u00e0 b\u1ed9 d\u1ee5ng c\u1ee5 c\u00f4ng ngh\u1ec7 \u2014 \u0111\u1ea3m b\u1ea3o b\u1ea1n lu\u00f4n k\u1ebft n\u1ed1i \u1edf b\u1ea5t c\u1ee9 \u0111\u00e2u trong m\u1ecdi chuy\u1ebfn \u0111i.<\/p>","protected":false},"featured_media":9605,"comment_status":"open","ping_status":"closed","template":"","meta":{"rank_math_lock_modified_date":false,"site-sidebar-layout":"default","site-content-layout":"","ast-site-content-layout":"default","site-content-style":"default","site-sidebar-style":"default","ast-global-header-display":"","ast-banner-title-visibility":"","ast-main-header-display":"","ast-hfb-above-header-display":"","ast-hfb-below-header-display":"","ast-hfb-mobile-header-display":"","site-post-title":"","ast-breadcrumbs-content":"","ast-featured-img":"","footer-sml-layout":"","ast-disable-related-posts":"","theme-transparent-header-meta":"default","adv-header-id-meta":"","stick-header-meta":"","header-above-stick-meta":"","header-main-stick-meta":"","header-below-stick-meta":"","astra-migrate-meta-layouts":"set","ast-page-background-enabled":"default","ast-page-background-meta":{"desktop":{"background-color":"","background-image":"","background-repeat":"repeat","background-position":"center center","background-size":"auto","background-attachment":"scroll","background-type":"","background-media":"","overlay-type":"","overlay-color":"","overlay-opacity":"","overlay-gradient":""},"tablet":{"background-color":"","background-image":"","background-repeat":"repeat","background-position":"center center","background-size":"auto","background-attachment":"scroll","background-type":"","background-media":"","overlay-type":"","overlay-color":"","overlay-opacity":"","overlay-gradient":""},"mobile":{"background-color":"","background-image":"","background-repeat":"repeat","background-position":"center center","background-size":"auto","background-attachment":"scroll","background-type":"","background-media":"","overlay-type":"","overlay-color":"","overlay-opacity":"","overlay-gradient":""}},"ast-content-background-meta":{"desktop":{"background-color":"var(--ast-global-color-5)","background-image":"","background-repeat":"repeat","background-position":"center center","background-size":"auto","background-attachment":"scroll","background-type":"","background-media":"","overlay-type":"","overlay-color":"","overlay-opacity":"","overlay-gradient":""},"tablet":{"background-color":"var(--ast-global-color-5)","background-image":"","background-repeat":"repeat","background-position":"center center","background-size":"auto","background-attachment":"scroll","background-type":"","background-media":"","overlay-type":"","overlay-color":"","overlay-opacity":"","overlay-gradient":""},"mobile":{"background-color":"var(--ast-global-color-5)","background-image":"","background-repeat":"repeat","background-position":"center center","background-size":"auto","background-attachment":"scroll","background-type":"","background-media":"","overlay-type":"","overlay-color":"","overlay-opacity":"","overlay-gradient":""}}},"product_cat":[64],"product_tag":[],"class_list":{"0":"post-9604","1":"product","2":"type-product","3":"status-publish","4":"has-post-thumbnail","6":"product_cat-travel-adapter","7":"desktop-align-center","8":"tablet-align-center","9":"mobile-align-center","11":"first","12":"instock","13":"shipping-taxable","14":"product-type-simple"},"_links":{"self":[{"href":"https:\/\/imiapower.com\/vi\/wp-json\/wp\/v2\/product\/9604","targetHints":{"allow":["GET"]}}],"collection":[{"href":"https:\/\/imiapower.com\/vi\/wp-json\/wp\/v2\/product"}],"about":[{"href":"https:\/\/imiapower.com\/vi\/wp-json\/wp\/v2\/types\/product"}],"replies":[{"embeddable":true,"href":"https:\/\/imiapower.com\/vi\/wp-json\/wp\/v2\/comments?post=9604"}],"version-history":[{"count":2,"href":"https:\/\/imiapower.com\/vi\/wp-json\/wp\/v2\/product\/9604\/revisions"}],"predecessor-version":[{"id":9608,"href":"https:\/\/imiapower.com\/vi\/wp-json\/wp\/v2\/product\/9604\/revisions\/9608"}],"wp:featuredmedia":[{"embeddable":true,"href":"https:\/\/imiapower.com\/vi\/wp-json\/wp\/v2\/media\/9605"}],"wp:attachment":[{"href":"https:\/\/imiapower.com\/vi\/wp-json\/wp\/v2\/media?parent=9604"}],"wp:term":[{"taxonomy":"product_cat","embeddable":true,"href":"https:\/\/imiapower.com\/vi\/wp-json\/wp\/v2\/product_cat?post=9604"},{"taxonomy":"product_tag","embeddable":true,"href":"https:\/\/imiapower.com\/vi\/wp-json\/wp\/v2\/product_tag?post=9604"}],"curies":[{"name":"trang web","href":"https:\/\/api.w.org\/{rel}","templated":true}]}}