{"id":9609,"date":"2025-08-08T02:28:27","date_gmt":"2025-08-08T02:28:27","guid":{"rendered":"https:\/\/imiapower.com\/?post_type=product&#038;p=9609"},"modified":"2025-08-08T02:37:57","modified_gmt":"2025-08-08T02:37:57","slug":"power-plugs-universal","status":"publish","type":"product","link":"https:\/\/imiapower.com\/vi\/products\/travel-adapter\/power-plugs-universal\/","title":{"rendered":"B\u1ed9 chuy\u1ec3n \u0111\u1ed5i ph\u00edch c\u1eafm \u0111i\u1ec7n \u2013 B\u1ed9 chuy\u1ec3n \u0111\u1ed5i ph\u00edch c\u1eafm Universal World sang ph\u00edch c\u1eafm US"},"content":{"rendered":"<ul>\n<li><strong>Ph\u00edch c\u1eafm \u0111i\u1ec7n<\/strong><\/li>\n<li><strong>\u0110\u1ea7u v\u00e0o:<\/strong>250V 10A 2500W T\u1ed1i \u0111a.<\/li>\n<li><strong>V\u1eadt li\u1ec7u v\u1ecf:<\/strong>m\u00e1y t\u00ednh<\/li>\n<li><strong>Ti\u00eau chu\u1ea9n: <\/strong>BS8546, IEC60884-2-5<\/li>\n<li><strong>M\u00e0u s\u1eafc:<\/strong>\u00a0Tr\u1eafng\/\u0111en<\/li>\n<li><strong>Nh\u1eadn x\u00e9t:<\/strong>B\u1ed9 chuy\u1ec3n \u0111\u1ed5i ph\u00edch c\u1eafm t\u1eeb Th\u1ebf gi\u1edbi sang Hoa K\u1ef3<\/li>\n<\/ul>","protected":false},"excerpt":{"rendered":"<p data-start=\"1078\" data-end=\"1415\"><img fetchpriority=\"high\" decoding=\"async\" class=\"alignnone wp-image-9612 size-full\" src=\"https:\/\/imiapower.com\/wp-content\/uploads\/converted-2-11.webp\" alt=\"ph\u00edch c\u1eafm \u0111i\u1ec7n\" width=\"960\" height=\"960\" srcset=\"https:\/\/imiapower.com\/wp-content\/uploads\/converted-2-11.webp 960w, https:\/\/imiapower.com\/wp-content\/uploads\/converted-2-11-300x300.webp 300w, https:\/\/imiapower.com\/wp-content\/uploads\/converted-2-11-150x150.webp 150w, https:\/\/imiapower.com\/wp-content\/uploads\/converted-2-11-768x768.webp 768w, https:\/\/imiapower.com\/wp-content\/uploads\/converted-2-11-12x12.webp 12w, https:\/\/imiapower.com\/wp-content\/uploads\/converted-2-11-600x600.webp 600w, https:\/\/imiapower.com\/wp-content\/uploads\/converted-2-11-100x100.webp 100w, https:\/\/imiapower.com\/wp-content\/uploads\/converted-2-11-64x64.webp 64w\" sizes=\"(max-width: 960px) 100vw, 960px\" \/><\/p>\n<p data-start=\"1025\" data-end=\"1337\">Chuy\u1ec3n \u0111\u1ed5i b\u1ea5t k\u1ef3 ph\u00edch c\u1eafm qu\u1ed1c t\u1ebf n\u00e0o sang ph\u00edch c\u1eafm ti\u00eau chu\u1ea9n Hoa K\u1ef3 b\u1eb1ng b\u1ed9 chuy\u1ec3n \u0111\u1ed5i ph\u00edch c\u1eafm \u0111i\u1ec7n \u0111a n\u0103ng n\u00e0y.<br data-start=\"1114\" data-end=\"1117\" \/>\u0110\u01b0\u1ee3c thi\u1ebft k\u1ebf cho nh\u1eefng ng\u01b0\u1eddi \u0111i du l\u1ecbch kh\u1eafp th\u1ebf gi\u1edbi v\u00e0 c\u00e1c thi\u1ebft b\u1ecb qu\u1ed1c t\u1ebf, b\u1ed9 chuy\u1ec3n \u0111\u1ed5i ph\u00edch c\u1eafm t\u1eeb Th\u1ebf gi\u1edbi sang Hoa K\u1ef3 n\u00e0y ch\u1ea5p nh\u1eadn ph\u00edch c\u1eafm t\u1eeb h\u01a1n 150 qu\u1ed1c gia v\u00e0 chuy\u1ec3n \u0111\u1ed5i ch\u00fang \u0111\u1ec3 ph\u00f9 h\u1ee3p v\u1edbi \u1ed5 c\u1eafm lo\u1ea1i A\/B \u0111\u01b0\u1ee3c s\u1eed d\u1ee5ng \u1edf Hoa K\u1ef3, Canada, Nh\u1eadt B\u1ea3n, v.v.<\/p>\n<p data-start=\"1339\" data-end=\"1543\">Thi\u1ebft b\u1ecb h\u1ed7 tr\u1ee3 c\u00f4ng su\u1ea5t l\u00ean \u0111\u1ebfn 2500W (250V, 10A) v\u00e0 tu\u00e2n th\u1ee7 c\u00e1c ti\u00eau chu\u1ea9n an to\u00e0n quan tr\u1ecdng BS8546 v\u00e0 IEC60884-2-5. V\u1ecf PC ch\u1ed1ng ch\u00e1y \u0111\u1ea3m b\u1ea3o \u0111\u1ed9 b\u1ec1n v\u00e0 an to\u00e0n khi di chuy\u1ec3n ho\u1eb7c s\u1eed d\u1ee5ng h\u00e0ng ng\u00e0y.<\/p>\n<p data-start=\"1545\" data-end=\"1689\">Nh\u1ecf g\u1ecdn v\u00e0 nh\u1eb9, b\u1ed9 chuy\u1ec3n \u0111\u1ed5i ph\u00edch c\u1eafm \u0111i\u1ec7n n\u00e0y ho\u00e0n h\u1ea3o cho c\u00e1c chuy\u1ebfn c\u00f4ng t\u00e1c, k\u1ef3 ngh\u1ec9 ho\u1eb7c s\u1ea1c c\u00e1c thi\u1ebft b\u1ecb \u0111i\u1ec7n t\u1eed n\u01b0\u1edbc ngo\u00e0i t\u1ea1i Hoa K\u1ef3.<\/p>\n<ul>\n<li data-start=\"1830\" data-end=\"1889\">\n<p data-start=\"1832\" data-end=\"1889\">\ud83c\udf0d <strong data-start=\"1835\" data-end=\"1854\">\u0110\u1ea7u v\u00e0o ph\u1ed5 qu\u00e1t<\/strong> \u2013 Ch\u1ea5p nh\u1eadn ph\u00edch c\u1eafm EU, Anh, \u00dac, Ch\u00e2u \u00c1<\/p>\n<\/li>\n<li data-start=\"1890\" data-end=\"1952\">\n<p data-start=\"1892\" data-end=\"1952\">\ud83d\udd0c <strong data-start=\"1895\" data-end=\"1913\">\u0110\u1ea7u ra ph\u00edch c\u1eafm c\u1ee7a Hoa K\u1ef3<\/strong> \u2013 T\u01b0\u01a1ng th\u00edch v\u1edbi \u1ed5 c\u1eafm lo\u1ea1i A &amp; B<\/p>\n<\/li>\n<li data-start=\"1953\" data-end=\"2002\">\n<p data-start=\"1955\" data-end=\"2002\">\u26a1 <strong data-start=\"1957\" data-end=\"1972\">C\u00f4ng su\u1ea5t \u0111\u1ecbnh m\u1ee9c<\/strong> \u2013 250V 10A, t\u1ed1i \u0111a 2500W<\/p>\n<\/li>\n<li data-start=\"2003\" data-end=\"2064\">\n<p data-start=\"2005\" data-end=\"2064\">\ud83d\udd25 <strong data-start=\"2008\" data-end=\"2028\">An to\u00e0n v\u00e0 \u0111\u01b0\u1ee3c ch\u1ee9ng nh\u1eadn<\/strong> \u2013 Ti\u00eau chu\u1ea9n BS8546 \/ IEC60884-2-5<\/p>\n<\/li>\n<li data-start=\"2065\" data-end=\"2137\">\n<p data-start=\"2067\" data-end=\"2137\">\ud83e\uddf3 <strong data-start=\"2070\" data-end=\"2086\">S\u1eb5n s\u00e0ng du l\u1ecbch<\/strong> \u2013 V\u1ecf PC nh\u1eb9, b\u1ec1n, ch\u1ed1ng ch\u00e1y<\/p>\n<\/li>\n<li data-start=\"2138\" data-end=\"2179\">\n<p data-start=\"2140\" data-end=\"2179\">\ud83c\udfa8 <strong data-start=\"2143\" data-end=\"2160\">T\u00f9y ch\u1ecdn m\u00e0u s\u1eafc<\/strong> \u2013 \u0110en ho\u1eb7c Tr\u1eafng<\/p>\n<\/li>\n<li data-start=\"2180\" data-end=\"2256\">\n<p data-start=\"2182\" data-end=\"2256\">\u2705 <strong data-start=\"2184\" data-end=\"2197\">L\u00fd t\u01b0\u1edfng cho<\/strong>: Du kh\u00e1ch qu\u1ed1c t\u1ebf, c\u00f4ng t\u00e1c, kh\u00e1ch s\u1ea1n, s\u1eed d\u1ee5ng t\u1ea1i nh\u00e0<\/p>\n<\/li>\n<\/ul>\n<p data-start=\"1417\" data-end=\"1611\">","protected":false},"featured_media":9611,"comment_status":"open","ping_status":"closed","template":"","meta":{"rank_math_lock_modified_date":false,"site-sidebar-layout":"default","site-content-layout":"","ast-site-content-layout":"default","site-content-style":"default","site-sidebar-style":"default","ast-global-header-display":"","ast-banner-title-visibility":"","ast-main-header-display":"","ast-hfb-above-header-display":"","ast-hfb-below-header-display":"","ast-hfb-mobile-header-display":"","site-post-title":"","ast-breadcrumbs-content":"","ast-featured-img":"","footer-sml-layout":"","ast-disable-related-posts":"","theme-transparent-header-meta":"default","adv-header-id-meta":"","stick-header-meta":"","header-above-stick-meta":"","header-main-stick-meta":"","header-below-stick-meta":"","astra-migrate-meta-layouts":"set","ast-page-background-enabled":"default","ast-page-background-meta":{"desktop":{"background-color":"","background-image":"","background-repeat":"repeat","background-position":"center center","background-size":"auto","background-attachment":"scroll","background-type":"","background-media":"","overlay-type":"","overlay-color":"","overlay-opacity":"","overlay-gradient":""},"tablet":{"background-color":"","background-image":"","background-repeat":"repeat","background-position":"center center","background-size":"auto","background-attachment":"scroll","background-type":"","background-media":"","overlay-type":"","overlay-color":"","overlay-opacity":"","overlay-gradient":""},"mobile":{"background-color":"","background-image":"","background-repeat":"repeat","background-position":"center center","background-size":"auto","background-attachment":"scroll","background-type":"","background-media":"","overlay-type":"","overlay-color":"","overlay-opacity":"","overlay-gradient":""}},"ast-content-background-meta":{"desktop":{"background-color":"var(--ast-global-color-5)","background-image":"","background-repeat":"repeat","background-position":"center center","background-size":"auto","background-attachment":"scroll","background-type":"","background-media":"","overlay-type":"","overlay-color":"","overlay-opacity":"","overlay-gradient":""},"tablet":{"background-color":"var(--ast-global-color-5)","background-image":"","background-repeat":"repeat","background-position":"center center","background-size":"auto","background-attachment":"scroll","background-type":"","background-media":"","overlay-type":"","overlay-color":"","overlay-opacity":"","overlay-gradient":""},"mobile":{"background-color":"var(--ast-global-color-5)","background-image":"","background-repeat":"repeat","background-position":"center center","background-size":"auto","background-attachment":"scroll","background-type":"","background-media":"","overlay-type":"","overlay-color":"","overlay-opacity":"","overlay-gradient":""}}},"product_cat":[64],"product_tag":[],"class_list":{"0":"post-9609","1":"product","2":"type-product","3":"status-publish","4":"has-post-thumbnail","6":"product_cat-travel-adapter","7":"desktop-align-center","8":"tablet-align-center","9":"mobile-align-center","11":"first","12":"instock","13":"shipping-taxable","14":"product-type-simple"},"_links":{"self":[{"href":"https:\/\/imiapower.com\/vi\/wp-json\/wp\/v2\/product\/9609","targetHints":{"allow":["GET"]}}],"collection":[{"href":"https:\/\/imiapower.com\/vi\/wp-json\/wp\/v2\/product"}],"about":[{"href":"https:\/\/imiapower.com\/vi\/wp-json\/wp\/v2\/types\/product"}],"replies":[{"embeddable":true,"href":"https:\/\/imiapower.com\/vi\/wp-json\/wp\/v2\/comments?post=9609"}],"version-history":[{"count":1,"href":"https:\/\/imiapower.com\/vi\/wp-json\/wp\/v2\/product\/9609\/revisions"}],"predecessor-version":[{"id":9613,"href":"https:\/\/imiapower.com\/vi\/wp-json\/wp\/v2\/product\/9609\/revisions\/9613"}],"wp:featuredmedia":[{"embeddable":true,"href":"https:\/\/imiapower.com\/vi\/wp-json\/wp\/v2\/media\/9611"}],"wp:attachment":[{"href":"https:\/\/imiapower.com\/vi\/wp-json\/wp\/v2\/media?parent=9609"}],"wp:term":[{"taxonomy":"product_cat","embeddable":true,"href":"https:\/\/imiapower.com\/vi\/wp-json\/wp\/v2\/product_cat?post=9609"},{"taxonomy":"product_tag","embeddable":true,"href":"https:\/\/imiapower.com\/vi\/wp-json\/wp\/v2\/product_tag?post=9609"}],"curies":[{"name":"trang web","href":"https:\/\/api.w.org\/{rel}","templated":true}]}}