{"id":9614,"date":"2025-08-08T02:44:59","date_gmt":"2025-08-08T02:44:59","guid":{"rendered":"https:\/\/imiapower.com\/?post_type=product&#038;p=9614"},"modified":"2025-08-08T02:57:03","modified_gmt":"2025-08-08T02:57:03","slug":"germany-adapter-plug-type","status":"publish","type":"product","link":"https:\/\/imiapower.com\/vi\/products\/travel-adapter\/germany-adapter-plug-type\/","title":{"rendered":"Lo\u1ea1i ph\u00edch c\u1eafm chuy\u1ec3n \u0111\u1ed5i \u0110\u1ee9c \u2013 Ph\u00edch c\u1eafm Universal World sang DE"},"content":{"rendered":"<ul>\n<li><strong>Lo\u1ea1i ph\u00edch c\u1eafm b\u1ed9 chuy\u1ec3n \u0111\u1ed5i c\u1ee7a \u0110\u1ee9c<\/strong><\/li>\n<li><strong>\u0110\u1ea7u v\u00e0o:<\/strong>250V 10A 2500W T\u1ed1i \u0111a.<\/li>\n<li><strong>V\u1eadt li\u1ec7u v\u1ecf:<\/strong>m\u00e1y t\u00ednh<\/li>\n<li><strong>Ti\u00eau chu\u1ea9n: <\/strong>BS8546, IEC60884-2-5<\/li>\n<li><strong>M\u00e0u s\u1eafc:<\/strong>\u00a0Tr\u1eafng\/\u0111en<\/li>\n<li><strong>Nh\u1eadn x\u00e9t:<\/strong>B\u1ed9 chuy\u1ec3n \u0111\u1ed5i ph\u00edch c\u1eafm t\u1eeb Th\u1ebf gi\u1edbi sang \u0110\u1ee9c<\/li>\n<\/ul>","protected":false},"excerpt":{"rendered":"<p data-start=\"894\" data-end=\"1206\">Lo\u1ea1i ph\u00edch c\u1eafm chuy\u1ec3n \u0111\u1ed5i c\u1ee7a \u0110\u1ee9c n\u00e0y \u0111\u01b0\u1ee3c thi\u1ebft k\u1ebf d\u00e0nh cho nh\u1eefng du kh\u00e1ch qu\u1ed1c t\u1ebf c\u1ea7n k\u1ebft n\u1ed1i thi\u1ebft b\u1ecb v\u1edbi \u1ed5 c\u1eafm \u0111i\u1ec7n c\u1ee7a \u0110\u1ee9c (Lo\u1ea1i E\/F).<br data-start=\"1032\" data-end=\"1035\" \/>T\u01b0\u01a1ng th\u00edch v\u1edbi ph\u00edch c\u1eafm t\u1eeb h\u01a1n 170 qu\u1ed1c gia, b\u1ed9 chuy\u1ec3n \u0111\u1ed5i \u0111a n\u0103ng n\u00e0y cho ph\u00e9p ng\u01b0\u1eddi d\u00f9ng k\u1ebft n\u1ed1i an to\u00e0n ph\u00edch c\u1eafm c\u1ee7a M\u1ef9, Anh, \u00dac v\u00e0 c\u00e1c lo\u1ea1i ph\u00edch c\u1eafm kh\u00e1c v\u00e0o \u1ed5 c\u1eafm Schuko ti\u00eau chu\u1ea9n c\u1ee7a \u0110\u1ee9c.<\/p>\n<p data-start=\"1208\" data-end=\"1422\">\u0110\u01b0\u1ee3c ch\u1ebf t\u1ea1o b\u1eb1ng v\u1eadt li\u1ec7u PC ch\u1ed1ng ch\u00e1y v\u00e0 c\u00f3 c\u00f4ng su\u1ea5t \u0111\u1ecbnh m\u1ee9c 250V 10A (t\u1ed1i \u0111a 2500W), b\u1ed9 chuy\u1ec3n \u0111\u1ed5i tu\u00e2n th\u1ee7 c\u00e1c ti\u00eau chu\u1ea9n an to\u00e0n BS8546 v\u00e0 IEC60884-2-5, khi\u1ebfn \u0111\u00e2y tr\u1edf th\u00e0nh l\u1ef1a ch\u1ecdn \u0111\u00e1ng tin c\u1eady khi \u0111i du l\u1ecbch, c\u00f4ng t\u00e1c v\u00e0 s\u1eed d\u1ee5ng t\u1ea1i kh\u00e1ch s\u1ea1n.<\/p>\n<p data-start=\"1208\" data-end=\"1422\"><img fetchpriority=\"high\" decoding=\"async\" class=\"alignnone wp-image-9623 size-full\" src=\"https:\/\/imiapower.com\/wp-content\/uploads\/converted-2-12.webp\" alt=\"lo\u1ea1i ph\u00edch c\u1eafm b\u1ed9 chuy\u1ec3n \u0111\u1ed5i c\u1ee7a \u0110\u1ee9c\" width=\"960\" height=\"960\" srcset=\"https:\/\/imiapower.com\/wp-content\/uploads\/converted-2-12.webp 960w, https:\/\/imiapower.com\/wp-content\/uploads\/converted-2-12-300x300.webp 300w, https:\/\/imiapower.com\/wp-content\/uploads\/converted-2-12-150x150.webp 150w, https:\/\/imiapower.com\/wp-content\/uploads\/converted-2-12-768x768.webp 768w, https:\/\/imiapower.com\/wp-content\/uploads\/converted-2-12-12x12.webp 12w, https:\/\/imiapower.com\/wp-content\/uploads\/converted-2-12-600x600.webp 600w, https:\/\/imiapower.com\/wp-content\/uploads\/converted-2-12-100x100.webp 100w, https:\/\/imiapower.com\/wp-content\/uploads\/converted-2-12-64x64.webp 64w\" sizes=\"(max-width: 960px) 100vw, 960px\" \/><\/p>","protected":false},"featured_media":9625,"comment_status":"open","ping_status":"closed","template":"","meta":{"rank_math_lock_modified_date":false,"site-sidebar-layout":"default","site-content-layout":"","ast-site-content-layout":"default","site-content-style":"default","site-sidebar-style":"default","ast-global-header-display":"","ast-banner-title-visibility":"","ast-main-header-display":"","ast-hfb-above-header-display":"","ast-hfb-below-header-display":"","ast-hfb-mobile-header-display":"","site-post-title":"","ast-breadcrumbs-content":"","ast-featured-img":"","footer-sml-layout":"","ast-disable-related-posts":"","theme-transparent-header-meta":"default","adv-header-id-meta":"","stick-header-meta":"","header-above-stick-meta":"","header-main-stick-meta":"","header-below-stick-meta":"","astra-migrate-meta-layouts":"set","ast-page-background-enabled":"default","ast-page-background-meta":{"desktop":{"background-color":"","background-image":"","background-repeat":"repeat","background-position":"center center","background-size":"auto","background-attachment":"scroll","background-type":"","background-media":"","overlay-type":"","overlay-color":"","overlay-opacity":"","overlay-gradient":""},"tablet":{"background-color":"","background-image":"","background-repeat":"repeat","background-position":"center center","background-size":"auto","background-attachment":"scroll","background-type":"","background-media":"","overlay-type":"","overlay-color":"","overlay-opacity":"","overlay-gradient":""},"mobile":{"background-color":"","background-image":"","background-repeat":"repeat","background-position":"center center","background-size":"auto","background-attachment":"scroll","background-type":"","background-media":"","overlay-type":"","overlay-color":"","overlay-opacity":"","overlay-gradient":""}},"ast-content-background-meta":{"desktop":{"background-color":"var(--ast-global-color-5)","background-image":"","background-repeat":"repeat","background-position":"center center","background-size":"auto","background-attachment":"scroll","background-type":"","background-media":"","overlay-type":"","overlay-color":"","overlay-opacity":"","overlay-gradient":""},"tablet":{"background-color":"var(--ast-global-color-5)","background-image":"","background-repeat":"repeat","background-position":"center center","background-size":"auto","background-attachment":"scroll","background-type":"","background-media":"","overlay-type":"","overlay-color":"","overlay-opacity":"","overlay-gradient":""},"mobile":{"background-color":"var(--ast-global-color-5)","background-image":"","background-repeat":"repeat","background-position":"center center","background-size":"auto","background-attachment":"scroll","background-type":"","background-media":"","overlay-type":"","overlay-color":"","overlay-opacity":"","overlay-gradient":""}}},"product_cat":[64],"product_tag":[],"class_list":{"0":"post-9614","1":"product","2":"type-product","3":"status-publish","4":"has-post-thumbnail","6":"product_cat-travel-adapter","7":"desktop-align-center","8":"tablet-align-center","9":"mobile-align-center","11":"first","12":"instock","13":"shipping-taxable","14":"product-type-simple"},"_links":{"self":[{"href":"https:\/\/imiapower.com\/vi\/wp-json\/wp\/v2\/product\/9614","targetHints":{"allow":["GET"]}}],"collection":[{"href":"https:\/\/imiapower.com\/vi\/wp-json\/wp\/v2\/product"}],"about":[{"href":"https:\/\/imiapower.com\/vi\/wp-json\/wp\/v2\/types\/product"}],"replies":[{"embeddable":true,"href":"https:\/\/imiapower.com\/vi\/wp-json\/wp\/v2\/comments?post=9614"}],"version-history":[{"count":1,"href":"https:\/\/imiapower.com\/vi\/wp-json\/wp\/v2\/product\/9614\/revisions"}],"predecessor-version":[{"id":9626,"href":"https:\/\/imiapower.com\/vi\/wp-json\/wp\/v2\/product\/9614\/revisions\/9626"}],"wp:featuredmedia":[{"embeddable":true,"href":"https:\/\/imiapower.com\/vi\/wp-json\/wp\/v2\/media\/9625"}],"wp:attachment":[{"href":"https:\/\/imiapower.com\/vi\/wp-json\/wp\/v2\/media?parent=9614"}],"wp:term":[{"taxonomy":"product_cat","embeddable":true,"href":"https:\/\/imiapower.com\/vi\/wp-json\/wp\/v2\/product_cat?post=9614"},{"taxonomy":"product_tag","embeddable":true,"href":"https:\/\/imiapower.com\/vi\/wp-json\/wp\/v2\/product_tag?post=9614"}],"curies":[{"name":"trang web","href":"https:\/\/api.w.org\/{rel}","templated":true}]}}