{"id":9636,"date":"2025-08-12T01:07:52","date_gmt":"2025-08-12T01:07:52","guid":{"rendered":"https:\/\/imiapower.com\/?post_type=product&#038;p=9636"},"modified":"2025-08-21T00:54:48","modified_gmt":"2025-08-21T00:54:48","slug":"electronic-travel-gadgets","status":"publish","type":"product","link":"https:\/\/imiapower.com\/vi\/products\/travel-adapter\/electronic-travel-gadgets\/","title":{"rendered":"Thi\u1ebft b\u1ecb \u0111i\u1ec7n t\u1eed du l\u1ecbch \u2013 B\u1ed9 chuy\u1ec3n \u0111\u1ed5i ph\u00edch c\u1eafm t\u1eeb th\u1ebf gi\u1edbi sang Th\u1ee5y S\u0129 250V 10A"},"content":{"rendered":"<ul>\n<li><strong>Thi\u1ebft b\u1ecb \u0111i\u1ec7n t\u1eed du l\u1ecbch<\/strong><\/li>\n<li><strong>\u0110\u1ea7u v\u00e0o:<\/strong>250V 10A 2500W T\u1ed1i \u0111a.<\/li>\n<li><strong>V\u1eadt li\u1ec7u v\u1ecf:<\/strong>m\u00e1y t\u00ednh<\/li>\n<li><strong>Ti\u00eau chu\u1ea9n: <\/strong>BS8546, IEC60884-2-5<\/li>\n<li><strong>M\u00e0u s\u1eafc:<\/strong>\u00a0Tr\u1eafng\/\u0111en<\/li>\n<li><strong>Nh\u1eadn x\u00e9t:<\/strong>B\u1ed9 chuy\u1ec3n \u0111\u1ed5i ph\u00edch c\u1eafm t\u1eeb Th\u1ebf gi\u1edbi sang Th\u1ee5y S\u0129<\/li>\n<\/ul>","protected":false},"excerpt":{"rendered":"<p><img fetchpriority=\"high\" decoding=\"async\" class=\"alignnone wp-image-9638 size-full\" src=\"https:\/\/imiapower.com\/wp-content\/uploads\/converted-28.webp\" alt=\"thi\u1ebft b\u1ecb \u0111i\u1ec7n t\u1eed du l\u1ecbch\" width=\"960\" height=\"960\" srcset=\"https:\/\/imiapower.com\/wp-content\/uploads\/converted-28.webp 960w, https:\/\/imiapower.com\/wp-content\/uploads\/converted-28-300x300.webp 300w, https:\/\/imiapower.com\/wp-content\/uploads\/converted-28-150x150.webp 150w, https:\/\/imiapower.com\/wp-content\/uploads\/converted-28-768x768.webp 768w, https:\/\/imiapower.com\/wp-content\/uploads\/converted-28-12x12.webp 12w, https:\/\/imiapower.com\/wp-content\/uploads\/converted-28-600x600.webp 600w, https:\/\/imiapower.com\/wp-content\/uploads\/converted-28-100x100.webp 100w, https:\/\/imiapower.com\/wp-content\/uploads\/converted-28-64x64.webp 64w\" sizes=\"(max-width: 960px) 100vw, 960px\" \/><\/p>\n<p>B\u1ea1n \u0111ang du l\u1ecbch Th\u1ee5y S\u0129? H\u00e3y \u0111\u1ea3m b\u1ea3o thi\u1ebft b\u1ecb \u0111i\u1ec7n t\u1eed du l\u1ecbch c\u1ee7a b\u1ea1n kh\u00f4ng bao gi\u1edd h\u1ebft pin.<\/p>\n<p>B\u1ed9 chuy\u1ec3n \u0111\u1ed5i ph\u00edch c\u1eafm t\u1eeb World sang Switzerland c\u1ee7a ch\u00fang t\u00f4i h\u1ed7 tr\u1ee3 250V, 10A v\u00e0 c\u00f4ng su\u1ea5t t\u1ed1i \u0111a l\u00ean \u0111\u1ebfn 2500W, l\u00fd t\u01b0\u1edfng \u0111\u1ec3 s\u1ea1c m\u00e1y t\u00ednh x\u00e1ch tay, m\u00e1y \u1ea3nh, \u0111i\u1ec7n tho\u1ea1i th\u00f4ng minh, v.v.<\/p>\n<p>\u0110\u01b0\u1ee3c ch\u1ebf t\u1ea1o v\u1edbi v\u1ecf PC b\u1ec1n b\u1ec9 v\u00e0 \u0111\u01b0\u1ee3c ch\u1ee9ng nh\u1eadn theo ti\u00eau chu\u1ea9n BS8546 &amp; IEC60884-2-5, s\u1ea3n ph\u1ea9m \u0111\u1ea3m b\u1ea3o hi\u1ec7u su\u1ea5t an to\u00e0n v\u00e0 \u0111\u00e1ng tin c\u1eady.<\/p>\n<p>Nh\u1ecf g\u1ecdn, nh\u1eb9 v\u00e0 c\u00f3 s\u1eb5n m\u00e0u tr\u1eafng ho\u1eb7c \u0111en, s\u1ea3n ph\u1ea9m thi\u1ebft y\u1ebfu khi \u0111i du l\u1ecbch n\u00e0y s\u1ebd gi\u00fap chuy\u1ebfn \u0111i c\u1ee7a b\u1ea1n lu\u00f4n vui v\u1ebb v\u00e0 tho\u1ea3i m\u00e1i m\u00e0 kh\u00f4ng ph\u1ea3i lo l\u1eafng v\u1ec1 ph\u00edch c\u1eafm kh\u00f4ng t\u01b0\u01a1ng th\u00edch.<\/p>","protected":false},"featured_media":9637,"comment_status":"open","ping_status":"closed","template":"","meta":{"rank_math_lock_modified_date":false,"site-sidebar-layout":"default","site-content-layout":"","ast-site-content-layout":"default","site-content-style":"default","site-sidebar-style":"default","ast-global-header-display":"","ast-banner-title-visibility":"","ast-main-header-display":"","ast-hfb-above-header-display":"","ast-hfb-below-header-display":"","ast-hfb-mobile-header-display":"","site-post-title":"","ast-breadcrumbs-content":"","ast-featured-img":"","footer-sml-layout":"","ast-disable-related-posts":"","theme-transparent-header-meta":"default","adv-header-id-meta":"","stick-header-meta":"","header-above-stick-meta":"","header-main-stick-meta":"","header-below-stick-meta":"","astra-migrate-meta-layouts":"set","ast-page-background-enabled":"default","ast-page-background-meta":{"desktop":{"background-color":"","background-image":"","background-repeat":"repeat","background-position":"center center","background-size":"auto","background-attachment":"scroll","background-type":"","background-media":"","overlay-type":"","overlay-color":"","overlay-opacity":"","overlay-gradient":""},"tablet":{"background-color":"","background-image":"","background-repeat":"repeat","background-position":"center center","background-size":"auto","background-attachment":"scroll","background-type":"","background-media":"","overlay-type":"","overlay-color":"","overlay-opacity":"","overlay-gradient":""},"mobile":{"background-color":"","background-image":"","background-repeat":"repeat","background-position":"center center","background-size":"auto","background-attachment":"scroll","background-type":"","background-media":"","overlay-type":"","overlay-color":"","overlay-opacity":"","overlay-gradient":""}},"ast-content-background-meta":{"desktop":{"background-color":"var(--ast-global-color-5)","background-image":"","background-repeat":"repeat","background-position":"center center","background-size":"auto","background-attachment":"scroll","background-type":"","background-media":"","overlay-type":"","overlay-color":"","overlay-opacity":"","overlay-gradient":""},"tablet":{"background-color":"var(--ast-global-color-5)","background-image":"","background-repeat":"repeat","background-position":"center center","background-size":"auto","background-attachment":"scroll","background-type":"","background-media":"","overlay-type":"","overlay-color":"","overlay-opacity":"","overlay-gradient":""},"mobile":{"background-color":"var(--ast-global-color-5)","background-image":"","background-repeat":"repeat","background-position":"center center","background-size":"auto","background-attachment":"scroll","background-type":"","background-media":"","overlay-type":"","overlay-color":"","overlay-opacity":"","overlay-gradient":""}}},"product_cat":[64],"product_tag":[],"class_list":{"0":"post-9636","1":"product","2":"type-product","3":"status-publish","4":"has-post-thumbnail","6":"product_cat-travel-adapter","7":"desktop-align-center","8":"tablet-align-center","9":"mobile-align-center","11":"first","12":"instock","13":"shipping-taxable","14":"product-type-simple"},"_links":{"self":[{"href":"https:\/\/imiapower.com\/vi\/wp-json\/wp\/v2\/product\/9636","targetHints":{"allow":["GET"]}}],"collection":[{"href":"https:\/\/imiapower.com\/vi\/wp-json\/wp\/v2\/product"}],"about":[{"href":"https:\/\/imiapower.com\/vi\/wp-json\/wp\/v2\/types\/product"}],"replies":[{"embeddable":true,"href":"https:\/\/imiapower.com\/vi\/wp-json\/wp\/v2\/comments?post=9636"}],"version-history":[{"count":1,"href":"https:\/\/imiapower.com\/vi\/wp-json\/wp\/v2\/product\/9636\/revisions"}],"predecessor-version":[{"id":9639,"href":"https:\/\/imiapower.com\/vi\/wp-json\/wp\/v2\/product\/9636\/revisions\/9639"}],"wp:featuredmedia":[{"embeddable":true,"href":"https:\/\/imiapower.com\/vi\/wp-json\/wp\/v2\/media\/9637"}],"wp:attachment":[{"href":"https:\/\/imiapower.com\/vi\/wp-json\/wp\/v2\/media?parent=9636"}],"wp:term":[{"taxonomy":"product_cat","embeddable":true,"href":"https:\/\/imiapower.com\/vi\/wp-json\/wp\/v2\/product_cat?post=9636"},{"taxonomy":"product_tag","embeddable":true,"href":"https:\/\/imiapower.com\/vi\/wp-json\/wp\/v2\/product_tag?post=9636"}],"curies":[{"name":"trang web","href":"https:\/\/api.w.org\/{rel}","templated":true}]}}