{"id":9640,"date":"2025-08-12T01:52:35","date_gmt":"2025-08-12T01:52:35","guid":{"rendered":"https:\/\/imiapower.com\/?post_type=product&#038;p=9640"},"modified":"2025-08-21T00:50:47","modified_gmt":"2025-08-21T00:50:47","slug":"travel-adapter-plug-china","status":"publish","type":"product","link":"https:\/\/imiapower.com\/vi\/products\/travel-adapter\/travel-adapter-plug-china\/","title":{"rendered":"B\u1ed9 chuy\u1ec3n \u0111\u1ed5i ph\u00edch c\u1eafm du l\u1ecbch Trung Qu\u1ed1c \u2013 B\u1ed9 chuy\u1ec3n \u0111\u1ed5i ph\u00edch c\u1eafm t\u1eeb th\u1ebf gi\u1edbi sang Trung Qu\u1ed1c\/\u00dac 250V 10A"},"content":{"rendered":"<ul>\n<li><strong>Ph\u00edch c\u1eafm b\u1ed9 chuy\u1ec3n \u0111\u1ed5i du l\u1ecbch Trung Qu\u1ed1c<\/strong><\/li>\n<li><strong>\u0110\u1ea7u v\u00e0o:<\/strong>250V 10A 2500W T\u1ed1i \u0111a.<\/li>\n<li><strong>V\u1eadt li\u1ec7u v\u1ecf:<\/strong>m\u00e1y t\u00ednh<\/li>\n<li><strong>Ti\u00eau chu\u1ea9n: <\/strong>BS8546, IEC60884-2-5<\/li>\n<li><strong>M\u00e0u s\u1eafc:<\/strong>\u00a0Tr\u1eafng\/\u0111en<\/li>\n<li><strong>Nh\u1eadn x\u00e9t:<\/strong>B\u1ed9 chuy\u1ec3n \u0111\u1ed5i ph\u00edch c\u1eafm t\u1eeb Th\u1ebf gi\u1edbi sang Trung Qu\u1ed1c\/\u00dac<\/li>\n<\/ul>","protected":false},"excerpt":{"rendered":"<p><img fetchpriority=\"high\" decoding=\"async\" class=\"alignnone wp-image-9641 size-full\" src=\"https:\/\/imiapower.com\/wp-content\/uploads\/converted-1-21.webp\" alt=\"ph\u00edch c\u1eafm b\u1ed9 chuy\u1ec3n \u0111\u1ed5i du l\u1ecbch Trung Qu\u1ed1c\" width=\"960\" height=\"960\" srcset=\"https:\/\/imiapower.com\/wp-content\/uploads\/converted-1-21.webp 960w, https:\/\/imiapower.com\/wp-content\/uploads\/converted-1-21-300x300.webp 300w, https:\/\/imiapower.com\/wp-content\/uploads\/converted-1-21-150x150.webp 150w, https:\/\/imiapower.com\/wp-content\/uploads\/converted-1-21-768x768.webp 768w, https:\/\/imiapower.com\/wp-content\/uploads\/converted-1-21-12x12.webp 12w, https:\/\/imiapower.com\/wp-content\/uploads\/converted-1-21-600x600.webp 600w, https:\/\/imiapower.com\/wp-content\/uploads\/converted-1-21-100x100.webp 100w, https:\/\/imiapower.com\/wp-content\/uploads\/converted-1-21-64x64.webp 64w\" sizes=\"(max-width: 960px) 100vw, 960px\" \/><\/p>\n<p>T\u1ed1c \u0111\u1ed9 t\u0103ng tr\u01b0\u1edfng kinh t\u1ebf cao c\u1ee7a Trung Qu\u1ed1c thu h\u00fat v\u00f4 s\u1ed1 du kh\u00e1ch doanh nh\u00e2n, \u0111\u1ea1i di\u1ec7n th\u01b0\u01a1ng hi\u1ec7u v\u00e0 nh\u00e0 ph\u00e2n ph\u1ed1i t\u1eeb kh\u1eafp n\u01a1i tr\u00ean th\u1ebf gi\u1edbi.<\/p>\n<p>Tr\u00ean th\u1ef1c t\u1ebf, h\u01a1n 90% nh\u00e0 s\u1ea3n xu\u1ea5t b\u1ed9 chuy\u1ec3n \u0111\u1ed5i to\u00e0n c\u1ea7u c\u00f3 tr\u1ee5 s\u1edf t\u1ea1i Trung Qu\u1ed1c \u2014 khi\u1ebfn c\u00e1c chuy\u00ean gia trong ng\u00e0nh ph\u1ea3i gh\u00e9 th\u0103m th\u01b0\u1eddng xuy\u00ean h\u01a1n.<\/p>\n<p>Cho d\u00f9 b\u1ea1n \u0111ang tham d\u1ef1 h\u1ed9i ch\u1ee3 th\u01b0\u01a1ng m\u1ea1i, th\u0103m quan nh\u00e0 m\u00e1y hay kh\u00e1m ph\u00e1 c\u00e1c th\u00e0nh ph\u1ed1 c\u1ee7a Trung Qu\u1ed1c, m\u1ed9t <strong data-start=\"1136\" data-end=\"1165\">t<\/strong>Ph\u00edch c\u1eafm chuy\u1ec3n \u0111\u1ed5i du l\u1ecbch Trung Qu\u1ed1c l\u00e0 v\u1eadt d\u1ee5ng kh\u00f4ng th\u1ec3 thi\u1ebfu \u0111\u1ec3 cung c\u1ea5p n\u0103ng l\u01b0\u1ee3ng cho c\u00e1c thi\u1ebft b\u1ecb c\u1ee7a b\u1ea1n.<\/p>\n<p>B\u1ed9 chuy\u1ec3n \u0111\u1ed5i ph\u00edch c\u1eafm t\u1eeb Th\u1ebf gi\u1edbi sang Trung Qu\u1ed1c\/\u00dac c\u1ee7a ch\u00fang t\u00f4i h\u1ed7 tr\u1ee3 250V, 10A v\u00e0 c\u00f4ng su\u1ea5t t\u1ed1i \u0111a l\u00ean \u0111\u1ebfn 2500W.<\/p>\n<p>\u0110\u01b0\u1ee3c thi\u1ebft k\u1ebf v\u1edbi v\u1ecf PC b\u1ec1n b\u1ec9 v\u00e0 tu\u00e2n th\u1ee7 c\u00e1c ti\u00eau chu\u1ea9n an to\u00e0n BS8546 &amp; IEC60884-2-5, s\u1ea3n ph\u1ea9m ho\u00e0n h\u1ea3o \u0111\u1ec3 s\u1ea1c m\u00e1y t\u00ednh x\u00e1ch tay, m\u00e1y \u1ea3nh v\u00e0 \u0111i\u1ec7n tho\u1ea1i th\u00f4ng minh.<\/p>\n<p>Nh\u1ecf g\u1ecdn, \u0111\u00e1ng tin c\u1eady v\u00e0 c\u00f3 s\u1eb5n m\u00e0u tr\u1eafng ho\u1eb7c \u0111en, s\u1ea3n ph\u1ea9m n\u00e0y \u0111\u1ea3m b\u1ea3o b\u1ea1n lu\u00f4n k\u1ebft n\u1ed1i v\u00e0 l\u00e0m vi\u1ec7c hi\u1ec7u qu\u1ea3 trong su\u1ed1t chuy\u1ebfn \u0111i.<\/p>","protected":false},"featured_media":9642,"comment_status":"open","ping_status":"closed","template":"","meta":{"rank_math_lock_modified_date":false,"site-sidebar-layout":"default","site-content-layout":"","ast-site-content-layout":"default","site-content-style":"default","site-sidebar-style":"default","ast-global-header-display":"","ast-banner-title-visibility":"","ast-main-header-display":"","ast-hfb-above-header-display":"","ast-hfb-below-header-display":"","ast-hfb-mobile-header-display":"","site-post-title":"","ast-breadcrumbs-content":"","ast-featured-img":"","footer-sml-layout":"","ast-disable-related-posts":"","theme-transparent-header-meta":"default","adv-header-id-meta":"","stick-header-meta":"","header-above-stick-meta":"","header-main-stick-meta":"","header-below-stick-meta":"","astra-migrate-meta-layouts":"set","ast-page-background-enabled":"default","ast-page-background-meta":{"desktop":{"background-color":"","background-image":"","background-repeat":"repeat","background-position":"center center","background-size":"auto","background-attachment":"scroll","background-type":"","background-media":"","overlay-type":"","overlay-color":"","overlay-opacity":"","overlay-gradient":""},"tablet":{"background-color":"","background-image":"","background-repeat":"repeat","background-position":"center center","background-size":"auto","background-attachment":"scroll","background-type":"","background-media":"","overlay-type":"","overlay-color":"","overlay-opacity":"","overlay-gradient":""},"mobile":{"background-color":"","background-image":"","background-repeat":"repeat","background-position":"center center","background-size":"auto","background-attachment":"scroll","background-type":"","background-media":"","overlay-type":"","overlay-color":"","overlay-opacity":"","overlay-gradient":""}},"ast-content-background-meta":{"desktop":{"background-color":"var(--ast-global-color-5)","background-image":"","background-repeat":"repeat","background-position":"center center","background-size":"auto","background-attachment":"scroll","background-type":"","background-media":"","overlay-type":"","overlay-color":"","overlay-opacity":"","overlay-gradient":""},"tablet":{"background-color":"var(--ast-global-color-5)","background-image":"","background-repeat":"repeat","background-position":"center center","background-size":"auto","background-attachment":"scroll","background-type":"","background-media":"","overlay-type":"","overlay-color":"","overlay-opacity":"","overlay-gradient":""},"mobile":{"background-color":"var(--ast-global-color-5)","background-image":"","background-repeat":"repeat","background-position":"center center","background-size":"auto","background-attachment":"scroll","background-type":"","background-media":"","overlay-type":"","overlay-color":"","overlay-opacity":"","overlay-gradient":""}}},"product_cat":[64],"product_tag":[],"class_list":{"0":"post-9640","1":"product","2":"type-product","3":"status-publish","4":"has-post-thumbnail","6":"product_cat-travel-adapter","7":"desktop-align-center","8":"tablet-align-center","9":"mobile-align-center","11":"first","12":"instock","13":"shipping-taxable","14":"product-type-simple"},"_links":{"self":[{"href":"https:\/\/imiapower.com\/vi\/wp-json\/wp\/v2\/product\/9640","targetHints":{"allow":["GET"]}}],"collection":[{"href":"https:\/\/imiapower.com\/vi\/wp-json\/wp\/v2\/product"}],"about":[{"href":"https:\/\/imiapower.com\/vi\/wp-json\/wp\/v2\/types\/product"}],"replies":[{"embeddable":true,"href":"https:\/\/imiapower.com\/vi\/wp-json\/wp\/v2\/comments?post=9640"}],"version-history":[{"count":1,"href":"https:\/\/imiapower.com\/vi\/wp-json\/wp\/v2\/product\/9640\/revisions"}],"predecessor-version":[{"id":9643,"href":"https:\/\/imiapower.com\/vi\/wp-json\/wp\/v2\/product\/9640\/revisions\/9643"}],"wp:featuredmedia":[{"embeddable":true,"href":"https:\/\/imiapower.com\/vi\/wp-json\/wp\/v2\/media\/9642"}],"wp:attachment":[{"href":"https:\/\/imiapower.com\/vi\/wp-json\/wp\/v2\/media?parent=9640"}],"wp:term":[{"taxonomy":"product_cat","embeddable":true,"href":"https:\/\/imiapower.com\/vi\/wp-json\/wp\/v2\/product_cat?post=9640"},{"taxonomy":"product_tag","embeddable":true,"href":"https:\/\/imiapower.com\/vi\/wp-json\/wp\/v2\/product_tag?post=9640"}],"curies":[{"name":"trang web","href":"https:\/\/api.w.org\/{rel}","templated":true}]}}