{"id":9666,"date":"2025-09-02T00:14:08","date_gmt":"2025-09-02T00:14:08","guid":{"rendered":"https:\/\/imiapower.com\/?post_type=product&#038;p=9666"},"modified":"2025-09-02T00:14:14","modified_gmt":"2025-09-02T00:14:14","slug":"germany-plug-type-uk-germany","status":"publish","type":"product","link":"https:\/\/imiapower.com\/vi\/products\/travel-adapter\/germany-plug-type-uk-germany\/","title":{"rendered":"Ph\u00edch c\u1eafm lo\u1ea1i \u0110\u1ee9c | B\u1ed9 chuy\u1ec3n \u0111\u1ed5i ph\u00edch c\u1eafm t\u1eeb Anh sang Ch\u00e2u \u00c2u 250V 13A"},"content":{"rendered":"<ul>\n<li><strong>Lo\u1ea1i ph\u00edch c\u1eafm c\u1ee7a \u0110\u1ee9c<\/strong><\/li>\n<li><strong>X\u1ebfp h\u1ea1ng:<\/strong> 250V 13A, T\u1ed1i \u0111a 3250W<\/li>\n<li><strong>V\u1eadt li\u1ec7u v\u1ecf:<\/strong> m\u00e1y t\u00ednh<\/li>\n<li><strong>V\u1eadt li\u1ec7u d\u1eabn \u0111i\u1ec7n:<\/strong> \u0110\u1ed3ng<\/li>\n<li><strong>X\u1ebfp h\u1ea1ng ch\u1ed1ng ch\u00e1y:<\/strong> 94V0<\/li>\n<li><strong>Nh\u1eadn x\u00e9t:<\/strong> B\u1ed9 chuy\u1ec3n \u0111\u1ed5i ph\u00edch c\u1eafm t\u1eeb Anh sang Ch\u00e2u \u00c2u<\/li>\n<\/ul>","protected":false},"excerpt":{"rendered":"<p><img fetchpriority=\"high\" decoding=\"async\" class=\"alignnone wp-image-9667 size-full\" src=\"https:\/\/imiapower.com\/wp-content\/uploads\/converted-1-22.webp\" alt=\"lo\u1ea1i ph\u00edch c\u1eafm c\u1ee7a \u0110\u1ee9c\" width=\"960\" height=\"960\" srcset=\"https:\/\/imiapower.com\/wp-content\/uploads\/converted-1-22.webp 960w, https:\/\/imiapower.com\/wp-content\/uploads\/converted-1-22-300x300.webp 300w, https:\/\/imiapower.com\/wp-content\/uploads\/converted-1-22-150x150.webp 150w, https:\/\/imiapower.com\/wp-content\/uploads\/converted-1-22-768x768.webp 768w, https:\/\/imiapower.com\/wp-content\/uploads\/converted-1-22-12x12.webp 12w, https:\/\/imiapower.com\/wp-content\/uploads\/converted-1-22-600x600.webp 600w, https:\/\/imiapower.com\/wp-content\/uploads\/converted-1-22-100x100.webp 100w, https:\/\/imiapower.com\/wp-content\/uploads\/converted-1-22-64x64.webp 64w\" sizes=\"(max-width: 960px) 100vw, 960px\" \/><\/p>\n<p>B\u1ed9 chuy\u1ec3n \u0111\u1ed5i ph\u00edch c\u1eafm lo\u1ea1i \u0110\u1ee9c (t\u1eeb Anh sang Ch\u00e2u \u00c2u) c\u1ee7a ch\u00fang t\u00f4i \u0111\u01b0\u1ee3c thi\u1ebft k\u1ebf \u0111\u1ec3 \u0111\u1ea3m b\u1ea3o \u0111\u1ed9 b\u1ec1n, an to\u00e0n v\u00e0 hi\u1ec7u qu\u1ea3 trong vi\u1ec7c chuy\u1ec3n \u0111\u1ed5i ngu\u1ed3n \u0111i\u1ec7n qu\u1ed1c t\u1ebf. \u0110\u01b0\u1ee3c s\u1ea3n xu\u1ea5t v\u1edbi l\u00f5i \u0111\u1ed3ng cao c\u1ea5p v\u00e0 v\u1ecf PC ch\u1ed1ng ch\u00e1y, s\u1ea3n ph\u1ea9m \u0111\u1ea3m b\u1ea3o hi\u1ec7u su\u1ea5t l\u00e2u d\u00e0i v\u00e0 tu\u00e2n th\u1ee7 c\u00e1c ti\u00eau chu\u1ea9n an to\u00e0n qu\u1ed1c t\u1ebf.<\/p>\n<p data-start=\"1964\" data-end=\"2242\">B\u1ed9 chuy\u1ec3n \u0111\u1ed5i n\u00e0y \u0111\u01b0\u1ee3c s\u1eed d\u1ee5ng r\u1ed9ng r\u00e3i trong du l\u1ecbch, kh\u00e1ch s\u1ea1n, v\u0103n ph\u00f2ng ph\u1ea9m, ph\u00e2n ph\u1ed1i thi\u1ebft b\u1ecb \u0111i\u1ec7n t\u1eed v\u00e0 c\u00e1c d\u1ef1 \u00e1n b\u00e1n bu\u00f4n B2B. Thi\u1ebft k\u1ebf nh\u1ecf g\u1ecdn v\u00e0 c\u1ea5u tr\u00fac ch\u1eafc ch\u1eafn gi\u00fap s\u1ea3n ph\u1ea9m l\u00fd t\u01b0\u1edfng cho c\u00e1c nh\u00e0 nh\u1eadp kh\u1ea9u, nh\u00e0 ph\u00e2n ph\u1ed1i v\u00e0 nh\u00e0 b\u00e1n l\u1ebb \u0111ang t\u00ecm ki\u1ebfm nh\u00e0 cung c\u1ea5p b\u1ed9 chuy\u1ec3n \u0111\u1ed5i ph\u00edch c\u1eafm \u0111\u00e1ng tin c\u1eady.<\/p>\n<p data-start=\"2244\" data-end=\"2429\">Ch\u00fang t\u00f4i cung c\u1ea5p d\u1ecbch v\u1ee5 OEM\/ODM, \u0111\u01a1n h\u00e0ng s\u1ed1 l\u01b0\u1ee3ng l\u1edbn v\u00e0 cung c\u1ea5p s\u1ec9 b\u1ed9 chuy\u1ec3n \u0111\u1ed5i ph\u00edch c\u1eafm Anh sang EU. Ho\u00e0n h\u1ea3o cho c\u00e1c doanh nghi\u1ec7p c\u1ea7n b\u1ed9 chuy\u1ec3n \u0111\u1ed5i ph\u00edch c\u1eafm \u0110\u1ee9c an to\u00e0n, \u0111\u01b0\u1ee3c ch\u1ee9ng nh\u1eadn v\u00e0 b\u1ec1n b\u1ec9.<\/p>\n<p>&nbsp;<\/p>","protected":false},"featured_media":9668,"comment_status":"open","ping_status":"closed","template":"","meta":{"rank_math_lock_modified_date":false,"site-sidebar-layout":"default","site-content-layout":"","ast-site-content-layout":"default","site-content-style":"default","site-sidebar-style":"default","ast-global-header-display":"","ast-banner-title-visibility":"","ast-main-header-display":"","ast-hfb-above-header-display":"","ast-hfb-below-header-display":"","ast-hfb-mobile-header-display":"","site-post-title":"","ast-breadcrumbs-content":"","ast-featured-img":"","footer-sml-layout":"","ast-disable-related-posts":"","theme-transparent-header-meta":"default","adv-header-id-meta":"","stick-header-meta":"","header-above-stick-meta":"","header-main-stick-meta":"","header-below-stick-meta":"","astra-migrate-meta-layouts":"set","ast-page-background-enabled":"default","ast-page-background-meta":{"desktop":{"background-color":"","background-image":"","background-repeat":"repeat","background-position":"center center","background-size":"auto","background-attachment":"scroll","background-type":"","background-media":"","overlay-type":"","overlay-color":"","overlay-opacity":"","overlay-gradient":""},"tablet":{"background-color":"","background-image":"","background-repeat":"repeat","background-position":"center center","background-size":"auto","background-attachment":"scroll","background-type":"","background-media":"","overlay-type":"","overlay-color":"","overlay-opacity":"","overlay-gradient":""},"mobile":{"background-color":"","background-image":"","background-repeat":"repeat","background-position":"center center","background-size":"auto","background-attachment":"scroll","background-type":"","background-media":"","overlay-type":"","overlay-color":"","overlay-opacity":"","overlay-gradient":""}},"ast-content-background-meta":{"desktop":{"background-color":"var(--ast-global-color-5)","background-image":"","background-repeat":"repeat","background-position":"center center","background-size":"auto","background-attachment":"scroll","background-type":"","background-media":"","overlay-type":"","overlay-color":"","overlay-opacity":"","overlay-gradient":""},"tablet":{"background-color":"var(--ast-global-color-5)","background-image":"","background-repeat":"repeat","background-position":"center center","background-size":"auto","background-attachment":"scroll","background-type":"","background-media":"","overlay-type":"","overlay-color":"","overlay-opacity":"","overlay-gradient":""},"mobile":{"background-color":"var(--ast-global-color-5)","background-image":"","background-repeat":"repeat","background-position":"center center","background-size":"auto","background-attachment":"scroll","background-type":"","background-media":"","overlay-type":"","overlay-color":"","overlay-opacity":"","overlay-gradient":""}}},"product_cat":[64],"product_tag":[],"class_list":{"0":"post-9666","1":"product","2":"type-product","3":"status-publish","4":"has-post-thumbnail","6":"product_cat-travel-adapter","7":"desktop-align-center","8":"tablet-align-center","9":"mobile-align-center","11":"first","12":"instock","13":"shipping-taxable","14":"product-type-simple"},"_links":{"self":[{"href":"https:\/\/imiapower.com\/vi\/wp-json\/wp\/v2\/product\/9666","targetHints":{"allow":["GET"]}}],"collection":[{"href":"https:\/\/imiapower.com\/vi\/wp-json\/wp\/v2\/product"}],"about":[{"href":"https:\/\/imiapower.com\/vi\/wp-json\/wp\/v2\/types\/product"}],"replies":[{"embeddable":true,"href":"https:\/\/imiapower.com\/vi\/wp-json\/wp\/v2\/comments?post=9666"}],"version-history":[{"count":1,"href":"https:\/\/imiapower.com\/vi\/wp-json\/wp\/v2\/product\/9666\/revisions"}],"predecessor-version":[{"id":9669,"href":"https:\/\/imiapower.com\/vi\/wp-json\/wp\/v2\/product\/9666\/revisions\/9669"}],"wp:featuredmedia":[{"embeddable":true,"href":"https:\/\/imiapower.com\/vi\/wp-json\/wp\/v2\/media\/9668"}],"wp:attachment":[{"href":"https:\/\/imiapower.com\/vi\/wp-json\/wp\/v2\/media?parent=9666"}],"wp:term":[{"taxonomy":"product_cat","embeddable":true,"href":"https:\/\/imiapower.com\/vi\/wp-json\/wp\/v2\/product_cat?post=9666"},{"taxonomy":"product_tag","embeddable":true,"href":"https:\/\/imiapower.com\/vi\/wp-json\/wp\/v2\/product_tag?post=9666"}],"curies":[{"name":"trang web","href":"https:\/\/api.w.org\/{rel}","templated":true}]}}