{"id":9670,"date":"2025-09-02T00:14:49","date_gmt":"2025-09-02T00:14:49","guid":{"rendered":"https:\/\/imiapower.com\/?post_type=product&#038;p=9670"},"modified":"2025-09-02T00:14:50","modified_gmt":"2025-09-02T00:14:50","slug":"adapter-manufacturer","status":"publish","type":"product","link":"https:\/\/imiapower.com\/vi\/products\/travel-adapter\/adapter-manufacturer\/","title":{"rendered":"Nh\u00e0 s\u1ea3n xu\u1ea5t b\u1ed9 chuy\u1ec3n \u0111\u1ed5i | B\u1ed9 chuy\u1ec3n \u0111\u1ed5i ph\u00edch c\u1eafm Anh sang M\u1ef9"},"content":{"rendered":"<ul>\n<li><strong>Nh\u00e0 s\u1ea3n xu\u1ea5t b\u1ed9 chuy\u1ec3n \u0111\u1ed5i<\/strong><\/li>\n<li><strong>X\u1ebfp h\u1ea1ng:<\/strong> 100-125V 10A, T\u1ed1i \u0111a 1250W<\/li>\n<li><strong>V\u1eadt li\u1ec7u v\u1ecf:<\/strong> m\u00e1y t\u00ednh<\/li>\n<li><strong>V\u1eadt li\u1ec7u d\u1eabn \u0111i\u1ec7n:<\/strong> \u0110\u1ed3ng<\/li>\n<li><strong>X\u1ebfp h\u1ea1ng ch\u1ed1ng ch\u00e1y:<\/strong> 94V0<\/li>\n<li><strong>M\u00e0u s\u1eafc:<\/strong> Tr\u1eafng v\u00e0 \u0110en<\/li>\n<li><strong>Nh\u1eadn x\u00e9t:<\/strong> B\u1ed9 chuy\u1ec3n \u0111\u1ed5i ph\u00edch c\u1eafm Anh sang M\u1ef9<\/li>\n<\/ul>","protected":false},"excerpt":{"rendered":"<p>L\u00e0 nh\u00e0 s\u1ea3n xu\u1ea5t b\u1ed9 chuy\u1ec3n \u0111\u1ed5i chuy\u00ean nghi\u1ec7p, ch\u00fang t\u00f4i cung c\u1ea5p c\u00e1c b\u1ed9 chuy\u1ec3n \u0111\u1ed5i ph\u00edch c\u1eafm ch\u1ea5t l\u01b0\u1ee3ng cao \u0111\u01b0\u1ee3c thi\u1ebft k\u1ebf \u0111\u1ec3 \u0111\u1ea3m b\u1ea3o an to\u00e0n, ti\u1ec7n l\u1ee3i v\u00e0 ph\u00f9 h\u1ee3p cho vi\u1ec7c di chuy\u1ec3n to\u00e0n c\u1ea7u. V\u1edbi tr\u1ecdng t\u00e2m l\u00e0 gi\u00e1 c\u1ea3 ph\u1ea3i ch\u0103ng v\u00e0 t\u00ednh di \u0111\u1ed9ng, b\u1ed9 chuy\u1ec3n \u0111\u1ed5i n\u00e0y l\u00e0 m\u1ed9t ph\u1ee5 ki\u1ec7n thi\u1ebft y\u1ebfu cho b\u1ea5t k\u1ef3 ai \u0111i du l\u1ecbch t\u1eeb V\u01b0\u01a1ng qu\u1ed1c Anh \u0111\u1ebfn Hoa K\u1ef3.<\/p>\n<p data-start=\"1949\" data-end=\"1966\"><strong data-start=\"1949\" data-end=\"1964\">Thu\u1eadn l\u1ee3i:<\/strong><\/p>\n<ul data-start=\"1967\" data-end=\"2322\">\n<li data-start=\"1967\" data-end=\"2036\">\n<p data-start=\"1969\" data-end=\"2036\"><strong data-start=\"1969\" data-end=\"1990\">Nh\u1eefng v\u1eadt d\u1ee5ng c\u1ea7n thi\u1ebft khi \u0111i du l\u1ecbch:<\/strong> Gi\u1ea3i quy\u1ebft c\u00e1c v\u1ea5n \u0111\u1ec1 v\u1ec1 kh\u1ea3 n\u0103ng t\u01b0\u01a1ng th\u00edch c\u1ee7a ph\u00edch c\u1eafm t\u1ea1i Hoa K\u1ef3.<\/p>\n<\/li>\n<li data-start=\"2037\" data-end=\"2103\">\n<p data-start=\"2039\" data-end=\"2103\"><strong data-start=\"2039\" data-end=\"2065\">Nh\u1ecf g\u1ecdn v\u00e0 nh\u1eb9:<\/strong> D\u1ec5 d\u00e0ng mang theo trong t\u00fai x\u00e1ch ho\u1eb7c vali.<\/p>\n<\/li>\n<li data-start=\"2104\" data-end=\"2169\">\n<p data-start=\"2106\" data-end=\"2169\"><strong data-start=\"2106\" data-end=\"2133\">Gi\u00e1 c\u1ea3 ph\u1ea3i ch\u0103ng v\u00e0 thi\u1ebft th\u1ef1c:<\/strong> Ti\u1ebft ki\u1ec7m chi ph\u00ed khi mua s\u1ed1 l\u01b0\u1ee3ng l\u1edbn.<\/p>\n<\/li>\n<li data-start=\"2170\" data-end=\"2239\">\n<p data-start=\"2172\" data-end=\"2239\"><strong data-start=\"2172\" data-end=\"2191\">An to\u00e0n v\u00e0 b\u1ec1n b\u1ec9:<\/strong> L\u00f5i \u0111\u1ed3ng + v\u1ecf PC ch\u1ed1ng ch\u00e1y.<\/p>\n<\/li>\n<li data-start=\"2240\" data-end=\"2322\">\n<p data-start=\"2242\" data-end=\"2322\"><strong data-start=\"2242\" data-end=\"2256\">S\u1eb5n s\u00e0ng cho B2B:<\/strong> Ph\u00f9 h\u1ee3p cho b\u00e1n bu\u00f4n, nh\u00e0 nh\u1eadp kh\u1ea9u, nh\u00e0 ph\u00e2n ph\u1ed1i v\u00e0 nh\u00e0 b\u00e1n l\u1ebb.<\/p>\n<\/li>\n<\/ul>\n<p data-start=\"2324\" data-end=\"2558\">Ch\u00fang t\u00f4i cung c\u1ea5p d\u1ecbch v\u1ee5 t\u00f9y ch\u1ec9nh OEM\/ODM, cung c\u1ea5p s\u1ed1 l\u01b0\u1ee3ng l\u1edbn v\u00e0 ph\u00e2n ph\u1ed1i b\u00e1n bu\u00f4n cho c\u00e1c \u0111\u1ed1i t\u00e1c to\u00e0n c\u1ea7u. B\u1ed9 chuy\u1ec3n \u0111\u1ed5i ph\u00edch c\u1eafm c\u1ee7a ch\u00fang t\u00f4i \u0111\u01b0\u1ee3c s\u1eed d\u1ee5ng r\u1ed9ng r\u00e3i b\u1edfi c\u00e1c nh\u00e0 cung c\u1ea5p ph\u1ee5 ki\u1ec7n du l\u1ecbch, nh\u00e0 ph\u00e2n ph\u1ed1i thi\u1ebft b\u1ecb \u0111i\u1ec7n t\u1eed, kh\u00e1ch s\u1ea1n v\u00e0 c\u00e1c n\u1ec1n t\u1ea3ng th\u01b0\u01a1ng m\u1ea1i \u0111i\u1ec7n t\u1eed.<\/p>\n<p><img fetchpriority=\"high\" decoding=\"async\" class=\"alignnone wp-image-9671 size-full\" src=\"https:\/\/imiapower.com\/wp-content\/uploads\/converted-1-23.webp\" alt=\"nh\u00e0 s\u1ea3n xu\u1ea5t b\u1ed9 chuy\u1ec3n \u0111\u1ed5i\" width=\"960\" height=\"960\" srcset=\"https:\/\/imiapower.com\/wp-content\/uploads\/converted-1-23.webp 960w, https:\/\/imiapower.com\/wp-content\/uploads\/converted-1-23-300x300.webp 300w, https:\/\/imiapower.com\/wp-content\/uploads\/converted-1-23-150x150.webp 150w, https:\/\/imiapower.com\/wp-content\/uploads\/converted-1-23-768x768.webp 768w, https:\/\/imiapower.com\/wp-content\/uploads\/converted-1-23-12x12.webp 12w, https:\/\/imiapower.com\/wp-content\/uploads\/converted-1-23-600x600.webp 600w, https:\/\/imiapower.com\/wp-content\/uploads\/converted-1-23-100x100.webp 100w, https:\/\/imiapower.com\/wp-content\/uploads\/converted-1-23-64x64.webp 64w\" sizes=\"(max-width: 960px) 100vw, 960px\" \/><\/p>","protected":false},"featured_media":9672,"comment_status":"open","ping_status":"closed","template":"","meta":{"rank_math_lock_modified_date":false,"site-sidebar-layout":"default","site-content-layout":"","ast-site-content-layout":"default","site-content-style":"default","site-sidebar-style":"default","ast-global-header-display":"","ast-banner-title-visibility":"","ast-main-header-display":"","ast-hfb-above-header-display":"","ast-hfb-below-header-display":"","ast-hfb-mobile-header-display":"","site-post-title":"","ast-breadcrumbs-content":"","ast-featured-img":"","footer-sml-layout":"","ast-disable-related-posts":"","theme-transparent-header-meta":"default","adv-header-id-meta":"","stick-header-meta":"","header-above-stick-meta":"","header-main-stick-meta":"","header-below-stick-meta":"","astra-migrate-meta-layouts":"set","ast-page-background-enabled":"default","ast-page-background-meta":{"desktop":{"background-color":"","background-image":"","background-repeat":"repeat","background-position":"center center","background-size":"auto","background-attachment":"scroll","background-type":"","background-media":"","overlay-type":"","overlay-color":"","overlay-opacity":"","overlay-gradient":""},"tablet":{"background-color":"","background-image":"","background-repeat":"repeat","background-position":"center center","background-size":"auto","background-attachment":"scroll","background-type":"","background-media":"","overlay-type":"","overlay-color":"","overlay-opacity":"","overlay-gradient":""},"mobile":{"background-color":"","background-image":"","background-repeat":"repeat","background-position":"center center","background-size":"auto","background-attachment":"scroll","background-type":"","background-media":"","overlay-type":"","overlay-color":"","overlay-opacity":"","overlay-gradient":""}},"ast-content-background-meta":{"desktop":{"background-color":"var(--ast-global-color-5)","background-image":"","background-repeat":"repeat","background-position":"center center","background-size":"auto","background-attachment":"scroll","background-type":"","background-media":"","overlay-type":"","overlay-color":"","overlay-opacity":"","overlay-gradient":""},"tablet":{"background-color":"var(--ast-global-color-5)","background-image":"","background-repeat":"repeat","background-position":"center center","background-size":"auto","background-attachment":"scroll","background-type":"","background-media":"","overlay-type":"","overlay-color":"","overlay-opacity":"","overlay-gradient":""},"mobile":{"background-color":"var(--ast-global-color-5)","background-image":"","background-repeat":"repeat","background-position":"center center","background-size":"auto","background-attachment":"scroll","background-type":"","background-media":"","overlay-type":"","overlay-color":"","overlay-opacity":"","overlay-gradient":""}}},"product_cat":[64],"product_tag":[],"class_list":{"0":"post-9670","1":"product","2":"type-product","3":"status-publish","4":"has-post-thumbnail","6":"product_cat-travel-adapter","7":"desktop-align-center","8":"tablet-align-center","9":"mobile-align-center","11":"first","12":"instock","13":"shipping-taxable","14":"product-type-simple"},"_links":{"self":[{"href":"https:\/\/imiapower.com\/vi\/wp-json\/wp\/v2\/product\/9670","targetHints":{"allow":["GET"]}}],"collection":[{"href":"https:\/\/imiapower.com\/vi\/wp-json\/wp\/v2\/product"}],"about":[{"href":"https:\/\/imiapower.com\/vi\/wp-json\/wp\/v2\/types\/product"}],"replies":[{"embeddable":true,"href":"https:\/\/imiapower.com\/vi\/wp-json\/wp\/v2\/comments?post=9670"}],"version-history":[{"count":1,"href":"https:\/\/imiapower.com\/vi\/wp-json\/wp\/v2\/product\/9670\/revisions"}],"predecessor-version":[{"id":9673,"href":"https:\/\/imiapower.com\/vi\/wp-json\/wp\/v2\/product\/9670\/revisions\/9673"}],"wp:featuredmedia":[{"embeddable":true,"href":"https:\/\/imiapower.com\/vi\/wp-json\/wp\/v2\/media\/9672"}],"wp:attachment":[{"href":"https:\/\/imiapower.com\/vi\/wp-json\/wp\/v2\/media?parent=9670"}],"wp:term":[{"taxonomy":"product_cat","embeddable":true,"href":"https:\/\/imiapower.com\/vi\/wp-json\/wp\/v2\/product_cat?post=9670"},{"taxonomy":"product_tag","embeddable":true,"href":"https:\/\/imiapower.com\/vi\/wp-json\/wp\/v2\/product_tag?post=9670"}],"curies":[{"name":"trang web","href":"https:\/\/api.w.org\/{rel}","templated":true}]}}