{"id":9674,"date":"2025-09-02T00:13:26","date_gmt":"2025-09-02T00:13:26","guid":{"rendered":"https:\/\/imiapower.com\/?post_type=product&#038;p=9674"},"modified":"2025-09-02T00:13:28","modified_gmt":"2025-09-02T00:13:28","slug":"south-africa-plug-adapter","status":"publish","type":"product","link":"https:\/\/imiapower.com\/vi\/products\/travel-adapter\/south-africa-plug-adapter\/","title":{"rendered":"B\u1ed9 chuy\u1ec3n \u0111\u1ed5i ph\u00edch c\u1eafm Nam Phi | B\u1ed9 chuy\u1ec3n \u0111\u1ed5i ph\u00edch c\u1eafm Anh sang Nam Phi"},"content":{"rendered":"<ul>\n<li><strong>B\u1ed9 chuy\u1ec3n \u0111\u1ed5i ph\u00edch c\u1eafm Nam Phi<\/strong><\/li>\n<li><strong>X\u1ebfp h\u1ea1ng:<\/strong> 100-125V 10A, T\u1ed1i \u0111a 1250W<\/li>\n<li><strong>V\u1eadt li\u1ec7u v\u1ecf:<\/strong> m\u00e1y t\u00ednh<\/li>\n<li><strong>M\u00e0u s\u1eafc:<\/strong> \u0110en v\u00e0 Tr\u1eafng<\/li>\n<li><strong>V\u1eadt li\u1ec7u d\u1eabn \u0111i\u1ec7n:<\/strong> \u0110\u1ed3ng<\/li>\n<li><strong>X\u1ebfp h\u1ea1ng ch\u1ed1ng ch\u00e1y:<\/strong> 94V0<\/li>\n<li><strong>Nh\u1eadn x\u00e9t:<\/strong> B\u1ed9 chuy\u1ec3n \u0111\u1ed5i ph\u00edch c\u1eafm t\u1eeb Anh sang Nam Phi<\/li>\n<\/ul>","protected":false},"excerpt":{"rendered":"<p>B\u1ed9 chuy\u1ec3n \u0111\u1ed5i ph\u00edch c\u1eafm Nam Phi n\u00e0y l\u00e0 gi\u1ea3i ph\u00e1p ho\u00e0n h\u1ea3o cho du kh\u00e1ch V\u01b0\u01a1ng qu\u1ed1c Anh \u0111\u1ebfn Nam Phi.<\/p>\n<p>\u0110\u01b0\u1ee3c thi\u1ebft k\u1ebf \u0111\u1ec3 gi\u1ea3i quy\u1ebft c\u00e1c v\u1ea5n \u0111\u1ec1 v\u1ec1 kh\u1ea3 n\u0103ng t\u01b0\u01a1ng th\u00edch c\u1ee7a ph\u00edch c\u1eafm, \u0111\u1ea3m b\u1ea3o chuy\u1ec3n \u0111\u1ed5i ngu\u1ed3n \u0111i\u1ec7n an to\u00e0n v\u00e0 \u0111\u00e1ng tin c\u1eady.<\/p>\n<p>V\u1edbi thi\u1ebft k\u1ebf nh\u1ecf g\u1ecdn v\u00e0 nh\u1eb9, d\u1ec5 mang theo, gi\u00e1 c\u1ea3 ph\u1ea3i ch\u0103ng v\u00e0 l\u00e0 s\u1ea3n ph\u1ea9m c\u1ea7n thi\u1ebft cho nh\u1eefng chuy\u1ebfn du l\u1ecbch qu\u1ed1c t\u1ebf.<\/p>\n<p>\u0110\u01b0\u1ee3c ch\u1ebf t\u1ea1o t\u1eeb v\u1ecf PC ch\u1ed1ng ch\u00e1y v\u1edbi l\u00f5i \u0111\u1ed3ng, c\u00f4ng su\u1ea5t \u0111\u1ecbnh m\u1ee9c 100-125V, 10A, t\u1ed1i \u0111a 1250W, c\u00f3 s\u1eb5n m\u00e0u \u0111en v\u00e0 tr\u1eafng. L\u00fd t\u01b0\u1edfng cho m\u1ee5c \u0111\u00edch s\u1eed d\u1ee5ng c\u00e1 nh\u00e2n, b\u00e1n l\u1ebb ho\u1eb7c cung c\u1ea5p B2B s\u1ed1 l\u01b0\u1ee3ng l\u1edbn.<\/p>\n<p><img fetchpriority=\"high\" decoding=\"async\" class=\"alignnone wp-image-9675 size-full\" src=\"https:\/\/imiapower.com\/wp-content\/uploads\/converted-1-24.webp\" alt=\"b\u1ed9 chuy\u1ec3n \u0111\u1ed5i ph\u00edch c\u1eafm Nam Phi\" width=\"960\" height=\"960\" srcset=\"https:\/\/imiapower.com\/wp-content\/uploads\/converted-1-24.webp 960w, https:\/\/imiapower.com\/wp-content\/uploads\/converted-1-24-300x300.webp 300w, https:\/\/imiapower.com\/wp-content\/uploads\/converted-1-24-150x150.webp 150w, https:\/\/imiapower.com\/wp-content\/uploads\/converted-1-24-768x768.webp 768w, https:\/\/imiapower.com\/wp-content\/uploads\/converted-1-24-12x12.webp 12w, https:\/\/imiapower.com\/wp-content\/uploads\/converted-1-24-600x600.webp 600w, https:\/\/imiapower.com\/wp-content\/uploads\/converted-1-24-100x100.webp 100w, https:\/\/imiapower.com\/wp-content\/uploads\/converted-1-24-64x64.webp 64w\" sizes=\"(max-width: 960px) 100vw, 960px\" \/><\/p>\n<p>&nbsp;<\/p>","protected":false},"featured_media":9676,"comment_status":"open","ping_status":"closed","template":"","meta":{"rank_math_lock_modified_date":false,"site-sidebar-layout":"default","site-content-layout":"","ast-site-content-layout":"default","site-content-style":"default","site-sidebar-style":"default","ast-global-header-display":"","ast-banner-title-visibility":"","ast-main-header-display":"","ast-hfb-above-header-display":"","ast-hfb-below-header-display":"","ast-hfb-mobile-header-display":"","site-post-title":"","ast-breadcrumbs-content":"","ast-featured-img":"","footer-sml-layout":"","ast-disable-related-posts":"","theme-transparent-header-meta":"default","adv-header-id-meta":"","stick-header-meta":"","header-above-stick-meta":"","header-main-stick-meta":"","header-below-stick-meta":"","astra-migrate-meta-layouts":"set","ast-page-background-enabled":"default","ast-page-background-meta":{"desktop":{"background-color":"","background-image":"","background-repeat":"repeat","background-position":"center center","background-size":"auto","background-attachment":"scroll","background-type":"","background-media":"","overlay-type":"","overlay-color":"","overlay-opacity":"","overlay-gradient":""},"tablet":{"background-color":"","background-image":"","background-repeat":"repeat","background-position":"center center","background-size":"auto","background-attachment":"scroll","background-type":"","background-media":"","overlay-type":"","overlay-color":"","overlay-opacity":"","overlay-gradient":""},"mobile":{"background-color":"","background-image":"","background-repeat":"repeat","background-position":"center center","background-size":"auto","background-attachment":"scroll","background-type":"","background-media":"","overlay-type":"","overlay-color":"","overlay-opacity":"","overlay-gradient":""}},"ast-content-background-meta":{"desktop":{"background-color":"var(--ast-global-color-5)","background-image":"","background-repeat":"repeat","background-position":"center center","background-size":"auto","background-attachment":"scroll","background-type":"","background-media":"","overlay-type":"","overlay-color":"","overlay-opacity":"","overlay-gradient":""},"tablet":{"background-color":"var(--ast-global-color-5)","background-image":"","background-repeat":"repeat","background-position":"center center","background-size":"auto","background-attachment":"scroll","background-type":"","background-media":"","overlay-type":"","overlay-color":"","overlay-opacity":"","overlay-gradient":""},"mobile":{"background-color":"var(--ast-global-color-5)","background-image":"","background-repeat":"repeat","background-position":"center center","background-size":"auto","background-attachment":"scroll","background-type":"","background-media":"","overlay-type":"","overlay-color":"","overlay-opacity":"","overlay-gradient":""}}},"product_cat":[64],"product_tag":[],"class_list":{"0":"post-9674","1":"product","2":"type-product","3":"status-publish","4":"has-post-thumbnail","6":"product_cat-travel-adapter","7":"desktop-align-center","8":"tablet-align-center","9":"mobile-align-center","11":"first","12":"instock","13":"shipping-taxable","14":"product-type-simple"},"_links":{"self":[{"href":"https:\/\/imiapower.com\/vi\/wp-json\/wp\/v2\/product\/9674","targetHints":{"allow":["GET"]}}],"collection":[{"href":"https:\/\/imiapower.com\/vi\/wp-json\/wp\/v2\/product"}],"about":[{"href":"https:\/\/imiapower.com\/vi\/wp-json\/wp\/v2\/types\/product"}],"replies":[{"embeddable":true,"href":"https:\/\/imiapower.com\/vi\/wp-json\/wp\/v2\/comments?post=9674"}],"version-history":[{"count":1,"href":"https:\/\/imiapower.com\/vi\/wp-json\/wp\/v2\/product\/9674\/revisions"}],"predecessor-version":[{"id":9677,"href":"https:\/\/imiapower.com\/vi\/wp-json\/wp\/v2\/product\/9674\/revisions\/9677"}],"wp:featuredmedia":[{"embeddable":true,"href":"https:\/\/imiapower.com\/vi\/wp-json\/wp\/v2\/media\/9676"}],"wp:attachment":[{"href":"https:\/\/imiapower.com\/vi\/wp-json\/wp\/v2\/media?parent=9674"}],"wp:term":[{"taxonomy":"product_cat","embeddable":true,"href":"https:\/\/imiapower.com\/vi\/wp-json\/wp\/v2\/product_cat?post=9674"},{"taxonomy":"product_tag","embeddable":true,"href":"https:\/\/imiapower.com\/vi\/wp-json\/wp\/v2\/product_tag?post=9674"}],"curies":[{"name":"trang web","href":"https:\/\/api.w.org\/{rel}","templated":true}]}}