{"id":9678,"date":"2025-09-02T00:15:19","date_gmt":"2025-09-02T00:15:19","guid":{"rendered":"https:\/\/imiapower.com\/?post_type=product&#038;p=9678"},"modified":"2025-09-02T00:15:20","modified_gmt":"2025-09-02T00:15:20","slug":"travel-plug-adapter-for-china","status":"publish","type":"product","link":"https:\/\/imiapower.com\/vi\/products\/travel-adapter\/travel-plug-adapter-for-china\/","title":{"rendered":"B\u1ed9 chuy\u1ec3n \u0111\u1ed5i ph\u00edch c\u1eafm du l\u1ecbch cho Trung Qu\u1ed1c \u2013 V\u1ecf m\u00e1y t\u00ednh b\u1ec1n, \u0111\u1ea1t chu\u1ea9n UL94 V-0"},"content":{"rendered":"<ul>\n<li><strong>B\u1ed9 chuy\u1ec3n \u0111\u1ed5i ph\u00edch c\u1eafm du l\u1ecbch cho Trung Qu\u1ed1c <\/strong><\/li>\n<li><strong>X\u1ebfp h\u1ea1ng:<\/strong> 250V 10A, T\u1ed1i \u0111a 2500W<\/li>\n<li><strong>V\u1eadt li\u1ec7u v\u1ecf:<\/strong> m\u00e1y t\u00ednh<\/li>\n<li><strong>V\u1eadt li\u1ec7u d\u1eabn \u0111i\u1ec7n:<\/strong> \u0110\u1ed3ng<\/li>\n<li><strong>X\u1ebfp h\u1ea1ng ch\u1ed1ng ch\u00e1y:<\/strong> 94V0<\/li>\n<li><strong>Nh\u1eadn x\u00e9t:<\/strong> B\u1ed9 chuy\u1ec3n \u0111\u1ed5i ph\u00edch c\u1eafm t\u1eeb Anh sang \u00dac\/CN<\/li>\n<li><strong>M\u00e0u s\u1eafc:<\/strong> Tr\u1eafng v\u00e0 \u0110en<\/li>\n<\/ul>","protected":false},"excerpt":{"rendered":"<p>Th\u1ef1c hi\u1ec7n c\u00e1c chuy\u1ebfn \u0111i \u0111\u1ebfn Trung Qu\u1ed1c m\u1ed9t c\u00e1ch d\u1ec5 d\u00e0ng v\u1edbi b\u1ed9 chuy\u1ec3n \u0111\u1ed5i ph\u00edch c\u1eafm t\u1eeb Anh sang \u00dac\/Trung Qu\u1ed1c.<\/p>\n<p>\u0110\u01b0\u1ee3c thi\u1ebft k\u1ebf cho \u1ed5 c\u1eafm lo\u1ea1i I th\u01b0\u1eddng \u0111\u01b0\u1ee3c s\u1eed d\u1ee5ng \u1edf Trung Qu\u1ed1c \u0111\u1ea1i l\u1ee5c v\u00e0 \u00dac, s\u1ea3n ph\u1ea9m n\u00e0y cho ph\u00e9p c\u1eafm c\u00e1c thi\u1ebft b\u1ecb \u1edf V\u01b0\u01a1ng qu\u1ed1c Anh ngay l\u1eadp t\u1ee9c\u2014ho\u00e0n h\u1ea3o cho nh\u1eefng ng\u01b0\u1eddi \u0111i c\u00f4ng t\u00e1c v\u00e0 nh\u00f3m tri\u1ec3n l\u00e3m th\u01b0\u01a1ng m\u1ea1i.<\/p>\n<p>\u0110\u01b0\u1ee3c ch\u1ebf t\u1ea1o b\u1eb1ng v\u1ecf PC (polycarbonate) b\u1ec1n b\u1ec9 v\u00e0 d\u00e2y d\u1eabn b\u1eb1ng \u0111\u1ed3ng, s\u1ea3n ph\u1ea9m h\u1ed7 tr\u1ee3 l\u00ean \u0111\u1ebfn 250V 10A (t\u1ed1i \u0111a 2500W) cho m\u00e1y t\u00ednh x\u00e1ch tay, b\u1ed9 s\u1ea1c v\u00e0 c\u00e1c thi\u1ebft b\u1ecb gia d\u1ee5ng nh\u1ecf.<\/p>\n<p>X\u1ebfp h\u1ea1ng ch\u1ed1ng ch\u00e1y UL94 V-0 t\u0103ng c\u01b0\u1eddng s\u1ef1 an to\u00e0n khi di chuy\u1ec3n. C\u00f3 s\u1eb5n m\u00e0u Tr\u1eafng v\u00e0 \u0110en.<\/p>\n<p>Kh\u1ea3 n\u0103ng t\u01b0\u01a1ng th\u00edch: Ph\u00edch c\u1eafm Anh \u2192 \u1ed4 c\u1eafm t\u01b0\u1eddng AUS\/CN (Lo\u1ea1i I); c\u00f3 th\u1ec3 s\u1eed d\u1ee5ng \u1edf Trung Qu\u1ed1c<\/p>\n<p><img fetchpriority=\"high\" decoding=\"async\" class=\"alignnone wp-image-9679 size-full\" src=\"https:\/\/imiapower.com\/wp-content\/uploads\/converted-1-25.webp\" alt=\"b\u1ed9 chuy\u1ec3n \u0111\u1ed5i ph\u00edch c\u1eafm du l\u1ecbch cho Trung Qu\u1ed1c\" width=\"960\" height=\"960\" srcset=\"https:\/\/imiapower.com\/wp-content\/uploads\/converted-1-25.webp 960w, https:\/\/imiapower.com\/wp-content\/uploads\/converted-1-25-300x300.webp 300w, https:\/\/imiapower.com\/wp-content\/uploads\/converted-1-25-150x150.webp 150w, https:\/\/imiapower.com\/wp-content\/uploads\/converted-1-25-768x768.webp 768w, https:\/\/imiapower.com\/wp-content\/uploads\/converted-1-25-12x12.webp 12w, https:\/\/imiapower.com\/wp-content\/uploads\/converted-1-25-600x600.webp 600w, https:\/\/imiapower.com\/wp-content\/uploads\/converted-1-25-100x100.webp 100w, https:\/\/imiapower.com\/wp-content\/uploads\/converted-1-25-64x64.webp 64w\" sizes=\"(max-width: 960px) 100vw, 960px\" \/><\/p>\n<p>&nbsp;<\/p>","protected":false},"featured_media":9680,"comment_status":"open","ping_status":"closed","template":"","meta":{"rank_math_lock_modified_date":false,"site-sidebar-layout":"default","site-content-layout":"","ast-site-content-layout":"default","site-content-style":"default","site-sidebar-style":"default","ast-global-header-display":"","ast-banner-title-visibility":"","ast-main-header-display":"","ast-hfb-above-header-display":"","ast-hfb-below-header-display":"","ast-hfb-mobile-header-display":"","site-post-title":"","ast-breadcrumbs-content":"","ast-featured-img":"","footer-sml-layout":"","ast-disable-related-posts":"","theme-transparent-header-meta":"default","adv-header-id-meta":"","stick-header-meta":"","header-above-stick-meta":"","header-main-stick-meta":"","header-below-stick-meta":"","astra-migrate-meta-layouts":"set","ast-page-background-enabled":"default","ast-page-background-meta":{"desktop":{"background-color":"","background-image":"","background-repeat":"repeat","background-position":"center center","background-size":"auto","background-attachment":"scroll","background-type":"","background-media":"","overlay-type":"","overlay-color":"","overlay-opacity":"","overlay-gradient":""},"tablet":{"background-color":"","background-image":"","background-repeat":"repeat","background-position":"center center","background-size":"auto","background-attachment":"scroll","background-type":"","background-media":"","overlay-type":"","overlay-color":"","overlay-opacity":"","overlay-gradient":""},"mobile":{"background-color":"","background-image":"","background-repeat":"repeat","background-position":"center center","background-size":"auto","background-attachment":"scroll","background-type":"","background-media":"","overlay-type":"","overlay-color":"","overlay-opacity":"","overlay-gradient":""}},"ast-content-background-meta":{"desktop":{"background-color":"var(--ast-global-color-5)","background-image":"","background-repeat":"repeat","background-position":"center center","background-size":"auto","background-attachment":"scroll","background-type":"","background-media":"","overlay-type":"","overlay-color":"","overlay-opacity":"","overlay-gradient":""},"tablet":{"background-color":"var(--ast-global-color-5)","background-image":"","background-repeat":"repeat","background-position":"center center","background-size":"auto","background-attachment":"scroll","background-type":"","background-media":"","overlay-type":"","overlay-color":"","overlay-opacity":"","overlay-gradient":""},"mobile":{"background-color":"var(--ast-global-color-5)","background-image":"","background-repeat":"repeat","background-position":"center center","background-size":"auto","background-attachment":"scroll","background-type":"","background-media":"","overlay-type":"","overlay-color":"","overlay-opacity":"","overlay-gradient":""}}},"product_cat":[64],"product_tag":[],"class_list":{"0":"post-9678","1":"product","2":"type-product","3":"status-publish","4":"has-post-thumbnail","6":"product_cat-travel-adapter","7":"desktop-align-center","8":"tablet-align-center","9":"mobile-align-center","11":"first","12":"instock","13":"shipping-taxable","14":"product-type-simple"},"_links":{"self":[{"href":"https:\/\/imiapower.com\/vi\/wp-json\/wp\/v2\/product\/9678","targetHints":{"allow":["GET"]}}],"collection":[{"href":"https:\/\/imiapower.com\/vi\/wp-json\/wp\/v2\/product"}],"about":[{"href":"https:\/\/imiapower.com\/vi\/wp-json\/wp\/v2\/types\/product"}],"replies":[{"embeddable":true,"href":"https:\/\/imiapower.com\/vi\/wp-json\/wp\/v2\/comments?post=9678"}],"version-history":[{"count":1,"href":"https:\/\/imiapower.com\/vi\/wp-json\/wp\/v2\/product\/9678\/revisions"}],"predecessor-version":[{"id":9681,"href":"https:\/\/imiapower.com\/vi\/wp-json\/wp\/v2\/product\/9678\/revisions\/9681"}],"wp:featuredmedia":[{"embeddable":true,"href":"https:\/\/imiapower.com\/vi\/wp-json\/wp\/v2\/media\/9680"}],"wp:attachment":[{"href":"https:\/\/imiapower.com\/vi\/wp-json\/wp\/v2\/media?parent=9678"}],"wp:term":[{"taxonomy":"product_cat","embeddable":true,"href":"https:\/\/imiapower.com\/vi\/wp-json\/wp\/v2\/product_cat?post=9678"},{"taxonomy":"product_tag","embeddable":true,"href":"https:\/\/imiapower.com\/vi\/wp-json\/wp\/v2\/product_tag?post=9678"}],"curies":[{"name":"trang web","href":"https:\/\/api.w.org\/{rel}","templated":true}]}}