{"id":9682,"date":"2025-10-16T08:57:50","date_gmt":"2025-10-16T08:57:50","guid":{"rendered":"https:\/\/imiapower.com\/?post_type=product&#038;p=9682"},"modified":"2025-10-16T08:57:51","modified_gmt":"2025-10-16T08:57:51","slug":"wholesale-power-adapters-in-uk","status":"publish","type":"product","link":"https:\/\/imiapower.com\/vi\/products\/travel-adapter\/wholesale-power-adapters-in-uk\/","title":{"rendered":"B\u1ed9 \u0111\u1ed5i ngu\u1ed3n b\u00e1n bu\u00f4n t\u1ea1i V\u01b0\u01a1ng qu\u1ed1c Anh | \u1ed4 c\u1eafm du l\u1ecbch t\u1eeb th\u1ebf gi\u1edbi \u0111\u1ebfn V\u01b0\u01a1ng qu\u1ed1c Anh v\u1edbi c\u00f4ng su\u1ea5t 20W PD, 2 c\u1ed5ng USB-C v\u00e0 1 c\u1ed5ng USB-A"},"content":{"rendered":"<ul>\n<li><strong>B\u1ed9 \u0111\u1ed5i ngu\u1ed3n b\u00e1n bu\u00f4n t\u1ea1i Anh<\/strong><\/li>\n<li><strong>\u0110\u1ea7u v\u00e0o:<\/strong> T\u1ed1i \u0111a 100-250V 10A. T\u1ed1i \u0111a 2500W.<\/li>\n<li><strong>\u0110\u1ea7u ra:<\/strong> PD 20w<\/li>\n<li><strong>C\u1ed5ng s\u1ea1c:<\/strong> 2 c\u1ed5ng USB C v\u00e0 1 c\u1ed5ng USB A.<\/li>\n<li><strong>M\u00e0u s\u1eafc:<\/strong> Tr\u1eafng v\u00e0 \u0110en<\/li>\n<li><strong>Nh\u1eadn x\u00e9t:<\/strong> B\u1ed9 chuy\u1ec3n \u0111\u1ed5i ph\u00edch c\u1eafm du l\u1ecbch t\u1eeb Th\u1ebf gi\u1edbi sang V\u01b0\u01a1ng qu\u1ed1c Anh<\/li>\n<\/ul>","protected":false},"excerpt":{"rendered":"<p><img fetchpriority=\"high\" decoding=\"async\" class=\"alignnone wp-image-9683 size-full\" src=\"https:\/\/imiapower.com\/wp-content\/uploads\/converted-1-26.webp\" alt=\"b\u1ed9 \u0111\u1ed5i ngu\u1ed3n b\u00e1n bu\u00f4n t\u1ea1i Anh\" width=\"800\" height=\"1053\" srcset=\"https:\/\/imiapower.com\/wp-content\/uploads\/converted-1-26.webp 800w, https:\/\/imiapower.com\/wp-content\/uploads\/converted-1-26-228x300.webp 228w, https:\/\/imiapower.com\/wp-content\/uploads\/converted-1-26-778x1024.webp 778w, https:\/\/imiapower.com\/wp-content\/uploads\/converted-1-26-768x1011.webp 768w, https:\/\/imiapower.com\/wp-content\/uploads\/converted-1-26-9x12.webp 9w, https:\/\/imiapower.com\/wp-content\/uploads\/converted-1-26-600x790.webp 600w, https:\/\/imiapower.com\/wp-content\/uploads\/converted-1-26-64x84.webp 64w\" sizes=\"(max-width: 800px) 100vw, 800px\" \/><\/p>\n<p data-start=\"907\" data-end=\"1079\">B\u1ea1n \u0111ang t\u00ecm b\u1ed9 chuy\u1ec3n \u0111\u1ed5i ngu\u1ed3n b\u00e1n bu\u00f4n t\u1ea1i V\u01b0\u01a1ng qu\u1ed1c Anh? B\u1ed9 chuy\u1ec3n \u0111\u1ed5i ph\u00edch c\u1eafm du l\u1ecbch \u0111a n\u0103ng t\u1eeb th\u1ebf gi\u1edbi sang V\u01b0\u01a1ng qu\u1ed1c Anh n\u00e0y \u0111\u01b0\u1ee3c thi\u1ebft k\u1ebf d\u00e0nh cho ng\u01b0\u1eddi mua s\u1ed1 l\u01b0\u1ee3ng l\u1edbn, nh\u00e0 ph\u00e2n ph\u1ed1i v\u00e0 kh\u00e1ch du l\u1ecbch qu\u1ed1c t\u1ebf.<\/p>\n<p data-start=\"1081\" data-end=\"1572\">\u2705 <strong data-start=\"1083\" data-end=\"1105\">Kh\u1ea3 n\u0103ng t\u01b0\u01a1ng th\u00edch r\u1ed9ng<\/strong> \u2013 Ho\u1ea1t \u0111\u1ed9ng v\u1edbi \u0111i\u1ec7n \u00e1p 100\u2013250V, 10A, t\u1ed1i \u0111a 2500W, ph\u00f9 h\u1ee3p v\u1edbi ph\u00edch c\u1eafm c\u1ee7a h\u1ea7u h\u1ebft c\u00e1c qu\u1ed1c gia.<\/p>\n<p data-start=\"1081\" data-end=\"1572\"><br data-start=\"1184\" data-end=\"1187\" \/>\u2705 <strong data-start=\"1189\" data-end=\"1213\">S\u1ea1c nhanh PD 20W<\/strong> \u2013 S\u1ea1c \u0111i\u1ec7n tho\u1ea1i th\u00f4ng minh, m\u00e1y t\u00ednh b\u1ea3ng v\u00e0 c\u00e1c thi\u1ebft b\u1ecb kh\u00e1c m\u1ed9t c\u00e1ch nhanh ch\u00f3ng.<\/p>\n<p data-start=\"1081\" data-end=\"1572\"><br data-start=\"1272\" data-end=\"1275\" \/>\u2705 <strong data-start=\"1277\" data-end=\"1294\">3 \u0111\u1ea7u ra USB<\/strong> \u2013 2 c\u1ed5ng USB-C + 1 c\u1ed5ng USB-A \u0111\u1ec3 s\u1ea1c nhi\u1ec1u thi\u1ebft b\u1ecb c\u00f9ng l\u00fac.<\/p>\n<p data-start=\"1081\" data-end=\"1572\"><br data-start=\"1367\" data-end=\"1370\" \/>\u2705 <strong data-start=\"1372\" data-end=\"1395\">\u1ed4 c\u1eafm \u0111i\u1ec7n AC \u0111a n\u0103ng<\/strong> \u2013 Ch\u1ea5p nh\u1eadn ph\u00edch c\u1eafm t\u1eeb kh\u1eafp n\u01a1i tr\u00ean th\u1ebf gi\u1edbi, tr\u1edf th\u00e0nh v\u1eadt d\u1ee5ng kh\u00f4ng th\u1ec3 thi\u1ebfu \u0111\u1ed1i v\u1edbi nh\u1eefng du kh\u00e1ch \u0111i du l\u1ecbch kh\u1eafp th\u1ebf gi\u1edbi.<\/p>\n<p data-start=\"1081\" data-end=\"1572\"><br data-start=\"1478\" data-end=\"1481\" \/>\u2705 <strong data-start=\"1483\" data-end=\"1501\">An to\u00e0n v\u00e0 b\u1ec1n b\u1ec9<\/strong> \u2013 \u0110\u01b0\u1ee3c l\u00e0m t\u1eeb v\u1ecf PC ch\u1ed1ng ch\u00e1y, c\u00f3 m\u00e0u \u0111en v\u00e0 tr\u1eafng.<\/p>","protected":false},"featured_media":9684,"comment_status":"open","ping_status":"closed","template":"","meta":{"rank_math_lock_modified_date":false,"site-sidebar-layout":"default","site-content-layout":"","ast-site-content-layout":"default","site-content-style":"default","site-sidebar-style":"default","ast-global-header-display":"","ast-banner-title-visibility":"","ast-main-header-display":"","ast-hfb-above-header-display":"","ast-hfb-below-header-display":"","ast-hfb-mobile-header-display":"","site-post-title":"","ast-breadcrumbs-content":"","ast-featured-img":"","footer-sml-layout":"","ast-disable-related-posts":"","theme-transparent-header-meta":"default","adv-header-id-meta":"","stick-header-meta":"","header-above-stick-meta":"","header-main-stick-meta":"","header-below-stick-meta":"","astra-migrate-meta-layouts":"set","ast-page-background-enabled":"default","ast-page-background-meta":{"desktop":{"background-color":"","background-image":"","background-repeat":"repeat","background-position":"center center","background-size":"auto","background-attachment":"scroll","background-type":"","background-media":"","overlay-type":"","overlay-color":"","overlay-opacity":"","overlay-gradient":""},"tablet":{"background-color":"","background-image":"","background-repeat":"repeat","background-position":"center center","background-size":"auto","background-attachment":"scroll","background-type":"","background-media":"","overlay-type":"","overlay-color":"","overlay-opacity":"","overlay-gradient":""},"mobile":{"background-color":"","background-image":"","background-repeat":"repeat","background-position":"center center","background-size":"auto","background-attachment":"scroll","background-type":"","background-media":"","overlay-type":"","overlay-color":"","overlay-opacity":"","overlay-gradient":""}},"ast-content-background-meta":{"desktop":{"background-color":"var(--ast-global-color-5)","background-image":"","background-repeat":"repeat","background-position":"center center","background-size":"auto","background-attachment":"scroll","background-type":"","background-media":"","overlay-type":"","overlay-color":"","overlay-opacity":"","overlay-gradient":""},"tablet":{"background-color":"var(--ast-global-color-5)","background-image":"","background-repeat":"repeat","background-position":"center center","background-size":"auto","background-attachment":"scroll","background-type":"","background-media":"","overlay-type":"","overlay-color":"","overlay-opacity":"","overlay-gradient":""},"mobile":{"background-color":"var(--ast-global-color-5)","background-image":"","background-repeat":"repeat","background-position":"center center","background-size":"auto","background-attachment":"scroll","background-type":"","background-media":"","overlay-type":"","overlay-color":"","overlay-opacity":"","overlay-gradient":""}}},"product_cat":[64],"product_tag":[],"class_list":{"0":"post-9682","1":"product","2":"type-product","3":"status-publish","4":"has-post-thumbnail","6":"product_cat-travel-adapter","7":"desktop-align-center","8":"tablet-align-center","9":"mobile-align-center","11":"first","12":"instock","13":"shipping-taxable","14":"product-type-simple"},"_links":{"self":[{"href":"https:\/\/imiapower.com\/vi\/wp-json\/wp\/v2\/product\/9682","targetHints":{"allow":["GET"]}}],"collection":[{"href":"https:\/\/imiapower.com\/vi\/wp-json\/wp\/v2\/product"}],"about":[{"href":"https:\/\/imiapower.com\/vi\/wp-json\/wp\/v2\/types\/product"}],"replies":[{"embeddable":true,"href":"https:\/\/imiapower.com\/vi\/wp-json\/wp\/v2\/comments?post=9682"}],"version-history":[{"count":3,"href":"https:\/\/imiapower.com\/vi\/wp-json\/wp\/v2\/product\/9682\/revisions"}],"predecessor-version":[{"id":9687,"href":"https:\/\/imiapower.com\/vi\/wp-json\/wp\/v2\/product\/9682\/revisions\/9687"}],"wp:featuredmedia":[{"embeddable":true,"href":"https:\/\/imiapower.com\/vi\/wp-json\/wp\/v2\/media\/9684"}],"wp:attachment":[{"href":"https:\/\/imiapower.com\/vi\/wp-json\/wp\/v2\/media?parent=9682"}],"wp:term":[{"taxonomy":"product_cat","embeddable":true,"href":"https:\/\/imiapower.com\/vi\/wp-json\/wp\/v2\/product_cat?post=9682"},{"taxonomy":"product_tag","embeddable":true,"href":"https:\/\/imiapower.com\/vi\/wp-json\/wp\/v2\/product_tag?post=9682"}],"curies":[{"name":"trang web","href":"https:\/\/api.w.org\/{rel}","templated":true}]}}