{"id":9713,"date":"2025-09-01T06:28:31","date_gmt":"2025-09-01T06:28:31","guid":{"rendered":"https:\/\/imiapower.com\/?post_type=product&#038;p=9713"},"modified":"2025-10-16T08:57:09","modified_gmt":"2025-10-16T08:57:09","slug":"travel-universal-adaptor","status":"publish","type":"product","link":"https:\/\/imiapower.com\/vi\/products\/travel-adapter\/travel-universal-adaptor\/","title":{"rendered":"B\u1ed9 chuy\u1ec3n \u0111\u1ed5i du l\u1ecbch \u0111a n\u0103ng AUS Plug c\u00f3 s\u1ea1c nhanh PD 20W | USB-C &amp; USB-A"},"content":{"rendered":"<ul>\n<li><strong>B\u1ed9 chuy\u1ec3n \u0111\u1ed5i du l\u1ecbch \u0111a n\u0103ng<\/strong><\/li>\n<li><strong>\u0110\u1ea7u v\u00e0o:<\/strong> T\u1ed1i \u0111a 100-250V 10A. T\u1ed1i \u0111a 2500W.<\/li>\n<li><strong>\u0110\u1ea7u ra:<\/strong> PD 20w<\/li>\n<li><strong>C\u1ed5ng s\u1ea1c:<\/strong> 2 c\u1ed5ng USB C v\u00e0 1 c\u1ed5ng USB A.<\/li>\n<li><strong>M\u00e0u s\u1eafc:<\/strong> Tr\u1eafng v\u00e0 \u0110en<\/li>\n<li><strong>K\u00edch th\u01b0\u1edbc b\u1ed9 chuy\u1ec3n \u0111\u1ed5i:<\/strong> 66*64,8*83mm<\/li>\n<li><strong>Tr\u1ecdng l\u01b0\u1ee3ng b\u1ed9 chuy\u1ec3n \u0111\u1ed5i:<\/strong> 95g<\/li>\n<li><strong>Nh\u1eadn x\u00e9t:<\/strong> B\u1ed9 chuy\u1ec3n \u0111\u1ed5i ph\u00edch c\u1eafm du l\u1ecbch t\u1eeb Th\u1ebf gi\u1edbi sang \u00dac<\/li>\n<\/ul>","protected":false},"excerpt":{"rendered":"<p><img fetchpriority=\"high\" decoding=\"async\" class=\"alignnone wp-image-9715 size-full\" src=\"https:\/\/imiapower.com\/wp-content\/uploads\/converted-35.webp\" alt=\"b\u1ed9 chuy\u1ec3n \u0111\u1ed5i du l\u1ecbch \u0111a n\u0103ng\" width=\"800\" height=\"1269\" srcset=\"https:\/\/imiapower.com\/wp-content\/uploads\/converted-35.webp 800w, https:\/\/imiapower.com\/wp-content\/uploads\/converted-35-189x300.webp 189w, https:\/\/imiapower.com\/wp-content\/uploads\/converted-35-646x1024.webp 646w, https:\/\/imiapower.com\/wp-content\/uploads\/converted-35-768x1218.webp 768w, https:\/\/imiapower.com\/wp-content\/uploads\/converted-35-8x12.webp 8w, https:\/\/imiapower.com\/wp-content\/uploads\/converted-35-600x952.webp 600w, https:\/\/imiapower.com\/wp-content\/uploads\/converted-35-64x102.webp 64w\" sizes=\"(max-width: 800px) 100vw, 800px\" \/><\/p>\n<p>B\u1ed9 chuy\u1ec3n \u0111\u1ed5i du l\u1ecbch \u0111a n\u0103ng d\u00e0nh cho c\u00e1c qu\u1ed1c gia s\u1eed d\u1ee5ng \u1ed5 c\u1eafm ki\u1ec3u AUS \u2013 s\u1ef1 l\u1ef1a ch\u1ecdn ho\u00e0n h\u1ea3o cho du kh\u00e1ch \u0111\u1ebfn \u00dac, New Zealand, Trung Qu\u1ed1c v\u00e0 c\u00e1c khu v\u1ef1c s\u1eed d\u1ee5ng \u1ed5 c\u1eafm ki\u1ec3u AUS.<\/p>\n<p>B\u1ed9 chuy\u1ec3n \u0111\u1ed5i n\u00e0y kh\u00f4ng ch\u1ec9 h\u1ed7 tr\u1ee3 100\u2013250V, 10A (l\u00ean \u0111\u1ebfn 2500W) \u0111\u1ec3 t\u01b0\u01a1ng th\u00edch to\u00e0n c\u1ea7u m\u00e0 c\u00f2n bao g\u1ed3m s\u1ea1c nhanh PD 20W v\u1edbi 2 c\u1ed5ng USB-C v\u00e0 1 c\u1ed5ng USB-A, cho ph\u00e9p b\u1ea1n c\u1ea5p ngu\u1ed3n cho nhi\u1ec1u thi\u1ebft b\u1ecb c\u00f9ng m\u1ed9t l\u00fac.<\/p>\n<p>Ch\u1ec9 n\u1eb7ng 95g v\u1edbi thi\u1ebft k\u1ebf nh\u1ecf g\u1ecdn (66\u00d764,8\u00d783mm), \u0111\u00e2y l\u00e0 m\u1ed9t thi\u1ebft b\u1ecb du l\u1ecbch th\u00f4ng minh v\u00e0 \u0111\u00e1ng tin c\u1eady<\/p>\n<p>&nbsp;<\/p>","protected":false},"featured_media":9714,"comment_status":"open","ping_status":"closed","template":"","meta":{"rank_math_lock_modified_date":false,"site-sidebar-layout":"default","site-content-layout":"","ast-site-content-layout":"default","site-content-style":"default","site-sidebar-style":"default","ast-global-header-display":"","ast-banner-title-visibility":"","ast-main-header-display":"","ast-hfb-above-header-display":"","ast-hfb-below-header-display":"","ast-hfb-mobile-header-display":"","site-post-title":"","ast-breadcrumbs-content":"","ast-featured-img":"","footer-sml-layout":"","ast-disable-related-posts":"","theme-transparent-header-meta":"default","adv-header-id-meta":"","stick-header-meta":"","header-above-stick-meta":"","header-main-stick-meta":"","header-below-stick-meta":"","astra-migrate-meta-layouts":"set","ast-page-background-enabled":"default","ast-page-background-meta":{"desktop":{"background-color":"","background-image":"","background-repeat":"repeat","background-position":"center center","background-size":"auto","background-attachment":"scroll","background-type":"","background-media":"","overlay-type":"","overlay-color":"","overlay-opacity":"","overlay-gradient":""},"tablet":{"background-color":"","background-image":"","background-repeat":"repeat","background-position":"center center","background-size":"auto","background-attachment":"scroll","background-type":"","background-media":"","overlay-type":"","overlay-color":"","overlay-opacity":"","overlay-gradient":""},"mobile":{"background-color":"","background-image":"","background-repeat":"repeat","background-position":"center center","background-size":"auto","background-attachment":"scroll","background-type":"","background-media":"","overlay-type":"","overlay-color":"","overlay-opacity":"","overlay-gradient":""}},"ast-content-background-meta":{"desktop":{"background-color":"var(--ast-global-color-5)","background-image":"","background-repeat":"repeat","background-position":"center center","background-size":"auto","background-attachment":"scroll","background-type":"","background-media":"","overlay-type":"","overlay-color":"","overlay-opacity":"","overlay-gradient":""},"tablet":{"background-color":"var(--ast-global-color-5)","background-image":"","background-repeat":"repeat","background-position":"center center","background-size":"auto","background-attachment":"scroll","background-type":"","background-media":"","overlay-type":"","overlay-color":"","overlay-opacity":"","overlay-gradient":""},"mobile":{"background-color":"var(--ast-global-color-5)","background-image":"","background-repeat":"repeat","background-position":"center center","background-size":"auto","background-attachment":"scroll","background-type":"","background-media":"","overlay-type":"","overlay-color":"","overlay-opacity":"","overlay-gradient":""}}},"product_cat":[64],"product_tag":[],"class_list":{"0":"post-9713","1":"product","2":"type-product","3":"status-publish","4":"has-post-thumbnail","6":"product_cat-travel-adapter","7":"desktop-align-center","8":"tablet-align-center","9":"mobile-align-center","11":"first","12":"instock","13":"shipping-taxable","14":"product-type-simple"},"_links":{"self":[{"href":"https:\/\/imiapower.com\/vi\/wp-json\/wp\/v2\/product\/9713","targetHints":{"allow":["GET"]}}],"collection":[{"href":"https:\/\/imiapower.com\/vi\/wp-json\/wp\/v2\/product"}],"about":[{"href":"https:\/\/imiapower.com\/vi\/wp-json\/wp\/v2\/types\/product"}],"replies":[{"embeddable":true,"href":"https:\/\/imiapower.com\/vi\/wp-json\/wp\/v2\/comments?post=9713"}],"version-history":[{"count":1,"href":"https:\/\/imiapower.com\/vi\/wp-json\/wp\/v2\/product\/9713\/revisions"}],"predecessor-version":[{"id":9716,"href":"https:\/\/imiapower.com\/vi\/wp-json\/wp\/v2\/product\/9713\/revisions\/9716"}],"wp:featuredmedia":[{"embeddable":true,"href":"https:\/\/imiapower.com\/vi\/wp-json\/wp\/v2\/media\/9714"}],"wp:attachment":[{"href":"https:\/\/imiapower.com\/vi\/wp-json\/wp\/v2\/media?parent=9713"}],"wp:term":[{"taxonomy":"product_cat","embeddable":true,"href":"https:\/\/imiapower.com\/vi\/wp-json\/wp\/v2\/product_cat?post=9713"},{"taxonomy":"product_tag","embeddable":true,"href":"https:\/\/imiapower.com\/vi\/wp-json\/wp\/v2\/product_tag?post=9713"}],"curies":[{"name":"trang web","href":"https:\/\/api.w.org\/{rel}","templated":true}]}}