{"id":9717,"date":"2025-09-01T06:52:08","date_gmt":"2025-09-01T06:52:08","guid":{"rendered":"https:\/\/imiapower.com\/?post_type=product&#038;p=9717"},"modified":"2025-09-08T00:28:25","modified_gmt":"2025-09-08T00:28:25","slug":"odm-power-supply-german-plug","status":"publish","type":"product","link":"https:\/\/imiapower.com\/vi\/products\/travel-adapter\/odm-power-supply-german-plug\/","title":{"rendered":"B\u1ed9 chuy\u1ec3n \u0111\u1ed5i ngu\u1ed3n \u0111i\u1ec7n ODM \u0110\u1ee9c c\u00f3 s\u1ea1c nhanh PD 20W | C\u1ed5ng USB-C &amp; USB-A"},"content":{"rendered":"<ul>\n<li><strong>Ngu\u1ed3n \u0111i\u1ec7n Odm<\/strong><\/li>\n<li><strong>\u0110\u1ea7u v\u00e0o:<\/strong> T\u1ed1i \u0111a 100-250V 10A. T\u1ed1i \u0111a 2500W.<\/li>\n<li><strong>\u0110\u1ea7u ra:<\/strong> PD 20w<\/li>\n<li><strong>C\u1ed5ng s\u1ea1c:<\/strong> 2 c\u1ed5ng USB C v\u00e0 1 c\u1ed5ng USB A.<\/li>\n<li><strong>M\u00e0u s\u1eafc:<\/strong> Tr\u1eafng v\u00e0 \u0110en<\/li>\n<li><strong>C\u00e2n n\u1eb7ng:<\/strong> 95g<\/li>\n<li><strong>Nh\u1eadn x\u00e9t:<\/strong> B\u1ed9 chuy\u1ec3n \u0111\u1ed5i ph\u00edch c\u1eafm du l\u1ecbch t\u1eeb Th\u1ebf gi\u1edbi sang \u0110\u1ee9c<\/li>\n<\/ul>","protected":false},"excerpt":{"rendered":"<p><img fetchpriority=\"high\" decoding=\"async\" class=\"alignnone wp-image-9718 size-full\" src=\"https:\/\/imiapower.com\/wp-content\/uploads\/converted-1-28.webp\" alt=\"ngu\u1ed3n \u0111i\u1ec7n odm\" width=\"960\" height=\"960\" srcset=\"https:\/\/imiapower.com\/wp-content\/uploads\/converted-1-28.webp 960w, https:\/\/imiapower.com\/wp-content\/uploads\/converted-1-28-300x300.webp 300w, https:\/\/imiapower.com\/wp-content\/uploads\/converted-1-28-150x150.webp 150w, https:\/\/imiapower.com\/wp-content\/uploads\/converted-1-28-768x768.webp 768w, https:\/\/imiapower.com\/wp-content\/uploads\/converted-1-28-12x12.webp 12w, https:\/\/imiapower.com\/wp-content\/uploads\/converted-1-28-600x600.webp 600w, https:\/\/imiapower.com\/wp-content\/uploads\/converted-1-28-100x100.webp 100w, https:\/\/imiapower.com\/wp-content\/uploads\/converted-1-28-64x64.webp 64w\" sizes=\"(max-width: 960px) 100vw, 960px\" \/><\/p>\n<p data-start=\"808\" data-end=\"1148\">B\u1ed9 chuy\u1ec3n \u0111\u1ed5i ngu\u1ed3n \u0111i\u1ec7n ODM c\u1ee7a \u0110\u1ee9c \u2013 \u0111\u01b0\u1ee3c thi\u1ebft k\u1ebf cho c\u00e1c th\u01b0\u01a1ng hi\u1ec7u, nh\u00e0 ph\u00e2n ph\u1ed1i v\u00e0 ng\u01b0\u1eddi mua b\u00e1n bu\u00f4n c\u00f3 nhu c\u1ea7u v\u1ec1 thi\u1ebft b\u1ecb cung c\u1ea5p \u0111i\u1ec7n ch\u1ea5t l\u01b0\u1ee3ng cao, c\u00f3 th\u1ec3 t\u00f9y ch\u1ec9nh.<\/p>\n<p data-start=\"808\" data-end=\"1148\">C\u00f2n \u0111\u01b0\u1ee3c g\u1ecdi l\u00e0 b\u1ed9 \u0111i\u1ec1u h\u1ee3p, c\u00e1c gi\u1ea3i ph\u00e1p ODM n\u00e0y \u0111\u01b0\u1ee3c s\u1eed d\u1ee5ng r\u1ed9ng r\u00e3i trong c\u00e1c ng\u00e0nh c\u00f4ng nghi\u1ec7p nh\u01b0 \u0111i\u1ec7n t\u1eed ti\u00eau d\u00f9ng, ph\u1ee5 ki\u1ec7n du l\u1ecbch, kh\u00e1ch s\u1ea1n v\u00e0 c\u00e1c d\u1ef1 \u00e1n \u0111\u00f3ng g\u00f3i b\u00e1n l\u1ebb.<\/p>\n<p data-start=\"1150\" data-end=\"1470\">M\u1eabu n\u00e0y h\u1ed7 tr\u1ee3 \u0111\u1ea7u v\u00e0o 100\u2013250V, 10A (l\u00ean \u0111\u1ebfn 2500W) v\u00e0 cung c\u1ea5p \u0111\u1ea7u ra s\u1ea1c nhanh PD 20W v\u1edbi 2 c\u1ed5ng USB-C v\u00e0 1 c\u1ed5ng USB-A, cho ph\u00e9p s\u1ea1c nhi\u1ec1u thi\u1ebft b\u1ecb c\u00f9ng l\u00fac.<\/p>\n<p data-start=\"1472\" data-end=\"1629\">C\u00f3 s\u1eb5n m\u00e0u tr\u1eafng v\u00e0 \u0111en, b\u1ed9 chuy\u1ec3n \u0111\u1ed5i ODM n\u00e0y l\u00e0 l\u1ef1a ch\u1ecdn th\u00f4ng minh cho c\u00e1c \u0111\u1ed1i t\u00e1c \u0111ang t\u00ecm ki\u1ebfm gi\u1ea3i ph\u00e1p nh\u00e3n hi\u1ec7u t\u00f9y ch\u1ec9nh, \u0111\u01a1n \u0111\u1eb7t h\u00e0ng s\u1ed1 l\u01b0\u1ee3ng l\u1edbn ho\u1eb7c nh\u00e3n hi\u1ec7u ri\u00eang.<\/p>\n<p>&nbsp;<\/p>","protected":false},"featured_media":9719,"comment_status":"open","ping_status":"closed","template":"","meta":{"rank_math_lock_modified_date":false,"site-sidebar-layout":"default","site-content-layout":"","ast-site-content-layout":"default","site-content-style":"default","site-sidebar-style":"default","ast-global-header-display":"","ast-banner-title-visibility":"","ast-main-header-display":"","ast-hfb-above-header-display":"","ast-hfb-below-header-display":"","ast-hfb-mobile-header-display":"","site-post-title":"","ast-breadcrumbs-content":"","ast-featured-img":"","footer-sml-layout":"","ast-disable-related-posts":"","theme-transparent-header-meta":"default","adv-header-id-meta":"","stick-header-meta":"","header-above-stick-meta":"","header-main-stick-meta":"","header-below-stick-meta":"","astra-migrate-meta-layouts":"set","ast-page-background-enabled":"default","ast-page-background-meta":{"desktop":{"background-color":"","background-image":"","background-repeat":"repeat","background-position":"center center","background-size":"auto","background-attachment":"scroll","background-type":"","background-media":"","overlay-type":"","overlay-color":"","overlay-opacity":"","overlay-gradient":""},"tablet":{"background-color":"","background-image":"","background-repeat":"repeat","background-position":"center center","background-size":"auto","background-attachment":"scroll","background-type":"","background-media":"","overlay-type":"","overlay-color":"","overlay-opacity":"","overlay-gradient":""},"mobile":{"background-color":"","background-image":"","background-repeat":"repeat","background-position":"center center","background-size":"auto","background-attachment":"scroll","background-type":"","background-media":"","overlay-type":"","overlay-color":"","overlay-opacity":"","overlay-gradient":""}},"ast-content-background-meta":{"desktop":{"background-color":"var(--ast-global-color-5)","background-image":"","background-repeat":"repeat","background-position":"center center","background-size":"auto","background-attachment":"scroll","background-type":"","background-media":"","overlay-type":"","overlay-color":"","overlay-opacity":"","overlay-gradient":""},"tablet":{"background-color":"var(--ast-global-color-5)","background-image":"","background-repeat":"repeat","background-position":"center center","background-size":"auto","background-attachment":"scroll","background-type":"","background-media":"","overlay-type":"","overlay-color":"","overlay-opacity":"","overlay-gradient":""},"mobile":{"background-color":"var(--ast-global-color-5)","background-image":"","background-repeat":"repeat","background-position":"center center","background-size":"auto","background-attachment":"scroll","background-type":"","background-media":"","overlay-type":"","overlay-color":"","overlay-opacity":"","overlay-gradient":""}}},"product_cat":[64],"product_tag":[],"class_list":{"0":"post-9717","1":"product","2":"type-product","3":"status-publish","4":"has-post-thumbnail","6":"product_cat-travel-adapter","7":"desktop-align-center","8":"tablet-align-center","9":"mobile-align-center","11":"first","12":"instock","13":"shipping-taxable","14":"product-type-simple"},"_links":{"self":[{"href":"https:\/\/imiapower.com\/vi\/wp-json\/wp\/v2\/product\/9717","targetHints":{"allow":["GET"]}}],"collection":[{"href":"https:\/\/imiapower.com\/vi\/wp-json\/wp\/v2\/product"}],"about":[{"href":"https:\/\/imiapower.com\/vi\/wp-json\/wp\/v2\/types\/product"}],"replies":[{"embeddable":true,"href":"https:\/\/imiapower.com\/vi\/wp-json\/wp\/v2\/comments?post=9717"}],"version-history":[{"count":1,"href":"https:\/\/imiapower.com\/vi\/wp-json\/wp\/v2\/product\/9717\/revisions"}],"predecessor-version":[{"id":9720,"href":"https:\/\/imiapower.com\/vi\/wp-json\/wp\/v2\/product\/9717\/revisions\/9720"}],"wp:featuredmedia":[{"embeddable":true,"href":"https:\/\/imiapower.com\/vi\/wp-json\/wp\/v2\/media\/9719"}],"wp:attachment":[{"href":"https:\/\/imiapower.com\/vi\/wp-json\/wp\/v2\/media?parent=9717"}],"wp:term":[{"taxonomy":"product_cat","embeddable":true,"href":"https:\/\/imiapower.com\/vi\/wp-json\/wp\/v2\/product_cat?post=9717"},{"taxonomy":"product_tag","embeddable":true,"href":"https:\/\/imiapower.com\/vi\/wp-json\/wp\/v2\/product_tag?post=9717"}],"curies":[{"name":"trang web","href":"https:\/\/api.w.org\/{rel}","templated":true}]}}