{"id":9721,"date":"2025-09-01T07:03:40","date_gmt":"2025-09-01T07:03:40","guid":{"rendered":"https:\/\/imiapower.com\/?post_type=product&#038;p=9721"},"modified":"2025-09-08T00:27:02","modified_gmt":"2025-09-08T00:27:02","slug":"electrical-plug-types","status":"publish","type":"product","link":"https:\/\/imiapower.com\/vi\/products\/travel-adapter\/electrical-plug-types\/","title":{"rendered":"Lo\u1ea1i ph\u00edch c\u1eafm \u0111i\u1ec7n B\u1ed9 chuy\u1ec3n \u0111\u1ed5i du l\u1ecbch Hoa K\u1ef3 c\u00f3 s\u1ea1c nhanh PD 20W | USB-C &amp; USB-A | B\u1ed9 ngu\u1ed3n OEM\/ODM"},"content":{"rendered":"<ul>\n<li><strong>C\u00e1c lo\u1ea1i ph\u00edch c\u1eafm \u0111i\u1ec7n<\/strong><\/li>\n<li><strong>\u0110\u1ea7u v\u00e0o:<\/strong> T\u1ed1i \u0111a 100-250V 10A. T\u1ed1i \u0111a 2500W.<\/li>\n<li><strong>\u0110\u1ea7u ra:<\/strong> PD 20w<\/li>\n<li><strong>C\u1ed5ng s\u1ea1c:<\/strong> 2 c\u1ed5ng USB C v\u00e0 1 c\u1ed5ng USB A.<\/li>\n<li><strong>M\u00e0u s\u1eafc:<\/strong> Tr\u1eafng v\u00e0 \u0110en<\/li>\n<li><strong>C\u00e2n n\u1eb7ng:<\/strong> 95g<\/li>\n<li><strong>Nh\u1eadn x\u00e9t:<\/strong> B\u1ed9 chuy\u1ec3n \u0111\u1ed5i ph\u00edch c\u1eafm du l\u1ecbch t\u1eeb Th\u1ebf gi\u1edbi sang Hoa K\u1ef3<\/li>\n<\/ul>","protected":false},"excerpt":{"rendered":"<p data-start=\"1472\" data-end=\"1629\"><img fetchpriority=\"high\" decoding=\"async\" class=\"alignnone wp-image-9723 size-full\" src=\"https:\/\/imiapower.com\/wp-content\/uploads\/converted-2-13.webp\" alt=\"c\u00e1c lo\u1ea1i ph\u00edch c\u1eafm \u0111i\u1ec7n\" width=\"1200\" height=\"1200\" srcset=\"https:\/\/imiapower.com\/wp-content\/uploads\/converted-2-13.webp 1200w, https:\/\/imiapower.com\/wp-content\/uploads\/converted-2-13-300x300.webp 300w, https:\/\/imiapower.com\/wp-content\/uploads\/converted-2-13-1024x1024.webp 1024w, https:\/\/imiapower.com\/wp-content\/uploads\/converted-2-13-150x150.webp 150w, https:\/\/imiapower.com\/wp-content\/uploads\/converted-2-13-768x768.webp 768w, https:\/\/imiapower.com\/wp-content\/uploads\/converted-2-13-12x12.webp 12w, https:\/\/imiapower.com\/wp-content\/uploads\/converted-2-13-600x600.webp 600w, https:\/\/imiapower.com\/wp-content\/uploads\/converted-2-13-100x100.webp 100w, https:\/\/imiapower.com\/wp-content\/uploads\/converted-2-13-64x64.webp 64w\" sizes=\"(max-width: 1200px) 100vw, 1200px\" \/><\/p>\n<p data-start=\"863\" data-end=\"1160\">C\u00e1c lo\u1ea1i ph\u00edch c\u1eafm \u0111i\u1ec7n \u2013 B\u1ed9 chuy\u1ec3n \u0111\u1ed5i du l\u1ecbch t\u1eeb Th\u1ebf gi\u1edbi sang Hoa K\u1ef3 \u0111\u01b0\u1ee3c thi\u1ebft k\u1ebf cho c\u1ea3 nhu c\u1ea7u s\u1eed d\u1ee5ng c\u00e1 nh\u00e2n v\u00e0 c\u00e1c gi\u1ea3i ph\u00e1p cung c\u1ea5p \u0111i\u1ec7n B2B. B\u1ed9 chuy\u1ec3n \u0111\u1ed5i n\u00e0y h\u1ed7 tr\u1ee3 \u0111\u1ea7u v\u00e0o 100\u2013250V, 10A (t\u1ed1i \u0111a 2500W) v\u00e0 cung c\u1ea5p \u0111\u1ea7u ra s\u1ea1c nhanh PD 20W, v\u1edbi 2 c\u1ed5ng USB-C v\u00e0 1 c\u1ed5ng USB-A \u0111\u1ec3 s\u1ea1c nhi\u1ec1u thi\u1ebft b\u1ecb.<\/p>\n<p data-start=\"1162\" data-end=\"1457\">V\u1edbi tr\u1ecdng l\u01b0\u1ee3ng nh\u1eb9 95g v\u00e0 thi\u1ebft k\u1ebf nh\u1ecf g\u1ecdn, b\u1ed9 chuy\u1ec3n \u0111\u1ed5i n\u00e0y ho\u00e0n h\u1ea3o cho nh\u1eefng du kh\u00e1ch qu\u1ed1c t\u1ebf \u0111\u1ebfn Hoa K\u1ef3 ho\u1eb7c c\u00e1c khu v\u1ef1c s\u1eed d\u1ee5ng ph\u00edch c\u1eafm Type A\/B. C\u00f3 s\u1eb5n m\u00e0u tr\u1eafng v\u00e0 \u0111en, b\u1ed9 chuy\u1ec3n \u0111\u1ed5i n\u00e0y mang l\u1ea1i hi\u1ec7u su\u1ea5t \u0111\u00e1ng tin c\u1eady \u0111\u1ec3 s\u1ea1c \u0111i\u1ec7n tho\u1ea1i th\u00f4ng minh, m\u00e1y t\u00ednh b\u1ea3ng, m\u00e1y t\u00ednh x\u00e1ch tay v\u00e0 c\u00e1c thi\u1ebft b\u1ecb \u0111i\u1ec7n t\u1eed kh\u00e1c.<\/p>\n<p data-start=\"1459\" data-end=\"1583\">L\u00e0 nh\u00e0 cung c\u1ea5p \u0111i\u1ec7n v\u00e0 nh\u00e0 s\u1ea3n xu\u1ea5t ODM\/OEM, ch\u00fang t\u00f4i cung c\u1ea5p c\u00e1c gi\u1ea3i ph\u00e1p b\u1ed9 chuy\u1ec3n \u0111\u1ed5i ph\u00edch c\u1eafm t\u00f9y ch\u1ec9nh cho c\u00e1c ng\u00e0nh c\u00f4ng nghi\u1ec7p nh\u01b0:<\/p>\n<ul data-start=\"1584\" data-end=\"1868\">\n<li data-start=\"1584\" data-end=\"1650\">\n<p data-start=\"1586\" data-end=\"1650\">C\u00e1c th\u01b0\u01a1ng hi\u1ec7u \u0111i\u1ec7n t\u1eed ti\u00eau d\u00f9ng \u0111ang t\u00ecm ki\u1ebfm s\u1ea3n ph\u1ea9m nh\u00e3n hi\u1ec7u ri\u00eang<\/p>\n<\/li>\n<li data-start=\"1651\" data-end=\"1724\">\n<p data-start=\"1653\" data-end=\"1724\">C\u00e1c doanh nghi\u1ec7p l\u1eef h\u00e0nh v\u00e0 kh\u00e1ch s\u1ea1n cung c\u1ea5p gi\u1ea3i ph\u00e1p n\u0103ng l\u01b0\u1ee3ng cho kh\u00e1ch h\u00e0ng<\/p>\n<\/li>\n<li data-start=\"1725\" data-end=\"1792\">\n<p data-start=\"1727\" data-end=\"1792\">C\u00e1c nh\u00e0 ph\u00e2n ph\u1ed1i v\u00e0 b\u00e1n bu\u00f4n \u0111ang t\u00ecm ki\u1ebfm ngu\u1ed3n cung c\u1ea5p s\u1ed1 l\u01b0\u1ee3ng l\u1edbn<\/p>\n<\/li>\n<li data-start=\"1793\" data-end=\"1868\">\n<p data-start=\"1795\" data-end=\"1868\">C\u00e1c d\u1ef1 \u00e1n c\u00f4ng nghi\u1ec7p v\u00e0 th\u01b0\u01a1ng m\u1ea1i y\u00eau c\u1ea7u c\u00e1c thi\u1ebft b\u1ecb \u0111i\u1ec7n \u0111\u01b0\u1ee3c thi\u1ebft k\u1ebf ri\u00eang<\/p>\n<\/li>\n<\/ul>\n<p data-start=\"1870\" data-end=\"2009\">B\u1ed9 chuy\u1ec3n \u0111\u1ed5i ph\u00edch c\u1eafm du l\u1ecbch c\u1ee7a Hoa K\u1ef3 n\u00e0y kh\u00f4ng ch\u1ec9 l\u00e0 ph\u1ee5 ki\u1ec7n b\u00e1n l\u1ebb m\u00e0 c\u00f2n l\u00e0 thi\u1ebft b\u1ecb cung c\u1ea5p \u0111i\u1ec7n ODM c\u00f3 kh\u1ea3 n\u0103ng m\u1edf r\u1ed9ng cho th\u1ecb tr\u01b0\u1eddng to\u00e0n c\u1ea7u.<\/p>\n<p>&nbsp;<\/p>","protected":false},"featured_media":9722,"comment_status":"open","ping_status":"closed","template":"","meta":{"rank_math_lock_modified_date":false,"site-sidebar-layout":"default","site-content-layout":"","ast-site-content-layout":"default","site-content-style":"default","site-sidebar-style":"default","ast-global-header-display":"","ast-banner-title-visibility":"","ast-main-header-display":"","ast-hfb-above-header-display":"","ast-hfb-below-header-display":"","ast-hfb-mobile-header-display":"","site-post-title":"","ast-breadcrumbs-content":"","ast-featured-img":"","footer-sml-layout":"","ast-disable-related-posts":"","theme-transparent-header-meta":"default","adv-header-id-meta":"","stick-header-meta":"","header-above-stick-meta":"","header-main-stick-meta":"","header-below-stick-meta":"","astra-migrate-meta-layouts":"set","ast-page-background-enabled":"default","ast-page-background-meta":{"desktop":{"background-color":"","background-image":"","background-repeat":"repeat","background-position":"center center","background-size":"auto","background-attachment":"scroll","background-type":"","background-media":"","overlay-type":"","overlay-color":"","overlay-opacity":"","overlay-gradient":""},"tablet":{"background-color":"","background-image":"","background-repeat":"repeat","background-position":"center center","background-size":"auto","background-attachment":"scroll","background-type":"","background-media":"","overlay-type":"","overlay-color":"","overlay-opacity":"","overlay-gradient":""},"mobile":{"background-color":"","background-image":"","background-repeat":"repeat","background-position":"center center","background-size":"auto","background-attachment":"scroll","background-type":"","background-media":"","overlay-type":"","overlay-color":"","overlay-opacity":"","overlay-gradient":""}},"ast-content-background-meta":{"desktop":{"background-color":"var(--ast-global-color-5)","background-image":"","background-repeat":"repeat","background-position":"center center","background-size":"auto","background-attachment":"scroll","background-type":"","background-media":"","overlay-type":"","overlay-color":"","overlay-opacity":"","overlay-gradient":""},"tablet":{"background-color":"var(--ast-global-color-5)","background-image":"","background-repeat":"repeat","background-position":"center center","background-size":"auto","background-attachment":"scroll","background-type":"","background-media":"","overlay-type":"","overlay-color":"","overlay-opacity":"","overlay-gradient":""},"mobile":{"background-color":"var(--ast-global-color-5)","background-image":"","background-repeat":"repeat","background-position":"center center","background-size":"auto","background-attachment":"scroll","background-type":"","background-media":"","overlay-type":"","overlay-color":"","overlay-opacity":"","overlay-gradient":""}}},"product_cat":[64],"product_tag":[],"class_list":{"0":"post-9721","1":"product","2":"type-product","3":"status-publish","4":"has-post-thumbnail","6":"product_cat-travel-adapter","7":"desktop-align-center","8":"tablet-align-center","9":"mobile-align-center","11":"first","12":"instock","13":"shipping-taxable","14":"product-type-simple"},"_links":{"self":[{"href":"https:\/\/imiapower.com\/vi\/wp-json\/wp\/v2\/product\/9721","targetHints":{"allow":["GET"]}}],"collection":[{"href":"https:\/\/imiapower.com\/vi\/wp-json\/wp\/v2\/product"}],"about":[{"href":"https:\/\/imiapower.com\/vi\/wp-json\/wp\/v2\/types\/product"}],"replies":[{"embeddable":true,"href":"https:\/\/imiapower.com\/vi\/wp-json\/wp\/v2\/comments?post=9721"}],"version-history":[{"count":1,"href":"https:\/\/imiapower.com\/vi\/wp-json\/wp\/v2\/product\/9721\/revisions"}],"predecessor-version":[{"id":9724,"href":"https:\/\/imiapower.com\/vi\/wp-json\/wp\/v2\/product\/9721\/revisions\/9724"}],"wp:featuredmedia":[{"embeddable":true,"href":"https:\/\/imiapower.com\/vi\/wp-json\/wp\/v2\/media\/9722"}],"wp:attachment":[{"href":"https:\/\/imiapower.com\/vi\/wp-json\/wp\/v2\/media?parent=9721"}],"wp:term":[{"taxonomy":"product_cat","embeddable":true,"href":"https:\/\/imiapower.com\/vi\/wp-json\/wp\/v2\/product_cat?post=9721"},{"taxonomy":"product_tag","embeddable":true,"href":"https:\/\/imiapower.com\/vi\/wp-json\/wp\/v2\/product_tag?post=9721"}],"curies":[{"name":"trang web","href":"https:\/\/api.w.org\/{rel}","templated":true}]}}