{"id":9725,"date":"2025-09-02T00:15:46","date_gmt":"2025-09-02T00:15:46","guid":{"rendered":"https:\/\/imiapower.com\/?post_type=product&#038;p=9725"},"modified":"2025-09-03T00:46:43","modified_gmt":"2025-09-03T00:46:43","slug":"travel-adapter-for-high-power-appliances","status":"publish","type":"product","link":"https:\/\/imiapower.com\/vi\/products\/travel-adapter\/travel-adapter-for-high-power-appliances\/","title":{"rendered":"B\u1ed9 chuy\u1ec3n \u0111\u1ed5i du l\u1ecbch cho c\u00e1c thi\u1ebft b\u1ecb c\u00f4ng su\u1ea5t cao | T\u1ed1i \u0111a 2500W | 4 ph\u00edch c\u1eafm c\u00f3 th\u1ec3 th\u00e1o r\u1eddi (M\u1ef9\/Anh\/\u00dac\/EU) v\u1edbi s\u1ea1c nhanh PD 20W"},"content":{"rendered":"<ul>\n<li><strong>B\u1ed9 chuy\u1ec3n \u0111\u1ed5i du l\u1ecbch cho c\u00e1c thi\u1ebft b\u1ecb c\u00f4ng su\u1ea5t cao<\/strong><\/li>\n<li><strong>\u0110\u1ea7u v\u00e0o:<\/strong> T\u1ed1i \u0111a 100-250V 10A. T\u1ed1i \u0111a 2500W.<\/li>\n<li><strong>\u0110\u1ea7u ra:<\/strong> PD 20W, Hoa K\u1ef3 18W<\/li>\n<li><strong>C\u1ed5ng s\u1ea1c:<\/strong> 2 c\u1ed5ng USB C v\u00e0 1 c\u1ed5ng USB A.<\/li>\n<li><strong>M\u00e0u s\u1eafc:<\/strong> Tr\u1eafng v\u00e0 \u0110en<\/li>\n<li><b>Ph\u00edch c\u1eafm: Hoa K\u1ef3\/\u00dac\/Anh\/EU<\/b><\/li>\n<\/ul>","protected":false},"excerpt":{"rendered":"<p><img fetchpriority=\"high\" decoding=\"async\" class=\"alignnone wp-image-9728 size-full\" src=\"https:\/\/imiapower.com\/wp-content\/uploads\/converted-2-14.webp\" alt=\"b\u1ed9 chuy\u1ec3n \u0111\u1ed5i du l\u1ecbch cho c\u00e1c thi\u1ebft b\u1ecb c\u00f4ng su\u1ea5t cao\" width=\"960\" height=\"960\" srcset=\"https:\/\/imiapower.com\/wp-content\/uploads\/converted-2-14.webp 960w, https:\/\/imiapower.com\/wp-content\/uploads\/converted-2-14-300x300.webp 300w, https:\/\/imiapower.com\/wp-content\/uploads\/converted-2-14-150x150.webp 150w, https:\/\/imiapower.com\/wp-content\/uploads\/converted-2-14-768x768.webp 768w, https:\/\/imiapower.com\/wp-content\/uploads\/converted-2-14-12x12.webp 12w, https:\/\/imiapower.com\/wp-content\/uploads\/converted-2-14-600x600.webp 600w, https:\/\/imiapower.com\/wp-content\/uploads\/converted-2-14-100x100.webp 100w, https:\/\/imiapower.com\/wp-content\/uploads\/converted-2-14-64x64.webp 64w\" sizes=\"(max-width: 960px) 100vw, 960px\" \/> <img decoding=\"async\" class=\"alignnone wp-image-9729 size-full\" src=\"https:\/\/imiapower.com\/wp-content\/uploads\/converted-37.webp\" alt=\"b\u1ed9 chuy\u1ec3n \u0111\u1ed5i du l\u1ecbch cho c\u00e1c thi\u1ebft b\u1ecb c\u00f4ng su\u1ea5t cao\" width=\"850\" height=\"1553\" srcset=\"https:\/\/imiapower.com\/wp-content\/uploads\/converted-37.webp 850w, https:\/\/imiapower.com\/wp-content\/uploads\/converted-37-164x300.webp 164w, https:\/\/imiapower.com\/wp-content\/uploads\/converted-37-560x1024.webp 560w, https:\/\/imiapower.com\/wp-content\/uploads\/converted-37-768x1403.webp 768w, https:\/\/imiapower.com\/wp-content\/uploads\/converted-37-841x1536.webp 841w, https:\/\/imiapower.com\/wp-content\/uploads\/converted-37-7x12.webp 7w, https:\/\/imiapower.com\/wp-content\/uploads\/converted-37-600x1096.webp 600w, https:\/\/imiapower.com\/wp-content\/uploads\/converted-37-64x117.webp 64w\" sizes=\"(max-width: 850px) 100vw, 850px\" \/><\/p>\n<p data-start=\"916\" data-end=\"1272\">B\u1ed9 chuy\u1ec3n \u0111\u1ed5i du l\u1ecbch cho c\u00e1c thi\u1ebft b\u1ecb c\u00f4ng su\u1ea5t cao \u2013 l\u1ef1a ch\u1ecdn ho\u00e0n h\u1ea3o cho nh\u1eefng du kh\u00e1ch qu\u1ed1c t\u1ebf mang theo c\u00e1c thi\u1ebft b\u1ecb nh\u01b0 \u1ea5m \u0111un n\u01b0\u1edbc, dao c\u1ea1o, m\u00e1y s\u1ea5y t\u00f3c, m\u00e1y du\u1ed7i t\u00f3c, m\u00e1y \u1ea3nh v\u00e0 c\u00e1c thi\u1ebft b\u1ecb \u0111i\u1ec7n t\u1eed \u0111i\u1ec7n \u00e1p cao kh\u00e1c. B\u1ed9 chuy\u1ec3n \u0111\u1ed5i \u0111a n\u0103ng n\u00e0y h\u1ed7 tr\u1ee3 100\u2013250V, 10A, l\u00ean \u0111\u1ebfn 2500W, \u0111\u1ea3m b\u1ea3o an to\u00e0n v\u00e0 \u0111\u00e1ng tin c\u1eady cho c\u1ea3 c\u00e1c thi\u1ebft b\u1ecb \u0111i\u1ec7n t\u1eed h\u00e0ng ng\u00e0y v\u00e0 c\u00e1c thi\u1ebft b\u1ecb \u0111\u00f2i h\u1ecfi c\u00f4ng su\u1ea5t cao.<\/p>\n<p data-start=\"1274\" data-end=\"1380\">\u0110\u01b0\u1ee3c trang b\u1ecb 4 ph\u00edch c\u1eafm c\u00f3 th\u1ec3 th\u00e1o r\u1eddi (M\u1ef9, Anh, \u00dac, EU), \u0111\u1ea3m b\u1ea3o kh\u1ea3 n\u0103ng t\u01b0\u01a1ng th\u00edch \u1edf h\u01a1n 200 qu\u1ed1c gia:<\/p>\n<ul data-start=\"1381\" data-end=\"2005\">\n<li data-start=\"1381\" data-end=\"1552\">\n<p data-start=\"1383\" data-end=\"1552\">Ph\u00edch c\u1eafm Hoa K\u1ef3 \u2013 \u0111\u01b0\u1ee3c s\u1eed d\u1ee5ng r\u1ed9ng r\u00e3i \u1edf Hoa K\u1ef3, Canada, Nh\u1eadt B\u1ea3n, Mexico, Philippines, Panama, Colombia, Barbados, Guam, Haiti, Honduras, Jamaica, Lebanon, v.v.<\/p>\n<\/li>\n<li data-start=\"1553\" data-end=\"1681\">\n<p data-start=\"1555\" data-end=\"1681\">Ph\u00edch c\u1eafm AUS \u2013 ph\u1ed5 bi\u1ebfn \u1edf \u00dac, New Zealand, Argentina, Fiji, Ai C\u1eadp, Kiribati, Nauru, Latvia, Papua New Guinea, v.v.<\/p>\n<\/li>\n<li data-start=\"1682\" data-end=\"1811\">\n<p data-start=\"1684\" data-end=\"1811\">Ph\u00edch c\u1eafm Anh \u2013 \u0111\u01b0\u1ee3c s\u1eed d\u1ee5ng \u1edf V\u01b0\u01a1ng qu\u1ed1c Anh, UAE, Pakistan, Bhutan, Kenya, Botswana, Malawi, S\u00edp, Seychelles v\u00e0 nhi\u1ec1u qu\u1ed1c gia kh\u00e1c.<\/p>\n<\/li>\n<li data-start=\"1812\" data-end=\"2005\">\n<p data-start=\"1814\" data-end=\"2005\">Ph\u00edch c\u1eafm EU \u2013 ti\u00eau chu\u1ea9n \u1edf \u0110\u1ee9c, H\u00e0n Qu\u1ed1c, Vi\u1ec7t Nam, Nga, Brazil, Hy L\u1ea1p, Ph\u00e1p, Indonesia, Ph\u1ea7n Lan, Na Uy, Ba Lan, B\u1ed3 \u0110\u00e0o Nha, \u00c1o, T\u00e2y Ban Nha, Th\u1ee5y \u0110i\u1ec3n v\u00e0 h\u1ea7u h\u1ebft c\u00e1c n\u01b0\u1edbc ch\u00e2u \u00c2u.<\/p>\n<\/li>\n<\/ul>\n<p data-start=\"2007\" data-end=\"2206\">Ngo\u00e0i \u1ed5 c\u1eafm AC \u0111a n\u0103ng, b\u1ed9 chuy\u1ec3n \u0111\u1ed5i n\u00e0y c\u00f2n t\u00edch h\u1ee3p c\u00f4ng ngh\u1ec7 s\u1ea1c hi\u1ec7n \u0111\u1ea1i v\u1edbi c\u00f4ng su\u1ea5t \u0111\u1ea7u ra PD 20W v\u00e0 USB 18W, c\u00f9ng 2 c\u1ed5ng USB-C v\u00e0 1 c\u1ed5ng USB-A \u0111\u1ec3 s\u1ea1c nhanh nhi\u1ec1u thi\u1ebft b\u1ecb.<\/p>\n<p data-start=\"2208\" data-end=\"2403\">C\u00f3 s\u1eb5n m\u00e0u tr\u1eafng v\u00e0 \u0111en, b\u1ed9 chuy\u1ec3n \u0111\u1ed5i n\u00e0y k\u1ebft h\u1ee3p s\u1ee9c m\u1ea1nh, t\u00ednh linh ho\u1ea1t v\u00e0 t\u00ednh di \u0111\u1ed9ng\u2014ch\u1ec9 n\u1eb7ng 95g. \u0110\u00e2y l\u00e0 v\u1eadt d\u1ee5ng thi\u1ebft y\u1ebfu cho nh\u1eefng ng\u01b0\u1eddi \u0111i du l\u1ecbch kh\u1eafp th\u1ebf gi\u1edbi, \u0111i c\u00f4ng t\u00e1c v\u00e0 mua h\u00e0ng B2B.<\/p>\n<p data-start=\"2405\" data-end=\"2578\">L\u00e0 nh\u00e0 s\u1ea3n xu\u1ea5t b\u1ed9 ngu\u1ed3n, ch\u00fang t\u00f4i c\u0169ng cung c\u1ea5p d\u1ecbch v\u1ee5 t\u00f9y ch\u1ec9nh OEM\/ODM, cung c\u1ea5p b\u00e1n bu\u00f4n v\u00e0 x\u00e2y d\u1ef1ng th\u01b0\u01a1ng hi\u1ec7u ri\u00eang cho c\u00e1c nh\u00e0 ph\u00e2n ph\u1ed1i v\u00e0 kh\u00e1ch h\u00e0ng trong ng\u00e0nh tr\u00ean to\u00e0n th\u1ebf gi\u1edbi.<\/p>\n<p>&nbsp;<\/p>","protected":false},"featured_media":9727,"comment_status":"open","ping_status":"closed","template":"","meta":{"rank_math_lock_modified_date":false,"site-sidebar-layout":"default","site-content-layout":"","ast-site-content-layout":"default","site-content-style":"default","site-sidebar-style":"default","ast-global-header-display":"","ast-banner-title-visibility":"","ast-main-header-display":"","ast-hfb-above-header-display":"","ast-hfb-below-header-display":"","ast-hfb-mobile-header-display":"","site-post-title":"","ast-breadcrumbs-content":"","ast-featured-img":"","footer-sml-layout":"","ast-disable-related-posts":"","theme-transparent-header-meta":"default","adv-header-id-meta":"","stick-header-meta":"","header-above-stick-meta":"","header-main-stick-meta":"","header-below-stick-meta":"","astra-migrate-meta-layouts":"set","ast-page-background-enabled":"default","ast-page-background-meta":{"desktop":{"background-color":"","background-image":"","background-repeat":"repeat","background-position":"center center","background-size":"auto","background-attachment":"scroll","background-type":"","background-media":"","overlay-type":"","overlay-color":"","overlay-opacity":"","overlay-gradient":""},"tablet":{"background-color":"","background-image":"","background-repeat":"repeat","background-position":"center center","background-size":"auto","background-attachment":"scroll","background-type":"","background-media":"","overlay-type":"","overlay-color":"","overlay-opacity":"","overlay-gradient":""},"mobile":{"background-color":"","background-image":"","background-repeat":"repeat","background-position":"center center","background-size":"auto","background-attachment":"scroll","background-type":"","background-media":"","overlay-type":"","overlay-color":"","overlay-opacity":"","overlay-gradient":""}},"ast-content-background-meta":{"desktop":{"background-color":"var(--ast-global-color-5)","background-image":"","background-repeat":"repeat","background-position":"center center","background-size":"auto","background-attachment":"scroll","background-type":"","background-media":"","overlay-type":"","overlay-color":"","overlay-opacity":"","overlay-gradient":""},"tablet":{"background-color":"var(--ast-global-color-5)","background-image":"","background-repeat":"repeat","background-position":"center center","background-size":"auto","background-attachment":"scroll","background-type":"","background-media":"","overlay-type":"","overlay-color":"","overlay-opacity":"","overlay-gradient":""},"mobile":{"background-color":"var(--ast-global-color-5)","background-image":"","background-repeat":"repeat","background-position":"center center","background-size":"auto","background-attachment":"scroll","background-type":"","background-media":"","overlay-type":"","overlay-color":"","overlay-opacity":"","overlay-gradient":""}}},"product_cat":[64],"product_tag":[],"class_list":{"0":"post-9725","1":"product","2":"type-product","3":"status-publish","4":"has-post-thumbnail","6":"product_cat-travel-adapter","7":"desktop-align-center","8":"tablet-align-center","9":"mobile-align-center","11":"first","12":"instock","13":"shipping-taxable","14":"product-type-simple"},"_links":{"self":[{"href":"https:\/\/imiapower.com\/vi\/wp-json\/wp\/v2\/product\/9725","targetHints":{"allow":["GET"]}}],"collection":[{"href":"https:\/\/imiapower.com\/vi\/wp-json\/wp\/v2\/product"}],"about":[{"href":"https:\/\/imiapower.com\/vi\/wp-json\/wp\/v2\/types\/product"}],"replies":[{"embeddable":true,"href":"https:\/\/imiapower.com\/vi\/wp-json\/wp\/v2\/comments?post=9725"}],"version-history":[{"count":1,"href":"https:\/\/imiapower.com\/vi\/wp-json\/wp\/v2\/product\/9725\/revisions"}],"predecessor-version":[{"id":9730,"href":"https:\/\/imiapower.com\/vi\/wp-json\/wp\/v2\/product\/9725\/revisions\/9730"}],"wp:featuredmedia":[{"embeddable":true,"href":"https:\/\/imiapower.com\/vi\/wp-json\/wp\/v2\/media\/9727"}],"wp:attachment":[{"href":"https:\/\/imiapower.com\/vi\/wp-json\/wp\/v2\/media?parent=9725"}],"wp:term":[{"taxonomy":"product_cat","embeddable":true,"href":"https:\/\/imiapower.com\/vi\/wp-json\/wp\/v2\/product_cat?post=9725"},{"taxonomy":"product_tag","embeddable":true,"href":"https:\/\/imiapower.com\/vi\/wp-json\/wp\/v2\/product_tag?post=9725"}],"curies":[{"name":"trang web","href":"https:\/\/api.w.org\/{rel}","templated":true}]}}