{"id":9744,"date":"2025-10-16T08:56:34","date_gmt":"2025-10-16T08:56:34","guid":{"rendered":"https:\/\/imiapower.com\/?post_type=product&#038;p=9744"},"modified":"2025-10-16T08:56:35","modified_gmt":"2025-10-16T08:56:35","slug":"promotional-universal-power-adapters","status":"publish","type":"product","link":"https:\/\/imiapower.com\/vi\/products\/travel-adapter\/promotional-universal-power-adapters\/","title":{"rendered":"B\u1ed9 \u0111\u1ed5i ngu\u1ed3n \u0111a n\u0103ng khuy\u1ebfn m\u1ea1i 35W c\u00f3 USB &amp; Type-C"},"content":{"rendered":"<ul>\n<li><strong>B\u1ed9 \u0111\u1ed5i ngu\u1ed3n \u0111a n\u0103ng khuy\u1ebfn m\u1ea1i<\/strong><\/li>\n<li><strong>\u0110i\u1ec7n \u00e1p \u0111\u1ea7u v\u00e0o:<\/strong> 100~250V, 50\/60Hz<\/li>\n<li><strong> \u0110\u1ea7u ra AC:<\/strong> T\u1ed1i \u0111a 6 A<\/li>\n<li><strong>\u0110\u1ea7u ra lo\u1ea1i C1\/C2:<\/strong> 5V,3A 9V,3A 12V,2.91A 15V,2.33A 20V,1.75A (T\u1ed0I \u0110A 35W)<\/li>\n<li><strong>\u0110\u1ea7u ra USB:<\/strong> 5V 3A \/ 9V 2A \/ 12V 1.5A (T\u1ed1i \u0111a 18W)<\/li>\n<li><strong>\u0110\u1ea7u ra USB+Type-C:<\/strong> 5V3A (T\u1ed1i \u0111a 15W)<\/li>\n<li><strong>Ph\u00edch c\u1eafm:<\/strong> Hoa K\u1ef3, EU, Anh, \u00dac<\/li>\n<li><strong>Nguy\u00ean v\u1eadt li\u1ec7u:<\/strong> PC + Kim lo\u1ea1i \u0111\u1ed3ng<\/li>\n<li><strong>M\u00e0u s\u1eafc:<\/strong> \u0110en<\/li>\n<li><strong>Gi\u1ea5y ch\u1ee9ng nh\u1eadn:<\/strong> CE\/FCC\/RoHS<\/li>\n<\/ul>","protected":false},"excerpt":{"rendered":"<p><img fetchpriority=\"high\" decoding=\"async\" class=\"alignnone wp-image-9746 size-full\" src=\"https:\/\/imiapower.com\/wp-content\/uploads\/converted-38.webp\" alt=\"b\u1ed9 \u0111\u1ed5i ngu\u1ed3n \u0111a n\u0103ng khuy\u1ebfn m\u1ea1i\" width=\"1024\" height=\"1280\" srcset=\"https:\/\/imiapower.com\/wp-content\/uploads\/converted-38.webp 1024w, https:\/\/imiapower.com\/wp-content\/uploads\/converted-38-240x300.webp 240w, https:\/\/imiapower.com\/wp-content\/uploads\/converted-38-819x1024.webp 819w, https:\/\/imiapower.com\/wp-content\/uploads\/converted-38-768x960.webp 768w, https:\/\/imiapower.com\/wp-content\/uploads\/converted-38-10x12.webp 10w, https:\/\/imiapower.com\/wp-content\/uploads\/converted-38-600x750.webp 600w, https:\/\/imiapower.com\/wp-content\/uploads\/converted-38-64x80.webp 64w\" sizes=\"(max-width: 1024px) 100vw, 1024px\" \/><\/p>\n<p>&nbsp;<\/p>\n<p data-start=\"852\" data-end=\"1196\">B\u1ed9 \u0111\u1ed5i ngu\u1ed3n \u0111a n\u0103ng khuy\u1ebfn m\u1ea1i n\u00e0y l\u00e0 ph\u1ee5 ki\u1ec7n du l\u1ecbch b\u00e1n ch\u1ea1y nh\u1ea5t, \u0111\u01b0\u1ee3c thi\u1ebft k\u1ebf \u0111\u1ec3 t\u01b0\u01a1ng th\u00edch to\u00e0n c\u1ea7u t\u1ea1i h\u01a1n 200 qu\u1ed1c gia.<\/p>\n<p data-start=\"852\" data-end=\"1196\">C\u00f3 th\u1ec3 thay th\u1ebf ph\u00edch c\u1eafm c\u1ee7a M\u1ef9, EU, Anh v\u00e0 \u00dac, b\u1ed9 chuy\u1ec3n \u0111\u1ed5i n\u00e0y \u0111\u1ea3m b\u1ea3o s\u1ea1c \u0111\u00e1ng tin c\u1eady \u1edf m\u1ecdi n\u01a1i b\u1ea1n \u0111\u1ebfn.<\/p>\n<p data-start=\"1198\" data-end=\"1549\">\u0110\u01b0\u1ee3c ch\u1ebf t\u1ea1o b\u1eb1ng v\u1eadt li\u1ec7u PC + kim lo\u1ea1i \u0111\u1ed3ng, s\u1ea3n ph\u1ea9m k\u1ebft h\u1ee3p \u0111\u1ed9 b\u1ec1n, an to\u00e0n v\u00e0 thi\u1ebft k\u1ebf th\u1eddi trang.<\/p>\n<p data-start=\"1198\" data-end=\"1549\">B\u1ed9 chuy\u1ec3n \u0111\u1ed5i h\u1ed7 tr\u1ee3 s\u1ea1c nhanh th\u00f4ng qua \u0111\u1ea7u ra Type-C1\/C2 l\u00ean \u0111\u1ebfn 35W v\u00e0 c\u1ed5ng USB l\u00ean \u0111\u1ebfn 18W, l\u00fd t\u01b0\u1edfng cho \u0111i\u1ec7n tho\u1ea1i th\u00f4ng minh, m\u00e1y t\u00ednh b\u1ea3ng, m\u00e1y t\u00ednh x\u00e1ch tay v\u00e0 c\u00e1c thi\u1ebft b\u1ecb \u0111i\u1ec7n t\u1eed kh\u00e1c.<\/p>\n<p data-start=\"1198\" data-end=\"1549\">Khi s\u1eed d\u1ee5ng USB v\u00e0 Type-C c\u00f9ng nhau, s\u1ea3n ph\u1ea9m cung c\u1ea5p c\u00f4ng su\u1ea5t t\u1ed1i \u0111a l\u00e0 15W.<\/p>\n<p data-start=\"1198\" data-end=\"1549\">Ho\u00e0n h\u1ea3o cho qu\u00e0 t\u1eb7ng doanh nghi\u1ec7p, chi\u1ebfn d\u1ecbch qu\u1ea3ng c\u00e1o, b\u00e1n l\u1ebb du l\u1ecbch v\u00e0 qu\u00e0 t\u1eb7ng doanh nghi\u1ec7p, nh\u1eefng b\u1ed9 chuy\u1ec3n \u0111\u1ed5i ngu\u1ed3n \u0111i\u1ec7n ph\u1ed5 th\u00f4ng qu\u1ea3ng c\u00e1o n\u00e0y v\u1eeba thi\u1ebft th\u1ef1c, v\u1eeba h\u1ee3p th\u1eddi trang v\u00e0 t\u01b0\u01a1ng th\u00edch to\u00e0n c\u1ea7u.<\/p>","protected":false},"featured_media":9745,"comment_status":"open","ping_status":"closed","template":"","meta":{"rank_math_lock_modified_date":false,"site-sidebar-layout":"default","site-content-layout":"","ast-site-content-layout":"default","site-content-style":"default","site-sidebar-style":"default","ast-global-header-display":"","ast-banner-title-visibility":"","ast-main-header-display":"","ast-hfb-above-header-display":"","ast-hfb-below-header-display":"","ast-hfb-mobile-header-display":"","site-post-title":"","ast-breadcrumbs-content":"","ast-featured-img":"","footer-sml-layout":"","ast-disable-related-posts":"","theme-transparent-header-meta":"default","adv-header-id-meta":"","stick-header-meta":"","header-above-stick-meta":"","header-main-stick-meta":"","header-below-stick-meta":"","astra-migrate-meta-layouts":"set","ast-page-background-enabled":"default","ast-page-background-meta":{"desktop":{"background-color":"","background-image":"","background-repeat":"repeat","background-position":"center center","background-size":"auto","background-attachment":"scroll","background-type":"","background-media":"","overlay-type":"","overlay-color":"","overlay-opacity":"","overlay-gradient":""},"tablet":{"background-color":"","background-image":"","background-repeat":"repeat","background-position":"center center","background-size":"auto","background-attachment":"scroll","background-type":"","background-media":"","overlay-type":"","overlay-color":"","overlay-opacity":"","overlay-gradient":""},"mobile":{"background-color":"","background-image":"","background-repeat":"repeat","background-position":"center center","background-size":"auto","background-attachment":"scroll","background-type":"","background-media":"","overlay-type":"","overlay-color":"","overlay-opacity":"","overlay-gradient":""}},"ast-content-background-meta":{"desktop":{"background-color":"var(--ast-global-color-5)","background-image":"","background-repeat":"repeat","background-position":"center center","background-size":"auto","background-attachment":"scroll","background-type":"","background-media":"","overlay-type":"","overlay-color":"","overlay-opacity":"","overlay-gradient":""},"tablet":{"background-color":"var(--ast-global-color-5)","background-image":"","background-repeat":"repeat","background-position":"center center","background-size":"auto","background-attachment":"scroll","background-type":"","background-media":"","overlay-type":"","overlay-color":"","overlay-opacity":"","overlay-gradient":""},"mobile":{"background-color":"var(--ast-global-color-5)","background-image":"","background-repeat":"repeat","background-position":"center center","background-size":"auto","background-attachment":"scroll","background-type":"","background-media":"","overlay-type":"","overlay-color":"","overlay-opacity":"","overlay-gradient":""}}},"product_cat":[64],"product_tag":[],"class_list":{"0":"post-9744","1":"product","2":"type-product","3":"status-publish","4":"has-post-thumbnail","6":"product_cat-travel-adapter","7":"desktop-align-center","8":"tablet-align-center","9":"mobile-align-center","11":"first","12":"instock","13":"shipping-taxable","14":"product-type-simple"},"_links":{"self":[{"href":"https:\/\/imiapower.com\/vi\/wp-json\/wp\/v2\/product\/9744","targetHints":{"allow":["GET"]}}],"collection":[{"href":"https:\/\/imiapower.com\/vi\/wp-json\/wp\/v2\/product"}],"about":[{"href":"https:\/\/imiapower.com\/vi\/wp-json\/wp\/v2\/types\/product"}],"replies":[{"embeddable":true,"href":"https:\/\/imiapower.com\/vi\/wp-json\/wp\/v2\/comments?post=9744"}],"version-history":[{"count":3,"href":"https:\/\/imiapower.com\/vi\/wp-json\/wp\/v2\/product\/9744\/revisions"}],"predecessor-version":[{"id":9749,"href":"https:\/\/imiapower.com\/vi\/wp-json\/wp\/v2\/product\/9744\/revisions\/9749"}],"wp:featuredmedia":[{"embeddable":true,"href":"https:\/\/imiapower.com\/vi\/wp-json\/wp\/v2\/media\/9745"}],"wp:attachment":[{"href":"https:\/\/imiapower.com\/vi\/wp-json\/wp\/v2\/media?parent=9744"}],"wp:term":[{"taxonomy":"product_cat","embeddable":true,"href":"https:\/\/imiapower.com\/vi\/wp-json\/wp\/v2\/product_cat?post=9744"},{"taxonomy":"product_tag","embeddable":true,"href":"https:\/\/imiapower.com\/vi\/wp-json\/wp\/v2\/product_tag?post=9744"}],"curies":[{"name":"trang web","href":"https:\/\/api.w.org\/{rel}","templated":true}]}}