{"id":9750,"date":"2025-09-11T07:38:32","date_gmt":"2025-09-11T07:38:32","guid":{"rendered":"https:\/\/imiapower.com\/?post_type=product&#038;p=9750"},"modified":"2025-09-11T07:38:33","modified_gmt":"2025-09-11T07:38:33","slug":"universal-adapter-meaning","status":"publish","type":"product","link":"https:\/\/imiapower.com\/vi\/products\/travel-adapter\/universal-adapter-meaning\/","title":{"rendered":"Gi\u1ea3i th\u00edch \u00fd ngh\u0129a c\u1ee7a B\u1ed9 chuy\u1ec3n \u0111\u1ed5i \u0111a n\u0103ng \u2013 B\u1ed9 s\u1ea1c du l\u1ecbch \u0111a n\u0103ng m\u1ecfng"},"content":{"rendered":"<ul>\n<li><strong>\u00dd ngh\u0129a c\u1ee7a b\u1ed9 chuy\u1ec3n \u0111\u1ed5i ph\u1ed5 qu\u00e1t<\/strong><\/li>\n<li><strong>\u0110i\u1ec7n \u00e1p \u0111\u1ea7u v\u00e0o:<\/strong> 100~250V, 50\/60Hz<\/li>\n<li><strong> \u0110\u1ea7u ra AC:<\/strong> T\u1ed1i \u0111a 6 A<\/li>\n<li><strong>\u0110\u1ea7u ra lo\u1ea1i C1\/C2:<\/strong> 5V 3A \/ 9V 2.22A\/ 12V 1.67A ( T\u1ed1i \u0111a 20W)<\/li>\n<li><strong>\u0110\u1ea7u ra USB:<\/strong> 5V 3A \/ 9V 2A \/ 12V 1.5A (T\u1ed1i \u0111a 18W)<\/li>\n<li><strong>\u0110\u1ea7u ra USB+Type-C:<\/strong> 5V3A (T\u1ed1i \u0111a 15W)<\/li>\n<li><strong>Ph\u00edch c\u1eafm:<\/strong> Hoa K\u1ef3, EU, Anh, \u00dac<\/li>\n<li><strong>Nguy\u00ean v\u1eadt li\u1ec7u:<\/strong> PC + Kim lo\u1ea1i \u0111\u1ed3ng<\/li>\n<li><strong>M\u00e0u s\u1eafc:<\/strong> \u0110en<\/li>\n<li><strong>Gi\u1ea5y ch\u1ee9ng nh\u1eadn:<\/strong> CE\/FCC\/RoHS<\/li>\n<\/ul>","protected":false},"excerpt":{"rendered":"<p><img fetchpriority=\"high\" decoding=\"async\" class=\"alignnone wp-image-9751 size-full\" src=\"https:\/\/imiapower.com\/wp-content\/uploads\/converted-1-33.webp\" alt=\"\u00fd ngh\u0129a c\u1ee7a b\u1ed9 chuy\u1ec3n \u0111\u1ed5i ph\u1ed5 qu\u00e1t\" width=\"1024\" height=\"1280\" srcset=\"https:\/\/imiapower.com\/wp-content\/uploads\/converted-1-33.webp 1024w, https:\/\/imiapower.com\/wp-content\/uploads\/converted-1-33-240x300.webp 240w, https:\/\/imiapower.com\/wp-content\/uploads\/converted-1-33-819x1024.webp 819w, https:\/\/imiapower.com\/wp-content\/uploads\/converted-1-33-768x960.webp 768w, https:\/\/imiapower.com\/wp-content\/uploads\/converted-1-33-10x12.webp 10w, https:\/\/imiapower.com\/wp-content\/uploads\/converted-1-33-600x750.webp 600w, https:\/\/imiapower.com\/wp-content\/uploads\/converted-1-33-64x80.webp 64w\" sizes=\"(max-width: 1024px) 100vw, 1024px\" \/><\/p>\n<p>B\u1ed9 chuy\u1ec3n \u0111\u1ed5i \u0111a n\u0103ng ngh\u0129a l\u00e0 b\u1ed9 s\u1ea1c c\u00f3 th\u1ec3 ho\u1ea1t \u0111\u1ed9ng tr\u00ean to\u00e0n th\u1ebf gi\u1edbi, ph\u00f9 h\u1ee3p v\u1edbi nhi\u1ec1u lo\u1ea1i ph\u00edch c\u1eafm v\u00e0 nhu c\u1ea7u s\u1ea1c kh\u00e1c nhau.<\/p>\n<p>\u1ede \u0111\u00e2y b\u1ea1n th\u1ea5y m\u1ed9t b\u1ed9 chuy\u1ec3n \u0111\u1ed5i du l\u1ecbch \u0111a n\u0103ng m\u1ecfng, \u0111\u01b0\u1ee3c thi\u1ebft k\u1ebf v\u1edbi c\u00e1c ph\u00edch c\u1eafm c\u00f3 th\u1ec3 thay \u0111\u1ed5i (M\u1ef9, EU, Anh, \u00dac) \u0111\u1ec3 t\u01b0\u01a1ng th\u00edch to\u00e0n c\u1ea7u.<\/p>\n<p>S\u1ea3n ph\u1ea9m bao g\u1ed3m c\u1ed5ng s\u1ea1c nhanh USB v\u00e0 Type-C (l\u00ean \u0111\u1ebfn 20W), gi\u00fap cung c\u1ea5p n\u0103ng l\u01b0\u1ee3ng ho\u00e0n h\u1ea3o cho \u0111i\u1ec7n tho\u1ea1i th\u00f4ng minh, m\u00e1y t\u00ednh b\u1ea3ng v\u00e0 c\u00e1c thi\u1ebft b\u1ecb kh\u00e1c m\u1ed9t c\u00e1ch hi\u1ec7u qu\u1ea3.<\/p>\n<p>Thi\u1ebft k\u1ebf m\u1ecfng, nh\u1eb9 gi\u00fap b\u1ea1n d\u1ec5 d\u00e0ng mang theo trong t\u00fai ho\u1eb7c c\u1eb7p, l\u00fd t\u01b0\u1edfng cho nh\u1eefng ng\u01b0\u1eddi th\u01b0\u1eddng xuy\u00ean di chuy\u1ec3n.<\/p>\n<p>\u0110\u01b0\u1ee3c ch\u1ebf t\u1ea1o b\u1eb1ng v\u1eadt li\u1ec7u kim lo\u1ea1i PC + \u0111\u1ed3ng b\u1ec1n b\u1ec9 v\u00e0 \u0111\u01b0\u1ee3c ch\u1ee9ng nh\u1eadn CE\/FCC\/RoHS, \u0111\u1ea3m b\u1ea3o an to\u00e0n v\u00e0 hi\u1ec7u su\u1ea5t.<\/p>\n<p>\u0110\u1ed1i v\u1edbi c\u00e1c nh\u00e0 ph\u00e2n ph\u1ed1i v\u00e0 th\u01b0\u01a1ng hi\u1ec7u, ch\u00fang t\u00f4i c\u0169ng cung c\u1ea5p d\u1ecbch v\u1ee5 OEM\/ODM, cho ph\u00e9p t\u00f9y ch\u1ec9nh thi\u1ebft k\u1ebf, bao b\u00ec v\u00e0 x\u00e2y d\u1ef1ng th\u01b0\u01a1ng hi\u1ec7u \u0111\u1ec3 ph\u00f9 h\u1ee3p v\u1edbi nhu c\u1ea7u kinh doanh c\u1ee7a b\u1ea1n.<\/p>\n<p>&nbsp;<\/p>","protected":false},"featured_media":9752,"comment_status":"open","ping_status":"closed","template":"","meta":{"rank_math_lock_modified_date":false,"site-sidebar-layout":"default","site-content-layout":"","ast-site-content-layout":"default","site-content-style":"default","site-sidebar-style":"default","ast-global-header-display":"","ast-banner-title-visibility":"","ast-main-header-display":"","ast-hfb-above-header-display":"","ast-hfb-below-header-display":"","ast-hfb-mobile-header-display":"","site-post-title":"","ast-breadcrumbs-content":"","ast-featured-img":"","footer-sml-layout":"","ast-disable-related-posts":"","theme-transparent-header-meta":"default","adv-header-id-meta":"","stick-header-meta":"","header-above-stick-meta":"","header-main-stick-meta":"","header-below-stick-meta":"","astra-migrate-meta-layouts":"set","ast-page-background-enabled":"default","ast-page-background-meta":{"desktop":{"background-color":"","background-image":"","background-repeat":"repeat","background-position":"center center","background-size":"auto","background-attachment":"scroll","background-type":"","background-media":"","overlay-type":"","overlay-color":"","overlay-opacity":"","overlay-gradient":""},"tablet":{"background-color":"","background-image":"","background-repeat":"repeat","background-position":"center center","background-size":"auto","background-attachment":"scroll","background-type":"","background-media":"","overlay-type":"","overlay-color":"","overlay-opacity":"","overlay-gradient":""},"mobile":{"background-color":"","background-image":"","background-repeat":"repeat","background-position":"center center","background-size":"auto","background-attachment":"scroll","background-type":"","background-media":"","overlay-type":"","overlay-color":"","overlay-opacity":"","overlay-gradient":""}},"ast-content-background-meta":{"desktop":{"background-color":"var(--ast-global-color-5)","background-image":"","background-repeat":"repeat","background-position":"center center","background-size":"auto","background-attachment":"scroll","background-type":"","background-media":"","overlay-type":"","overlay-color":"","overlay-opacity":"","overlay-gradient":""},"tablet":{"background-color":"var(--ast-global-color-5)","background-image":"","background-repeat":"repeat","background-position":"center center","background-size":"auto","background-attachment":"scroll","background-type":"","background-media":"","overlay-type":"","overlay-color":"","overlay-opacity":"","overlay-gradient":""},"mobile":{"background-color":"var(--ast-global-color-5)","background-image":"","background-repeat":"repeat","background-position":"center center","background-size":"auto","background-attachment":"scroll","background-type":"","background-media":"","overlay-type":"","overlay-color":"","overlay-opacity":"","overlay-gradient":""}}},"product_cat":[64],"product_tag":[],"class_list":{"0":"post-9750","1":"product","2":"type-product","3":"status-publish","4":"has-post-thumbnail","6":"product_cat-travel-adapter","7":"desktop-align-center","8":"tablet-align-center","9":"mobile-align-center","11":"first","12":"instock","13":"shipping-taxable","14":"product-type-simple"},"_links":{"self":[{"href":"https:\/\/imiapower.com\/vi\/wp-json\/wp\/v2\/product\/9750","targetHints":{"allow":["GET"]}}],"collection":[{"href":"https:\/\/imiapower.com\/vi\/wp-json\/wp\/v2\/product"}],"about":[{"href":"https:\/\/imiapower.com\/vi\/wp-json\/wp\/v2\/types\/product"}],"replies":[{"embeddable":true,"href":"https:\/\/imiapower.com\/vi\/wp-json\/wp\/v2\/comments?post=9750"}],"version-history":[{"count":1,"href":"https:\/\/imiapower.com\/vi\/wp-json\/wp\/v2\/product\/9750\/revisions"}],"predecessor-version":[{"id":9753,"href":"https:\/\/imiapower.com\/vi\/wp-json\/wp\/v2\/product\/9750\/revisions\/9753"}],"wp:featuredmedia":[{"embeddable":true,"href":"https:\/\/imiapower.com\/vi\/wp-json\/wp\/v2\/media\/9752"}],"wp:attachment":[{"href":"https:\/\/imiapower.com\/vi\/wp-json\/wp\/v2\/media?parent=9750"}],"wp:term":[{"taxonomy":"product_cat","embeddable":true,"href":"https:\/\/imiapower.com\/vi\/wp-json\/wp\/v2\/product_cat?post=9750"},{"taxonomy":"product_tag","embeddable":true,"href":"https:\/\/imiapower.com\/vi\/wp-json\/wp\/v2\/product_tag?post=9750"}],"curies":[{"name":"trang web","href":"https:\/\/api.w.org\/{rel}","templated":true}]}}