{"id":9841,"date":"2026-01-05T08:57:43","date_gmt":"2026-01-05T08:57:43","guid":{"rendered":"https:\/\/imiapower.com\/?post_type=product&#038;p=9841"},"modified":"2026-01-05T08:58:24","modified_gmt":"2026-01-05T08:58:24","slug":"140w-macbook-charger-pd","status":"publish","type":"product","link":"https:\/\/imiapower.com\/vi\/products\/wall-charger\/140w-macbook-charger-pd\/","title":{"rendered":"B\u1ed9 s\u1ea1c MacBook 140W m\u1edbi nh\u1ea5t d\u00e0nh cho MacBook Pro 16 inch, iPad Pro, Samsung S23, t\u01b0\u01a1ng th\u00edch QC4.0+"},"content":{"rendered":"<ul>\n<li><strong>B\u1ed9 s\u1ea1c Macbook 140W<\/strong><\/li>\n<li><strong>\u0110\u1ea7u v\u00e0o:<\/strong>100-240VAC 50\/60HZ<\/li>\n<li><strong>\u0110\u1ea7u ra:<\/strong>5.1V 5A 9V 3A 12V 3A 15V 3A 20V 5A 28V 5A<\/li>\n<li><strong>K\u00edch th\u01b0\u1edbc:<\/strong>75*75*29MM<\/li>\n<li><strong>Thi\u1ebft k\u1ebf:<\/strong>M\u1edf ph\u00edch c\u1eafm USA &amp; ph\u00edch c\u1eafm EU<\/li>\n<li><strong>M\u00e0u s\u1eafc:<\/strong>\u0110en<\/li>\n<li><strong>Gi\u1ea5y ch\u1ee9ng nh\u1eadn:<\/strong>UL FCC CE CB UKCA<\/li>\n<li><strong>Th\u1eddi gian s\u1ea3n su\u1ea5t:<\/strong>30 ng\u00e0y<\/li>\n<li><strong>B\u1ea3o \u0111\u1ea3m:<\/strong>2 n\u0103m<\/li>\n<\/ul>","protected":false},"excerpt":{"rendered":"<p><span class=\"citation-43\">Cung c\u1ea5p c\u00f4ng su\u1ea5t \u0111\u1ea7u ra li\u00ean t\u1ee5c m\u1ea1nh m\u1ebd l\u00ean \u0111\u1ebfn 140W.<\/span>. <span class=\"citation-42\">H\u1ed7 tr\u1ee3 c\u1ea5u h\u00ecnh \u0111i\u1ec7n \u00e1p 28V\/5A m\u1edbi nh\u1ea5t c\u1ea7n thi\u1ebft cho vi\u1ec7c s\u1ea1c nhanh MacBook Pro 16 inch khi k\u1ebft h\u1ee3p v\u1edbi c\u00e1p E-Marker 140W.<\/span>.<\/p>\n<p><span class=\"citation-41\">S\u1ea1c nhanh \u0111a n\u0103ng:<\/span><span class=\"citation-41\"> Kh\u00f4ng ch\u1ec9 l\u00e0 m\u1ed9t <\/span><span class=\"citation-41\">B\u1ed9 s\u1ea1c MacBook 140W<\/span><span class=\"citation-41\">S\u1ea3n ph\u1ea9m n\u00e0y c\u00f3 kh\u1ea3 n\u0103ng t\u01b0\u01a1ng th\u00edch v\u1edbi nhi\u1ec1u giao th\u1ee9c kh\u00e1c nhau, bao g\u1ed3m PD3.1, PPS, QC4+, QC3.0, Samsung AFC, Huawei SCP\/FCP v\u00e0 MTK PE-2.0.<\/span>.<\/p>\n<p>\u0110i\u1ec1u ch\u1ec9nh c\u00f4ng su\u1ea5t th\u00f4ng minh: Ch\u1ee9c n\u0103ng AVS (Adjustable Voltage Supply) t\u00edch h\u1ee3p t\u1ef1 \u0111\u1ed9ng nh\u1eadn di\u1ec7n thi\u1ebft b\u1ecb v\u00e0 \u0111i\u1ec1u ch\u1ec9nh c\u00f4ng su\u1ea5t \u0111\u1ea7u ra. <span class=\"citation-40\">\u1ede ch\u1ebf \u0111\u1ed9 PPS, thi\u1ebft b\u1ecb \u0111i\u1ec1u ch\u1ec9nh \u0111i\u1ec7n \u00e1p theo t\u1eebng b\u01b0\u1edbc 20mV (5,02V-21V) \u0111\u1ec3 \u0111\u1ea1t hi\u1ec7u qu\u1ea3 s\u1ea1c t\u1ed1i \u01b0u.<\/span>.<\/p>\n<p><span class=\"citation-39\">An to\u00e0n to\u00e0n di\u1ec7n:<\/span><span class=\"citation-39\"> \u0110\u01b0\u1ee3c thi\u1ebft k\u1ebf v\u1edbi v\u1ecf PC b\u1ec1n ch\u1eafc (\u0111\u1ea1t chu\u1ea9n UL94 V-0)<\/span>. <span class=\"citation-38\">S\u1ea3n ph\u1ea9m t\u00edch h\u1ee3p nhi\u1ec1u h\u1ec7 th\u1ed1ng b\u1ea3o v\u1ec7, bao g\u1ed3m b\u1ea3o v\u1ec7 qu\u00e1 t\u1ea3i (t\u1ed1i \u0111a 180W) v\u00e0 b\u1ea3o v\u1ec7 ng\u1eafn m\u1ea1ch v\u1edbi ch\u1ee9c n\u0103ng t\u1ef1 ph\u1ee5c h\u1ed3i.<\/span>.<\/p>\n<p><span class=\"citation-37\">Kh\u1ea3 n\u0103ng t\u01b0\u01a1ng th\u00edch to\u00e0n c\u1ea7u:<\/span><span class=\"citation-37\"> H\u1ed7 tr\u1ee3 \u0111\u1ea7u v\u00e0o AC 100-240V 50\/60Hz<\/span>, khi\u1ebfn n\u00f3 tr\u1edf th\u00e0nh ng\u01b0\u1eddi b\u1ea1n \u0111\u1ed3ng h\u00e0nh l\u00fd t\u01b0\u1edfng khi \u0111i du l\u1ecbch. <span class=\"citation-36\">Thi\u1ebft k\u1ebf nh\u1ecf g\u1ecdn g\u1eafn t\u01b0\u1eddng gi\u00fap d\u1ec5 d\u00e0ng b\u1ecf v\u00e0o t\u00fai \u0111\u1ec3 s\u1eed d\u1ee5ng khi di chuy\u1ec3n.<\/span>.<\/p>","protected":false},"featured_media":9844,"comment_status":"open","ping_status":"closed","template":"","meta":{"rank_math_lock_modified_date":false,"site-sidebar-layout":"default","site-content-layout":"","ast-site-content-layout":"default","site-content-style":"default","site-sidebar-style":"default","ast-global-header-display":"","ast-banner-title-visibility":"","ast-main-header-display":"","ast-hfb-above-header-display":"","ast-hfb-below-header-display":"","ast-hfb-mobile-header-display":"","site-post-title":"","ast-breadcrumbs-content":"","ast-featured-img":"","footer-sml-layout":"","ast-disable-related-posts":"","theme-transparent-header-meta":"default","adv-header-id-meta":"","stick-header-meta":"","header-above-stick-meta":"","header-main-stick-meta":"","header-below-stick-meta":"","astra-migrate-meta-layouts":"set","ast-page-background-enabled":"default","ast-page-background-meta":{"desktop":{"background-color":"","background-image":"","background-repeat":"repeat","background-position":"center center","background-size":"auto","background-attachment":"scroll","background-type":"","background-media":"","overlay-type":"","overlay-color":"","overlay-opacity":"","overlay-gradient":""},"tablet":{"background-color":"","background-image":"","background-repeat":"repeat","background-position":"center center","background-size":"auto","background-attachment":"scroll","background-type":"","background-media":"","overlay-type":"","overlay-color":"","overlay-opacity":"","overlay-gradient":""},"mobile":{"background-color":"","background-image":"","background-repeat":"repeat","background-position":"center center","background-size":"auto","background-attachment":"scroll","background-type":"","background-media":"","overlay-type":"","overlay-color":"","overlay-opacity":"","overlay-gradient":""}},"ast-content-background-meta":{"desktop":{"background-color":"var(--ast-global-color-5)","background-image":"","background-repeat":"repeat","background-position":"center center","background-size":"auto","background-attachment":"scroll","background-type":"","background-media":"","overlay-type":"","overlay-color":"","overlay-opacity":"","overlay-gradient":""},"tablet":{"background-color":"var(--ast-global-color-5)","background-image":"","background-repeat":"repeat","background-position":"center center","background-size":"auto","background-attachment":"scroll","background-type":"","background-media":"","overlay-type":"","overlay-color":"","overlay-opacity":"","overlay-gradient":""},"mobile":{"background-color":"var(--ast-global-color-5)","background-image":"","background-repeat":"repeat","background-position":"center center","background-size":"auto","background-attachment":"scroll","background-type":"","background-media":"","overlay-type":"","overlay-color":"","overlay-opacity":"","overlay-gradient":""}}},"product_cat":[43],"product_tag":[],"class_list":{"0":"post-9841","1":"product","2":"type-product","3":"status-publish","4":"has-post-thumbnail","6":"product_cat-wall-charger","7":"desktop-align-center","8":"tablet-align-center","9":"mobile-align-center","11":"first","12":"instock","13":"shipping-taxable","14":"product-type-simple"},"_links":{"self":[{"href":"https:\/\/imiapower.com\/vi\/wp-json\/wp\/v2\/product\/9841","targetHints":{"allow":["GET"]}}],"collection":[{"href":"https:\/\/imiapower.com\/vi\/wp-json\/wp\/v2\/product"}],"about":[{"href":"https:\/\/imiapower.com\/vi\/wp-json\/wp\/v2\/types\/product"}],"replies":[{"embeddable":true,"href":"https:\/\/imiapower.com\/vi\/wp-json\/wp\/v2\/comments?post=9841"}],"version-history":[{"count":1,"href":"https:\/\/imiapower.com\/vi\/wp-json\/wp\/v2\/product\/9841\/revisions"}],"predecessor-version":[{"id":9845,"href":"https:\/\/imiapower.com\/vi\/wp-json\/wp\/v2\/product\/9841\/revisions\/9845"}],"wp:featuredmedia":[{"embeddable":true,"href":"https:\/\/imiapower.com\/vi\/wp-json\/wp\/v2\/media\/9844"}],"wp:attachment":[{"href":"https:\/\/imiapower.com\/vi\/wp-json\/wp\/v2\/media?parent=9841"}],"wp:term":[{"taxonomy":"product_cat","embeddable":true,"href":"https:\/\/imiapower.com\/vi\/wp-json\/wp\/v2\/product_cat?post=9841"},{"taxonomy":"product_tag","embeddable":true,"href":"https:\/\/imiapower.com\/vi\/wp-json\/wp\/v2\/product_tag?post=9841"}],"curies":[{"name":"trang web","href":"https:\/\/api.w.org\/{rel}","templated":true}]}}