{"id":9862,"date":"2026-01-06T08:19:21","date_gmt":"2026-01-06T08:19:21","guid":{"rendered":"https:\/\/imiapower.com\/?post_type=product&#038;p=9862"},"modified":"2026-01-09T01:54:43","modified_gmt":"2026-01-09T01:54:43","slug":"weldless-18650-battery-bank","status":"publish","type":"product","link":"https:\/\/imiapower.com\/vi\/products\/battery-bank\/weldless-18650-battery-bank\/","title":{"rendered":"B\u1ed9 pin d\u1ef1 ph\u00f2ng kh\u00f4ng c\u1ea7n h\u00e0n \u2013 B\u1ec1n ch\u1eafc, d\u1ec5 s\u1eeda ch\u1eefa v\u00e0 s\u1ea1c nhanh."},"content":{"rendered":"<ul>\n<li><strong>b\u1ed9 pin<\/strong><\/li>\n<li><strong>\u0110\u1ea7u ra:<\/strong>1 c\u1ed5ng USB-C + 2 c\u1ed5ng USB-A (5V, 9V, 12V, c\u00f4ng su\u1ea5t t\u1ed1i \u0111a 18W)<\/li>\n<li><strong>V\u1eadt li\u1ec7u:<\/strong>V\u1ecf in 3D ch\u1eafc ch\u1eafn + \u1ed1c v\u00edt TPU d\u1ebbo 95A<\/li>\n<li><strong>K\u00edch th\u01b0\u1edbc:<\/strong>Si\u00eau nh\u1ecf g\u1ecdn<\/li>\n<li><strong>S\u1ea1c nhanh:<\/strong>C\u00f4ng su\u1ea5t 18W hai chi\u1ec1u<\/li>\n<\/ul>","protected":false},"excerpt":{"rendered":"<p>T\u1ef1 ch\u1ebf t\u1ea1o b\u1ed9 pin d\u1ef1 tr\u1eef n\u0103ng l\u01b0\u1ee3ng cao m\u00e0 kh\u00f4ng c\u1ea7n m\u00e1y h\u00e0n \u0111i\u1ec3m.<\/p>\n<p>B\u1ed9 d\u1ee5ng c\u1ee5 t\u1ef1 l\u1eafp r\u00e1p s\u00e1ng t\u1ea1o n\u00e0y c\u00f3 thi\u1ebft k\u1ebf d\u1ea1ng m\u00f4-\u0111un ch\u1eafc ch\u1eafn, s\u1eed d\u1ee5ng c\u00f4ng ngh\u1ec7 s\u1ea1c nhanh hai chi\u1ec1u 18W \u0111\u1ea1t chu\u1ea9n IP5328P.<\/p>\n<p>S\u1ea3n ph\u1ea9m s\u1eed d\u1ee5ng \u1ed1c v\u00edt TPU d\u1ebbo \u0111\u1ed9c \u0111\u00e1o \u0111\u1ec3 t\u1ea1o ra c\u00e1c k\u1ebft n\u1ed1i ch\u1eafc ch\u1eafn, d\u1ef1a tr\u00ean \u00e1p l\u1ef1c cho pin 18650 ho\u1eb7c 21700. V\u1edbi 3 c\u1ed5ng (USB-C &amp; USB-A) v\u00e0 thi\u1ebft k\u1ebf d\u1ec5 b\u1ea3o tr\u00ec.<\/p>\n<p>\u0110\u00e2y l\u00e0 gi\u1ea3i ph\u00e1p ngu\u1ed3n \u0111i\u1ec7n t\u1ed1i \u01b0u d\u00e0nh cho nh\u1eefng ng\u01b0\u1eddi \u0111am m\u00ea ch\u1ebf t\u1ea1o v\u00e0 c\u00f4ng ngh\u1ec7.<\/p>","protected":false},"featured_media":9871,"comment_status":"open","ping_status":"closed","template":"","meta":{"rank_math_lock_modified_date":false,"site-sidebar-layout":"default","site-content-layout":"","ast-site-content-layout":"default","site-content-style":"default","site-sidebar-style":"default","ast-global-header-display":"","ast-banner-title-visibility":"","ast-main-header-display":"","ast-hfb-above-header-display":"","ast-hfb-below-header-display":"","ast-hfb-mobile-header-display":"","site-post-title":"","ast-breadcrumbs-content":"","ast-featured-img":"","footer-sml-layout":"","ast-disable-related-posts":"","theme-transparent-header-meta":"default","adv-header-id-meta":"","stick-header-meta":"","header-above-stick-meta":"","header-main-stick-meta":"","header-below-stick-meta":"","astra-migrate-meta-layouts":"set","ast-page-background-enabled":"default","ast-page-background-meta":{"desktop":{"background-color":"","background-image":"","background-repeat":"repeat","background-position":"center center","background-size":"auto","background-attachment":"scroll","background-type":"","background-media":"","overlay-type":"","overlay-color":"","overlay-opacity":"","overlay-gradient":""},"tablet":{"background-color":"","background-image":"","background-repeat":"repeat","background-position":"center center","background-size":"auto","background-attachment":"scroll","background-type":"","background-media":"","overlay-type":"","overlay-color":"","overlay-opacity":"","overlay-gradient":""},"mobile":{"background-color":"","background-image":"","background-repeat":"repeat","background-position":"center center","background-size":"auto","background-attachment":"scroll","background-type":"","background-media":"","overlay-type":"","overlay-color":"","overlay-opacity":"","overlay-gradient":""}},"ast-content-background-meta":{"desktop":{"background-color":"var(--ast-global-color-5)","background-image":"","background-repeat":"repeat","background-position":"center center","background-size":"auto","background-attachment":"scroll","background-type":"","background-media":"","overlay-type":"","overlay-color":"","overlay-opacity":"","overlay-gradient":""},"tablet":{"background-color":"var(--ast-global-color-5)","background-image":"","background-repeat":"repeat","background-position":"center center","background-size":"auto","background-attachment":"scroll","background-type":"","background-media":"","overlay-type":"","overlay-color":"","overlay-opacity":"","overlay-gradient":""},"mobile":{"background-color":"var(--ast-global-color-5)","background-image":"","background-repeat":"repeat","background-position":"center center","background-size":"auto","background-attachment":"scroll","background-type":"","background-media":"","overlay-type":"","overlay-color":"","overlay-opacity":"","overlay-gradient":""}}},"product_cat":[364],"product_tag":[],"class_list":{"0":"post-9862","1":"product","2":"type-product","3":"status-publish","4":"has-post-thumbnail","6":"product_cat-battery-bank","7":"desktop-align-center","8":"tablet-align-center","9":"mobile-align-center","11":"first","12":"instock","13":"shipping-taxable","14":"product-type-simple"},"_links":{"self":[{"href":"https:\/\/imiapower.com\/vi\/wp-json\/wp\/v2\/product\/9862","targetHints":{"allow":["GET"]}}],"collection":[{"href":"https:\/\/imiapower.com\/vi\/wp-json\/wp\/v2\/product"}],"about":[{"href":"https:\/\/imiapower.com\/vi\/wp-json\/wp\/v2\/types\/product"}],"replies":[{"embeddable":true,"href":"https:\/\/imiapower.com\/vi\/wp-json\/wp\/v2\/comments?post=9862"}],"version-history":[{"count":5,"href":"https:\/\/imiapower.com\/vi\/wp-json\/wp\/v2\/product\/9862\/revisions"}],"predecessor-version":[{"id":9869,"href":"https:\/\/imiapower.com\/vi\/wp-json\/wp\/v2\/product\/9862\/revisions\/9869"}],"wp:featuredmedia":[{"embeddable":true,"href":"https:\/\/imiapower.com\/vi\/wp-json\/wp\/v2\/media\/9871"}],"wp:attachment":[{"href":"https:\/\/imiapower.com\/vi\/wp-json\/wp\/v2\/media?parent=9862"}],"wp:term":[{"taxonomy":"product_cat","embeddable":true,"href":"https:\/\/imiapower.com\/vi\/wp-json\/wp\/v2\/product_cat?post=9862"},{"taxonomy":"product_tag","embeddable":true,"href":"https:\/\/imiapower.com\/vi\/wp-json\/wp\/v2\/product_tag?post=9862"}],"curies":[{"name":"trang web","href":"https:\/\/api.w.org\/{rel}","templated":true}]}}