{"id":9885,"date":"2026-01-23T02:04:30","date_gmt":"2026-01-23T02:04:30","guid":{"rendered":"https:\/\/imiapower.com\/?post_type=product&#038;p=9885"},"modified":"2026-01-23T02:04:30","modified_gmt":"2026-01-23T02:04:30","slug":"worldwide-travel-charger","status":"publish","type":"product","link":"https:\/\/imiapower.com\/vi\/products\/travel-adapter\/worldwide-travel-charger\/","title":{"rendered":"B\u1ed9 s\u1ea1c du l\u1ecbch \u0111a n\u0103ng to\u00e0n c\u1ea7u | Ph\u00edch c\u1eafm qu\u1ed1c t\u1ebf t\u00edch h\u1ee3p (M\u1ef9\/EU\/Anh\/\u00dac)"},"content":{"rendered":"<ul>\n<li><strong>B\u1ed9 s\u1ea1c du l\u1ecbch to\u00e0n c\u1ea7u<\/strong><\/li>\n<li><strong>\u0110i\u1ec7n \u00e1p \u0111\u1ea7u v\u00e0o:<\/strong> 100~250V, 50\/60Hz<\/li>\n<li><strong>C\u00f4ng su\u1ea5t \u0111\u1ecbnh m\u1ee9c:<\/strong> D\u00f2ng \u0111i\u1ec7n t\u1ed1i \u0111a 10A (1000W\/100V, 2500W\/250V)<\/li>\n<li><strong>T\u1ed5ng tr\u1ecdng l\u01b0\u1ee3ng:<\/strong> 150g<\/li>\n<li><strong>C\u00e1ch s\u1eed d\u1ee5ng:<\/strong> Ch\u1ec9 s\u1eed d\u1ee5ng trong nh\u00e0<\/li>\n<li><strong>N\u1ed1i \u0111\u1ea5t:<\/strong> Kh\u00f4ng c\u00f3 ti\u1ebfp \u0111\u1ea5t<\/li>\n<\/ul>\n<p>&nbsp;<\/p>","protected":false},"excerpt":{"rendered":"<p data-path-to-node=\"3\">K\u00edch th\u01b0\u1edbc nh\u1ecf g\u1ecdn, ph\u1ea1m vi ph\u1ee7 s\u00f3ng to\u00e0n c\u1ea7u: B\u1ed9 s\u1ea1c du l\u1ecbch to\u00e0n c\u1ea7u t\u1ed1i \u01b0u. Du l\u1ecbch nh\u1eb9 nh\u00e0ng v\u00e0 th\u00f4ng minh h\u01a1n. B\u1ed9 chuy\u1ec3n \u0111\u1ed5i s\u1ea1c du l\u1ecbch mini to\u00e0n c\u1ea7u n\u00e0y t\u00edch h\u1ee3p kh\u1ea3 n\u0103ng k\u1ebft n\u1ed1i to\u00e0n c\u1ea7u v\u00e0o m\u1ed9t thi\u1ebft k\u1ebf si\u00eau nh\u1ecf g\u1ecdn, gi\u00fap b\u1ea1n ti\u1ebft ki\u1ec7m kh\u00f4ng gian h\u00e0nh l\u00fd qu\u00fd gi\u00e1 m\u00e0 v\u1eabn \u0111\u1ea3m b\u1ea3o an to\u00e0n.<\/p>\n<ul data-path-to-node=\"4\">\n<li>\n<p data-path-to-node=\"4,0,0\">\ud83d\udccf <strong>Thi\u1ebft k\u1ebf si\u00eau nh\u1ecf g\u1ecdn: <\/strong>\u0110\u1eebng \u0111\u1ec3 nh\u1eefng b\u1ed9 chuy\u1ec3n \u0111\u1ed5i c\u1ed3ng k\u1ec1nh l\u00e0m b\u1ea1n v\u01b0\u1edbng v\u00edu. Thi\u1ebft k\u1ebf h\u00ecnh kh\u1ed1i nh\u1ecf g\u1ecdn c\u1ee7a ch\u00fang t\u00f4i d\u1ec5 d\u00e0ng b\u1ecf v\u1eeba v\u00e0o t\u00fai qu\u1ea7n ho\u1eb7c t\u00fai x\u00e1ch, tr\u1edf th\u00e0nh ng\u01b0\u1eddi b\u1ea1n \u0111\u1ed3ng h\u00e0nh l\u00fd t\u01b0\u1edfng cho nh\u1eefng chuy\u1ebfn du l\u1ecbch t\u1ed1i gi\u1ea3n.<\/p>\n<\/li>\n<li>\n<p data-path-to-node=\"4,1,0\">\u26a1 <strong>Gi\u1ea3i ph\u00e1p s\u1ea1c du l\u1ecbch to\u00e0n c\u1ea7u:<\/strong> M\u1eb7c d\u00f9 c\u00f3 k\u00edch th\u01b0\u1edbc nh\u1ecf g\u1ecdn, s\u1ea3n ph\u1ea9m n\u00e0y c\u00f3 th\u1ec3 s\u1eed d\u1ee5ng \u0111\u01b0\u1ee3c \u1edf h\u01a1n 150 qu\u1ed1c gia v\u1edbi c\u00e1c ph\u00edch c\u1eafm c\u00f3 th\u1ec3 thu g\u1ecdn c\u1ee7a M\u1ef9, Anh, EU v\u00e0 \u00dac.<\/p>\n<\/li>\n<li>\n<p data-path-to-node=\"4,2,0\">\ud83d\udee1\ufe0f <strong>\u0110\u1ea1t ch\u1ee9ng nh\u1eadn an to\u00e0n:<\/strong> Nh\u1ecf g\u1ecdn nh\u01b0ng m\u1ea1nh m\u1ebd. S\u1ea3n ph\u1ea9m \u0111\u00e1p \u1ee9ng c\u00e1c ti\u00eau chu\u1ea9n an to\u00e0n nghi\u00eam ng\u1eb7t (\u0110\u00e3 \u0111\u01b0\u1ee3c ki\u1ec3m nghi\u1ec7m theo ti\u00eau chu\u1ea9n UL 62368-1:2025) v\u1edbi c\u1eeda ch\u1edbp t\u00edch h\u1ee3p \u0111\u1ec3 \u0111\u1ea3m b\u1ea3o an to\u00e0n cho b\u1ea1n.<\/p>\n<\/li>\n<li>\n<p data-path-to-node=\"4,3,0\">\ud83d\udd0c <strong>Kh\u1ea3 n\u0103ng t\u01b0\u01a1ng th\u00edch to\u00e0n c\u1ea7u:<\/strong> V\u1ecf m\u00e1y nh\u1ecf g\u1ecdn n\u00e0y c\u00f3 \u1ed5 c\u1eafm \u0111a n\u0103ng, t\u01b0\u01a1ng th\u00edch v\u1edbi h\u1ea7u h\u1ebft c\u00e1c lo\u1ea1i ph\u00edch c\u1eafm tr\u00ean th\u1ebf gi\u1edbi.<\/p>\n<\/li>\n<\/ul>","protected":false},"featured_media":9888,"comment_status":"open","ping_status":"closed","template":"","meta":{"rank_math_lock_modified_date":false,"site-sidebar-layout":"default","site-content-layout":"","ast-site-content-layout":"default","site-content-style":"default","site-sidebar-style":"default","ast-global-header-display":"","ast-banner-title-visibility":"","ast-main-header-display":"","ast-hfb-above-header-display":"","ast-hfb-below-header-display":"","ast-hfb-mobile-header-display":"","site-post-title":"","ast-breadcrumbs-content":"","ast-featured-img":"","footer-sml-layout":"","ast-disable-related-posts":"","theme-transparent-header-meta":"default","adv-header-id-meta":"","stick-header-meta":"","header-above-stick-meta":"","header-main-stick-meta":"","header-below-stick-meta":"","astra-migrate-meta-layouts":"set","ast-page-background-enabled":"default","ast-page-background-meta":{"desktop":{"background-color":"","background-image":"","background-repeat":"repeat","background-position":"center center","background-size":"auto","background-attachment":"scroll","background-type":"","background-media":"","overlay-type":"","overlay-color":"","overlay-opacity":"","overlay-gradient":""},"tablet":{"background-color":"","background-image":"","background-repeat":"repeat","background-position":"center center","background-size":"auto","background-attachment":"scroll","background-type":"","background-media":"","overlay-type":"","overlay-color":"","overlay-opacity":"","overlay-gradient":""},"mobile":{"background-color":"","background-image":"","background-repeat":"repeat","background-position":"center center","background-size":"auto","background-attachment":"scroll","background-type":"","background-media":"","overlay-type":"","overlay-color":"","overlay-opacity":"","overlay-gradient":""}},"ast-content-background-meta":{"desktop":{"background-color":"var(--ast-global-color-5)","background-image":"","background-repeat":"repeat","background-position":"center center","background-size":"auto","background-attachment":"scroll","background-type":"","background-media":"","overlay-type":"","overlay-color":"","overlay-opacity":"","overlay-gradient":""},"tablet":{"background-color":"var(--ast-global-color-5)","background-image":"","background-repeat":"repeat","background-position":"center center","background-size":"auto","background-attachment":"scroll","background-type":"","background-media":"","overlay-type":"","overlay-color":"","overlay-opacity":"","overlay-gradient":""},"mobile":{"background-color":"var(--ast-global-color-5)","background-image":"","background-repeat":"repeat","background-position":"center center","background-size":"auto","background-attachment":"scroll","background-type":"","background-media":"","overlay-type":"","overlay-color":"","overlay-opacity":"","overlay-gradient":""}}},"product_cat":[64],"product_tag":[],"class_list":{"0":"post-9885","1":"product","2":"type-product","3":"status-publish","4":"has-post-thumbnail","6":"product_cat-travel-adapter","7":"desktop-align-center","8":"tablet-align-center","9":"mobile-align-center","11":"first","12":"instock","13":"shipping-taxable","14":"product-type-simple"},"_links":{"self":[{"href":"https:\/\/imiapower.com\/vi\/wp-json\/wp\/v2\/product\/9885","targetHints":{"allow":["GET"]}}],"collection":[{"href":"https:\/\/imiapower.com\/vi\/wp-json\/wp\/v2\/product"}],"about":[{"href":"https:\/\/imiapower.com\/vi\/wp-json\/wp\/v2\/types\/product"}],"replies":[{"embeddable":true,"href":"https:\/\/imiapower.com\/vi\/wp-json\/wp\/v2\/comments?post=9885"}],"version-history":[{"count":3,"href":"https:\/\/imiapower.com\/vi\/wp-json\/wp\/v2\/product\/9885\/revisions"}],"predecessor-version":[{"id":9891,"href":"https:\/\/imiapower.com\/vi\/wp-json\/wp\/v2\/product\/9885\/revisions\/9891"}],"wp:featuredmedia":[{"embeddable":true,"href":"https:\/\/imiapower.com\/vi\/wp-json\/wp\/v2\/media\/9888"}],"wp:attachment":[{"href":"https:\/\/imiapower.com\/vi\/wp-json\/wp\/v2\/media?parent=9885"}],"wp:term":[{"taxonomy":"product_cat","embeddable":true,"href":"https:\/\/imiapower.com\/vi\/wp-json\/wp\/v2\/product_cat?post=9885"},{"taxonomy":"product_tag","embeddable":true,"href":"https:\/\/imiapower.com\/vi\/wp-json\/wp\/v2\/product_tag?post=9885"}],"curies":[{"name":"trang web","href":"https:\/\/api.w.org\/{rel}","templated":true}]}}