{"id":9969,"date":"2026-02-05T09:19:40","date_gmt":"2026-02-05T09:19:40","guid":{"rendered":"https:\/\/imiapower.com\/?post_type=product&#038;p=9969"},"modified":"2026-02-05T09:19:40","modified_gmt":"2026-02-05T09:19:40","slug":"10w-qi-wireless-charger","status":"publish","type":"product","link":"https:\/\/imiapower.com\/vi\/products\/wireless-charger\/10w-qi-wireless-charger\/","title":{"rendered":"B\u1ed9 s\u1ea1c kh\u00f4ng d\u00e2y Qi t\u00edch h\u1ee3p \u0111\u00e8n ng\u1ee7, \u0111\u1ebf s\u1ea1c nhanh 10W cho iPhone v\u00e0 Android"},"content":{"rendered":"<ul>\n<li><strong>B\u1ed9 s\u1ea1c kh\u00f4ng d\u00e2y Qi<\/strong><\/li>\n<li><strong>\u0110\u1ea7u v\u00e0o:<\/strong> Micro-USB 5V\/3A 9V\/2A<\/li>\n<li><strong>\u0110\u1ea7u ra:<\/strong> 5W 7.5W 10W<\/li>\n<li><strong>K\u00edch c\u1ee1:<\/strong> 95,3*95,3*16,9mm<\/li>\n<li><strong>C\u00e2n n\u1eb7ng:<\/strong> 98g<\/li>\n<li><strong>D\u1eabn \u0111\u1ebfn:<\/strong> M\u00e0n tr\u00ecnh di\u1ec5n \u00e1nh s\u00e1ng LED m\u00e0u xanh lam trong 5 gi\u00e2y<\/li>\n<\/ul>","protected":false},"excerpt":{"rendered":"<p data-path-to-node=\"14,0,0\"><b data-path-to-node=\"14,0,0\" data-index-in-node=\"0\">Thi\u1ebft k\u1ebf 2 trong 1:<\/b> S\u1ef1 k\u1ebft h\u1ee3p ho\u00e0n h\u1ea3o gi\u1eefa b\u1ed9 s\u1ea1c kh\u00f4ng d\u00e2y Qi 10W v\u00e0 \u0111\u00e8n ng\u1ee7 LED d\u1ecbu nh\u1eb9.<\/p>\n<p data-path-to-node=\"14,1,0\"><b data-path-to-node=\"14,1,0\" data-index-in-node=\"0\">Kh\u1ea3 n\u0103ng t\u01b0\u01a1ng th\u00edch to\u00e0n c\u1ea7u:<\/b> Ho\u1ea1t \u0111\u1ed9ng ho\u00e0n h\u1ea3o v\u1edbi t\u1ea5t c\u1ea3 c\u00e1c \u0111i\u1ec7n tho\u1ea1i th\u00f4ng minh h\u1ed7 tr\u1ee3 s\u1ea1c kh\u00f4ng d\u00e2y Qi, bao g\u1ed3m d\u00f2ng iPhone 8-15, Samsung Galaxy v\u00e0 nhi\u1ec1u d\u00f2ng kh\u00e1c.<\/p>\n<p data-path-to-node=\"14,2,0\"><b data-path-to-node=\"14,2,0\" data-index-in-node=\"0\">S\u1ea1c nhanh th\u00f4ng minh:<\/b> Chip th\u00f4ng minh t\u00edch h\u1ee3p t\u1ef1 \u0111\u1ed9ng \u0111i\u1ec1u ch\u1ec9nh c\u00f4ng su\u1ea5t (5W\/7.5W\/10W) \u0111\u1ec3 b\u1ea3o v\u1ec7 pin thi\u1ebft b\u1ecb c\u1ee7a b\u1ea1n.<\/p>\n<p data-path-to-node=\"14,3,0\"><b data-path-to-node=\"14,3,0\" data-index-in-node=\"0\">Ki\u1ec3u d\u00e1ng \u0111\u1eb9p &amp; An to\u00e0n:<\/b> Thi\u1ebft k\u1ebf kim lo\u1ea1i cao c\u1ea5p v\u1edbi t\u00ednh n\u0103ng ph\u00e1t hi\u1ec7n v\u1eadt th\u1ec3 l\u1ea1 (FOD) v\u00e0 ki\u1ec3m so\u00e1t nhi\u1ec7t \u0111\u1ed9 gi\u00fap s\u1ea1c an to\u00e0n cho 100%.<\/p>","protected":false},"featured_media":9972,"comment_status":"open","ping_status":"closed","template":"","meta":{"rank_math_lock_modified_date":false,"site-sidebar-layout":"default","site-content-layout":"","ast-site-content-layout":"default","site-content-style":"default","site-sidebar-style":"default","ast-global-header-display":"","ast-banner-title-visibility":"","ast-main-header-display":"","ast-hfb-above-header-display":"","ast-hfb-below-header-display":"","ast-hfb-mobile-header-display":"","site-post-title":"","ast-breadcrumbs-content":"","ast-featured-img":"","footer-sml-layout":"","ast-disable-related-posts":"","theme-transparent-header-meta":"default","adv-header-id-meta":"","stick-header-meta":"","header-above-stick-meta":"","header-main-stick-meta":"","header-below-stick-meta":"","astra-migrate-meta-layouts":"set","ast-page-background-enabled":"default","ast-page-background-meta":{"desktop":{"background-color":"","background-image":"","background-repeat":"repeat","background-position":"center center","background-size":"auto","background-attachment":"scroll","background-type":"","background-media":"","overlay-type":"","overlay-color":"","overlay-opacity":"","overlay-gradient":""},"tablet":{"background-color":"","background-image":"","background-repeat":"repeat","background-position":"center center","background-size":"auto","background-attachment":"scroll","background-type":"","background-media":"","overlay-type":"","overlay-color":"","overlay-opacity":"","overlay-gradient":""},"mobile":{"background-color":"","background-image":"","background-repeat":"repeat","background-position":"center center","background-size":"auto","background-attachment":"scroll","background-type":"","background-media":"","overlay-type":"","overlay-color":"","overlay-opacity":"","overlay-gradient":""}},"ast-content-background-meta":{"desktop":{"background-color":"var(--ast-global-color-5)","background-image":"","background-repeat":"repeat","background-position":"center center","background-size":"auto","background-attachment":"scroll","background-type":"","background-media":"","overlay-type":"","overlay-color":"","overlay-opacity":"","overlay-gradient":""},"tablet":{"background-color":"var(--ast-global-color-5)","background-image":"","background-repeat":"repeat","background-position":"center center","background-size":"auto","background-attachment":"scroll","background-type":"","background-media":"","overlay-type":"","overlay-color":"","overlay-opacity":"","overlay-gradient":""},"mobile":{"background-color":"var(--ast-global-color-5)","background-image":"","background-repeat":"repeat","background-position":"center center","background-size":"auto","background-attachment":"scroll","background-type":"","background-media":"","overlay-type":"","overlay-color":"","overlay-opacity":"","overlay-gradient":""}}},"product_cat":[365],"product_tag":[],"class_list":{"0":"post-9969","1":"product","2":"type-product","3":"status-publish","4":"has-post-thumbnail","6":"product_cat-wireless-charger","7":"desktop-align-center","8":"tablet-align-center","9":"mobile-align-center","11":"first","12":"instock","13":"shipping-taxable","14":"product-type-simple"},"_links":{"self":[{"href":"https:\/\/imiapower.com\/vi\/wp-json\/wp\/v2\/product\/9969","targetHints":{"allow":["GET"]}}],"collection":[{"href":"https:\/\/imiapower.com\/vi\/wp-json\/wp\/v2\/product"}],"about":[{"href":"https:\/\/imiapower.com\/vi\/wp-json\/wp\/v2\/types\/product"}],"replies":[{"embeddable":true,"href":"https:\/\/imiapower.com\/vi\/wp-json\/wp\/v2\/comments?post=9969"}],"version-history":[{"count":1,"href":"https:\/\/imiapower.com\/vi\/wp-json\/wp\/v2\/product\/9969\/revisions"}],"predecessor-version":[{"id":9973,"href":"https:\/\/imiapower.com\/vi\/wp-json\/wp\/v2\/product\/9969\/revisions\/9973"}],"wp:featuredmedia":[{"embeddable":true,"href":"https:\/\/imiapower.com\/vi\/wp-json\/wp\/v2\/media\/9972"}],"wp:attachment":[{"href":"https:\/\/imiapower.com\/vi\/wp-json\/wp\/v2\/media?parent=9969"}],"wp:term":[{"taxonomy":"product_cat","embeddable":true,"href":"https:\/\/imiapower.com\/vi\/wp-json\/wp\/v2\/product_cat?post=9969"},{"taxonomy":"product_tag","embeddable":true,"href":"https:\/\/imiapower.com\/vi\/wp-json\/wp\/v2\/product_tag?post=9969"}],"curies":[{"name":"trang web","href":"https:\/\/api.w.org\/{rel}","templated":true}]}}